{"id":373410,"date":"2022-03-27T19:21:29","date_gmt":"2022-03-27T17:21:29","guid":{"rendered":"https:\/\/pglorieta.com\/mentions-legales\/"},"modified":"2022-10-23T11:34:07","modified_gmt":"2022-10-23T09:34:07","slug":"mentions-legales","status":"publish","type":"page","link":"https:\/\/pglorieta.com\/fr\/mentions-legales\/","title":{"rendered":"Mentions l\u00e9gales"},"content":{"rendered":"<p>[et_pb_section fb_built=\u00a0\u00bb1&Prime; fullwidth=\u00a0\u00bbon\u00a0\u00bb disabled_on=\u00a0\u00bbon|off|off\u00a0\u00bb _builder_version=\u00a0\u00bb4.16&Prime; background_enable_image=\u00a0\u00bboff\u00a0\u00bb custom_padding=\u00a0\u00bb|||\u00a0\u00bb global_colors_info=\u00a0\u00bb{}\u00a0\u00bb][et_pb_fullwidth_header text_orientation=\u00a0\u00bbcenter\u00a0\u00bb module_class=\u00a0\u00bbdct-header-title\u00a0\u00bb _builder_version=\u00a0\u00bb4.16&Prime; title_font=\u00a0\u00bb|700|||||||\u00a0\u00bb title_text_color=\u00a0\u00bbgcid-0a4b8514-58d9-4d28-81c8-4795182d86df\u00a0\u00bb content_font=\u00a0\u00bb||||||||\u00a0\u00bb background_enable_color=\u00a0\u00bboff\u00a0\u00bb background_image=\u00a0\u00bbhttps:\/\/pglorieta.com\/wp-content\/uploads\/2022\/03\/Impressum-AvisoLegal.jpg\u00a0\u00bb background_blend=\u00a0\u00bboverlay\u00a0\u00bb background_layout=\u00a0\u00bblight\u00a0\u00bb custom_padding=\u00a0\u00bb125px||||false|false\u00a0\u00bb custom_padding_tablet=\u00a0\u00bb\u00a0\u00bb custom_padding_phone=\u00a0\u00bb50px|||\u00a0\u00bb custom_padding_last_edited=\u00a0\u00bbon|phone\u00a0\u00bb title_font_size_tablet=\u00a0\u00bb\u00a0\u00bb title_font_size_phone=\u00a0\u00bb28px\u00a0\u00bb title_font_size_last_edited=\u00a0\u00bbon|desktop\u00a0\u00bb global_colors_info=\u00a0\u00bb{%22gcid-0a4b8514-58d9-4d28-81c8-4795182d86df%22:%91%22title_text_color%22%93}\u00a0\u00bb button_one_text_size__hover_enabled=\u00a0\u00bboff\u00a0\u00bb button_two_text_size__hover_enabled=\u00a0\u00bboff\u00a0\u00bb button_one_text_color__hover_enabled=\u00a0\u00bboff\u00a0\u00bb button_two_text_color__hover_enabled=\u00a0\u00bboff\u00a0\u00bb button_one_border_width__hover_enabled=\u00a0\u00bboff\u00a0\u00bb button_two_border_width__hover_enabled=\u00a0\u00bboff\u00a0\u00bb button_one_border_color__hover_enabled=\u00a0\u00bboff\u00a0\u00bb button_two_border_color__hover_enabled=\u00a0\u00bboff\u00a0\u00bb button_one_border_radius__hover_enabled=\u00a0\u00bboff\u00a0\u00bb button_two_border_radius__hover_enabled=\u00a0\u00bboff\u00a0\u00bb button_one_letter_spacing__hover_enabled=\u00a0\u00bboff\u00a0\u00bb button_two_letter_spacing__hover_enabled=\u00a0\u00bboff\u00a0\u00bb button_one_bg_color__hover_enabled=\u00a0\u00bboff\u00a0\u00bb button_two_bg_color__hover_enabled=\u00a0\u00bboff\u00a0\u00bb]<\/p>\n<h1 style=\"text-align: center;\"><\/h1>\n<h1 style=\"text-align: center;\"><\/h1>\n<h1 style=\"text-align: center;\"><\/h1>\n<h1><\/h1>\n<p>[\/et_pb_fullwidth_header][\/et_pb_section][et_pb_section fb_built=\u00a0\u00bb1&Prime; fullwidth=\u00a0\u00bbon\u00a0\u00bb _builder_version=\u00a0\u00bb4.16&Prime; _module_preset=\u00a0\u00bbdefault\u00a0\u00bb global_colors_info=\u00a0\u00bb{}\u00a0\u00bb][et_pb_fullwidth_header title=\u00a0\u00bbAVISO LEGALIMPRESSUM\/IMPRINT\u00a0\u00bb disabled_on=\u00a0\u00bboff|on|on\u00a0\u00bb _builder_version=\u00a0\u00bb4.16&Prime; _module_preset=\u00a0\u00bbdefault\u00a0\u00bb title_text_align=\u00a0\u00bbcenter\u00a0\u00bb global_colors_info=\u00a0\u00bb{}\u00a0\u00bb][\/et_pb_fullwidth_header][\/et_pb_section][et_pb_section fb_built=\u00a0\u00bb1&Prime; _builder_version=\u00a0\u00bb4.16&Prime; _module_preset=\u00a0\u00bbdefault\u00a0\u00bb global_colors_info=\u00a0\u00bb{}\u00a0\u00bb][et_pb_row column_structure=\u00a0\u00bb3_4,1_4&Prime; _builder_version=\u00a0\u00bb4.16&Prime; _module_preset=\u00a0\u00bbdefault\u00a0\u00bb global_colors_info=\u00a0\u00bb{}\u00a0\u00bb][et_pb_column type=\u00a0\u00bb3_4&Prime; _builder_version=\u00a0\u00bb4.16&Prime; _module_preset=\u00a0\u00bbdefault\u00a0\u00bb global_colors_info=\u00a0\u00bb{}\u00a0\u00bb][\/et_pb_column][et_pb_column type=\u00a0\u00bb1_4&Prime; _builder_version=\u00a0\u00bb4.16&Prime; _module_preset=\u00a0\u00bbdefault\u00a0\u00bb global_colors_info=\u00a0\u00bb{}\u00a0\u00bb][et_pb_text _builder_version=\u00a0\u00bb4.16&Prime; _module_preset=\u00a0\u00bbdefault\u00a0\u00bb text_font_size=\u00a0\u00bb10px\u00a0\u00bb global_colors_info=\u00a0\u00bb{}\u00a0\u00bb]<\/p>\n<p style=\"text-align: right;\">Photo : Sasa Kadrijevic -AdobeStock<\/p>\n<p>[\/et_pb_text][\/et_pb_column][\/et_pb_row][\/et_pb_section][et_pb_section fb_built=\u00a0\u00bb1&Prime; _builder_version=\u00a0\u00bb4.16&Prime; _module_preset=\u00a0\u00bbdefault\u00a0\u00bb global_colors_info=\u00a0\u00bb{}\u00a0\u00bb][et_pb_row _builder_version=\u00a0\u00bb4.16&Prime; _module_preset=\u00a0\u00bbdefault\u00a0\u00bb global_colors_info=\u00a0\u00bb{}\u00a0\u00bb][et_pb_column type=\u00a0\u00bb4_4&Prime; _builder_version=\u00a0\u00bb4.16&Prime; _module_preset=\u00a0\u00bbdefault\u00a0\u00bb global_colors_info=\u00a0\u00bb{}\u00a0\u00bb][et_pb_text _builder_version=\u00a0\u00bb4.18.0&Prime; _module_preset=\u00a0\u00bbdefault\u00a0\u00bb hover_enabled=\u00a0\u00bb0&Prime; global_colors_info=\u00a0\u00bb{}\u00a0\u00bb sticky_enabled=\u00a0\u00bb0&Prime;]<\/p>\n<h1 style=\"text-align: center;\">AVISO LEGAL  <\/h1>\n<p><span style=\"left: 47.2433px; top: 335.262px; font-size: 18.3333px; font-family: sans-serif; transform: scaleX(1.1466);\" role=\"presentation\" dir=\"ltr\">En cumplimiento del art. 10 de Ley 34\/2002, de 11 de julio, de servicios de la sociedad de la informaci\u00f3n y <\/span><span style=\"left: 47.2433px; top: 359.589px; font-size: 18.3333px; font-family: sans-serif; transform: scaleX(1.11873);\" role=\"presentation\" dir=\"ltr\">de comercio electr\u00f3nico, le informamos que el responsable de este sitio web es :<\/span><\/p>\n<p><br role=\"presentation\"><span style=\"left: 47.2433px; top: 426.651px; font-size: 18.3333px; font-family: sans-serif; transform: scaleX(1.23837);\" role=\"presentation\" dir=\"ltr\">IDENTIDAD :<\/span><span style=\"left: 156.272px; top: 426.651px; font-size: 18.3333px; font-family: sans-serif;\" role=\"presentation\" dir=\"ltr\"> <\/span><span style=\"left: 161.515px; top: 426.651px; font-size: 18.3333px; font-family: sans-serif; transform: scaleX(1.14073);\" role=\"presentation\" dir=\"ltr\">\u00ab\u00a0POLICLINICA GLORIETA S.L.\u00a0\u00bb<\/span><br role=\"presentation\"><span style=\"left: 47.2433px; top: 471.512px; font-size: 18.3333px; font-family: sans-serif; transform: scaleX(1.3);\" role=\"presentation\" dir=\"ltr\">C.I.F \/ N.I.F :<\/span><span style=\"left: 163.403px; top: 471.512px; font-size: 18.3333px; font-family: sans-serif;\" role=\"presentation\" dir=\"ltr\"> <\/span><span style=\"left: 168.647px; top: 471.512px; font-size: 18.3333px; font-family: sans-serif; transform: scaleX(1.12919);\" role=\"presentation\" dir=\"ltr\">B53800421<\/span><br role=\"presentation\"><span style=\"left: 47.2433px; top: 516.372px; font-size: 18.3333px; font-family: sans-serif; transform: scaleX(1.20882);\" role=\"presentation\" dir=\"ltr\">DOMICILIO :<\/span><span style=\"left: 152.99px; top: 516.372px; font-size: 18.3333px; font-family: sans-serif;\" role=\"presentation\" dir=\"ltr\"> <\/span><span style=\"left: 158.233px; top: 516.372px; font-size: 18.3333px; font-family: sans-serif; transform: scaleX(1.11951);\" role=\"presentation\" dir=\"ltr\">PARTIDA MADRIGUERES SUD 9, 03700 DENIA (ALICANTE)<\/span><br role=\"presentation\"><span style=\"left: 47.2433px; top: 561.234px; font-size: 18.3333px; font-family: sans-serif; transform: scaleX(1.24075);\" role=\"presentation\" dir=\"ltr\">TEL\u00c9FONO :<\/span><span style=\"left: 151.285px; top: 561.234px; font-size: 18.3333px; font-family: sans-serif;\" role=\"presentation\" dir=\"ltr\"> <\/span><span style=\"left: 156.528px; top: 561.234px; font-size: 18.3333px; font-family: sans-serif; transform: scaleX(1.12861);\" role=\"presentation\" dir=\"ltr\">965278800<\/span><br role=\"presentation\"><span style=\"left: 47.2433px; top: 606.094px; font-size: 18.3333px; font-family: sans-serif; transform: scaleX(1.22027);\" role=\"presentation\" dir=\"ltr\">E-MAIL :<\/span><span style=\"left: 117.79px; top: 606.094px; font-size: 18.3333px; font-family: sans-serif;\" role=\"presentation\" dir=\"ltr\"> <\/span><span style=\"left: 123.033px; top: 606.094px; font-size: 18.3333px; font-family: sans-serif; transform: scaleX(1.09735);\" role=\"presentation\" dir=\"ltr\">denia@pglorieta.com<\/span><br role=\"presentation\"><span style=\"left: 47.2433px; top: 650.956px; font-size: 18.3333px; font-family: sans-serif; transform: scaleX(1.30227);\" role=\"presentation\" dir=\"ltr\">DATOS REGISTRALES :<\/span><span style=\"left: 250.098px; top: 650.956px; font-size: 18.3333px; font-family: sans-serif;\" role=\"presentation\" dir=\"ltr\"> <\/span><span style=\"left: 255.442px; top: 650.956px; font-size: 18.3333px; font-family: sans-serif; transform: scaleX(1.1766);\" role=\"presentation\" dir=\"ltr\">Registro Mercantil de la provincia de ALICANTE, Tomo 2697, Folio 207, Secci\u00f3n<\/span><br role=\"presentation\"><span style=\"left: 47.2433px; top: 675.282px; font-size: 18.3333px; font-family: sans-serif; transform: scaleX(1.13618);\" role=\"presentation\" dir=\"ltr\">8\u00aa Hoja A-79149 I\/A 1<\/span><\/p>\n<p>&nbsp;<\/p>\n<h2 style=\"text-align: center;\">CONDICIONES GENERALES DE USO DE<\/h2>\n<p><a href=\"WWW.PGLORIETA.COM\">WWW.PGLORIETA.COM<\/a><\/p>\n<p>1\u00c8RE &#8211; OBJETO.<br \/>Las presentes condiciones generales de uso (en adelante CGU), regulan el acceso y el uso del Website bajo<br \/>el dominio WWW.PGLORIETA.COM(en adelante Site web), titularidad de \u00ab\u00a0POLICLINICA GLORIETA S.L\u00a0\u00bb (en<br \/>adelante POLICLINICA GLORIETA), puesto a disposici\u00f3n de los usuarios (en adelante Usuario\/s).<br \/>Ante cualquier duda o consulta relacionada con la utilizaci\u00f3n y acceso al Website o de las presentes CGU,<br \/>puede contactar con nosotros a trav\u00e9s de los datos de contacto publicados en el Aviso Legal.<\/p>\n<p>2.- CONFORMIDAD CON LAS PRESENTES CONDICIONES GENERALES.<br \/>La utilizaci\u00f3n del Website supone la aceptaci\u00f3n plena por elUsuario de las CGU vigentes en cada<br \/>momento en que el Usuario acceda al mismo. Por lo que \u00e9ste si no est\u00e1 de acuerdo con cualquiera de las<br \/>condiciones aqu\u00ed establecidas deber\u00e1 abstenerse de usar este Website.<br \/>En consecuencia, el Usuario debe leer con atenci\u00f3n las CGU cada vez que se proponga utilizar el Website.<br \/>En todo caso, POLICLINICA GLORIETA se reserva el derecho de modificar, sin previo aviso y en cualquier<br \/>momento las CGU. Asimismo, POLICLINICA GLORIETA se reserva el derecho de suspender, interrumpir o<br \/>dejar de operar el Website en cualquier momento.<br \/>Por \u00ab\u00a0utilizaci\u00f3n del Website\u00a0\u00bb, se entiende a todo Usuario que acceda y navegue por el Website<br \/>independientemente de que cumplimente los formularios de registro.<\/p>\n<p>3.- CONDICIONES DE ACCESO Y USO DEL WEBSITE Y DE SUS CONTENIDOS.<br \/>El acceso al Website y\/o a los Contenidos incluidos en el mismo no implica ning\u00fan tipo de garant\u00eda respecto<br \/>a la idoneidad del Website y\/o de los Contenidos incluidos en el mismo para fines particulares o espec\u00edficos<br \/>de los Usuarios.<br \/>POLICLINICA GLORIETA podr\u00e1 establecer limitaciones y\/o condiciones adicionales para el uso y\/o acceso<br \/>al Website y\/o a los Contenidos, las cuales deber\u00e1n ser observadas por los Usuarios en todo caso.<\/p>\n<p>3.1- Acceso y Uso del Website.<br \/>Salvo que se disponga otra cosa, el uso del Website tendr\u00e1 car\u00e1cter gratuito, sin perjuicio del coste de<br \/>conexi\u00f3n a trav\u00e9s de la correspondiente red de telecomunicaciones que tenga contratada el Usuario.<br \/>El Usuario reconoce ser mayor de dieciocho a\u00f1os, asimismo es consciente y acepta voluntaria y<br \/>expresamente que el uso del Website se realiza en todo caso bajo su \u00fanica y exclusiva responsabilidad.<br \/>El Usuario se obliga al cumplimiento de las CGU, as\u00ed como a cumplir las especiales advertencias o<br \/>instrucciones contenidas en el Website y a obrar siempre conforme a la ley, a las buenas costumbres y a<br \/>las exigencias de la buena fe, empleando su m\u00e1xima en atenci\u00f3n teniendo en cuenta la naturaleza y<br \/>contraprestaci\u00f3n del servicio del que disfruta. A tal efecto, se abstendr\u00e1 de utilizar el Website de cualquier<br \/>forma que pueda impedir, da\u00f1ar o deteriorar el normal funcionamiento del mismo, los bienes o derechos de<br \/>POLICLINICA GLORIETA, sus proveedores, sus distribuidores, el resto de Usuarios o en general de<br \/>cualquier tercero.<\/p>\n<p>Concretamente y sin que ello implique restricci\u00f3n alguna a la obligaci\u00f3n asumida por elUsuario con<br \/>car\u00e1cter general de conformidad con el apartado anterior, elUsuario se obliga en la utilizaci\u00f3n del<br \/>Site web :<\/p>\n<p>a) A no introducir, almacenar o difundir en o desde el Website, cualquier informaci\u00f3n o material que sea<br \/>difamatorio, injurioso, obsceno, amenazador, xen\u00f3fobo, pornogr\u00e1fico, de apolog\u00eda al terrorismo, incite a la<br \/>violencia, a la discriminaci\u00f3n por raz\u00f3n de raza, sexo, ideolog\u00eda, religi\u00f3n o que de cualquier forma atente<br \/>contra la forma, el orden p\u00fablico, los derechos fundamentales, las libertades p\u00fablicas, el honor, la intimidad<br \/>o la imagen de terceros y en general la normativa vigente.<br \/>b) A no introducir, almacenar o difundir mediante el Website ning\u00fan programa de ordenador, datos, virus,<br \/>c\u00f3digo, o cualquier otro instrumento o dispositivo electr\u00f3nico o f\u00edsico que sea susceptible de causar da\u00f1os<br \/>en el Website, en cualquiera de los servicios, o en cualquiera de los equipos, sistemas o redes de<br \/>POLICLINICA GLORIETA, de cualquier Usuario, de los Proveedores o Distribuidores dePOLICLINICA<br \/>GLORIETA o en general de cualquier tercero, capaz de causar cualquier tipo de alteraci\u00f3n o impedir el<br \/>normal funcionamiento de los mismos.<br \/>c) A no introducir, almacenar o difundir mediante el Website cualquier contenido que infrinja las normas de<br \/>propiedad intelectual, industrial o derechos de terceros, ni en g\u00e9n\u00e9ral ning\u00fan contenido del cual no<br \/>ostentara, de conformidad con la ley, el derecho a ponerlo a disposici\u00f3n de terceros.<\/p>\n<p>3.2- Acceso y Uso de los Contenidos.<br \/>Los Contenidos del Website son puestos a disposici\u00f3n del Usuario con informaci\u00f3n procedente tanto de<br \/>fuentes propias como de terceros.<br \/>POLICLINICA GLORIETA procura que los Contenidos sean de la mayor calidad posible y est\u00e9n<br \/>razonablemente actualizados, pero no garantiza la utilidad, exactitud, exhaustividad, pertinencia y\/o<br \/>actualidad de los Contenidos.<\/p>\n<p>4.- DERECHOS DE PROPIEDAD INTELECTUAL E INDUSTRIAL.<br \/>Mediante estas CGU no se cede ning\u00fan derecho de propiedad intelectual o industrial sobre el Website ni<br \/>sobre ninguno de sus elementos integrantes, quedando expresamente prohibidos alUsuario la<br \/>reproducci\u00f3n, transformaci\u00f3n, distribuci\u00f3n, comunicaci\u00f3n p\u00fablica, puesta a disposici\u00f3n, extracci\u00f3n,<br \/>reutilizaci\u00f3n, reenv\u00edo o la utilizaci\u00f3n de cualquier naturaleza, por cualquier medio o procedimiento, de<br \/>cualquiera de ellos, salvo en los casos en que est\u00e9 legalmente permitido o sea autorizado por el titular de<br \/>los correspondientes derechos.<br \/>El Usuario podr\u00e1 visualizar y obtener una copia privada temporal de los Contenidos para su exclusivo uso<br \/>personal y privado en sus sistemas inform\u00e1ticos (software y hardware), siempre que no sea con la finalidad<br \/>de desarrollar actividades de car\u00e1cter comercial o profesional. El Usuario deber\u00e1 abstenerse de obtener, o<br \/>intentar obtener, los Contenidos por medios o procedimientos distintos de los que en cada caso se hayan<br \/>puesto a su disposici\u00f3n o indicado al efecto o de los que se utilicen habitualmente en Internet (siempre que<br \/>estos \u00faltimos no entra\u00f1en un riesgo de da\u00f1o o inutilizaci\u00f3n del Website). ElUsuario deber\u00e1 respetar en<br \/>todo momento todos los derechos de propiedad intelectual e industrial sobre el Website, de titularidad de<br \/>POLICLINICA GLORIETA o de terceros.<\/p>\n<p>5.- EXCLUSI\u00d3N DE GARANT\u00cdAS Y RESPONSABILIDAD.<br \/>5.1.- Exclusi\u00f3n de Garant\u00edas y Responsabilidad por el Funcionamiento del Website.<br \/>POLICLINICA GLORIETA ne garantit pas la disponibilit\u00e9 et la continuit\u00e9 du fonctionnement du site web et de l&rsquo;application.<br \/>los servicios o Contenidos ofrecidos en el mismo, ni que el contenido existente en su Website se trouve<br \/>actualizado, quedando exonerado de toda responsabilidad por los da\u00f1os y perjuicios de cualquier<br \/>naturaleza que puedan originarse por tales circunstancias.<br \/>POLICLINICA GLORIETA llevar\u00e1 a cabo, siempre que no concurran circunstancias que lo hagan imposible<br \/>o de dif\u00edcil ejecuci\u00f3n y tan pronto tenga noticias de los errores, desconexiones y\/o falta de actualizaci\u00f3n de<br \/>los contenidos, todas aquellas labores tendentes a subsanar los errores, restablecer la comunicaci\u00f3n y\/o<br \/>actualizar los referidos contenidos.<br \/>Asimismo, POLICLINICA GLORIETA no garantiza ni la fiabilidad t\u00e9cnica de su website, ni el acceso a sus<br \/>distintas p\u00e1ginas, quedando de la misma forma exonerado de toda responsabilidad por los da\u00f1os y<br \/>perjuicios de cualquier naturaleza que puedan originarse por esta causa.<br \/>Adem\u00e1s, POLICLINICA GLORIETA no se hace responsable de los posibles errores o deficiencias d<br \/>seguridad que pudieran producirse por la utilizaci\u00f3n por parte del Usuario de un navegador de una versi\u00f3n<br \/>no actualizada o insegura en el navegador o de los da\u00f1os, errores o inexactitudes que pudieran derivarse<br \/>del mal funcionamiento del mismo.<br \/>Con el fin de disminuir el riesgo de introducci\u00f3n de virus en el Website, utiliza programas detecci\u00f3n de<br \/>virus para controlar todos los Contenidos que introduce en el Website. No obstante,POLICLINICA<br \/>GLORIETA ne garantit pas l&rsquo;absence de virus, ni d&rsquo;autres \u00e9l\u00e9ments sur le site web introduits par des tiers.<br \/>ajenos a POLICLINICA GLORIETA que puedan producir alteraciones en los sistemas f\u00edsicos o l\u00f3gicos de los<br \/>usuarios o en los documentos electr\u00f3nicos y ficheros almacenados en sus sistemas. En consecuencia<br \/>POLICLINICA GLORIETA no ser\u00e1 en ning\u00fan caso responsable de cualesquiera da\u00f1os y perjuicios de toda<br \/>naturaleza que pudieran derivarse de la presencia de virus u otros elementos que puedan producir<br \/>alteraciones en los sistemas f\u00edsicos o l\u00f3gicos, documentos electr\u00f3nicos o ficheros de los Usuarios.<br \/>POLICLINICA GLORIETA adopte diverses mesures de protection pour prot\u00e9ger le site web, les donn\u00e9es et l&rsquo;environnement.<br \/>recabados y los Contenidos contra ataques inform\u00e1ticos de terceros. No obstante,POLICLINICA<br \/>GLORIETA ne garantit pas que des tiers non autoris\u00e9s puissent avoir acc\u00e8s au type d&rsquo;utilisation ou de navigation du site.<br \/>Website que hace el Usuario o las condiciones, caracter\u00edsticas y circunstancias en las cuales se efect\u00faa. En<br \/>consecuencia, POLICLINICA GLORIETA no ser\u00e1 en ning\u00fan caso responsable de los da\u00f1os y perjuicios que<br \/>pudieran derivarse de dicho acceso no autorizado.<br \/>POLICLINICA GLORIETA no se har\u00e1 responsable en ning\u00fan caso del uso que los usuarios y\/o terceros<br \/>pudieran hacer del Website o los Contenidos, ni de los da\u00f1os y perjuicios que pudieran derivarse del<br \/>mismo.<\/p>\n<p>5.2.- Exclusi\u00f3n de Garant\u00edas y de Responsabilidad por los Contenidos.<br \/>POLICLINICA GLORIETA n&rsquo;\u00e9dite pas les contenus de tiers publi\u00e9s sur le site web et, en cons\u00e9quence,<br \/>no garantiza ni se hace responsable de la licitud, fiabilidad, utilidad, veracidad, exactitud, exhaustividad y<br \/>actualidad de dichos Contenidos, as\u00ed como tampoco de los Contenidos titularidad dePOLICLINICA<br \/>GLORIETA. POLICLINICA GLORIETA no ser\u00e1 en ning\u00fan caso responsable de cualesquiera da\u00f1os y<br \/>perjuicios que pudieran derivarse de : (i) la falta de licitud, veracidad, exactitud, exhaustividad y\/o<br \/>actualidad de los Contenidos originados por terceros y suyos propios ; (ii) la inadecuaci\u00f3n para cualquier<br \/>prop\u00f3sito y la defraudaci\u00f3n de las expectativas generadas por los Contenidos ; (iii) decisiones o acciones<br \/>tomadas o evitadas por parte del usuario confiando en la informaci\u00f3n o datos facilitados o proporcionados<br \/>en los Contenidos, incluyendo sin limitaci\u00f3n la p\u00e9rdida de beneficios u oportunidades empresariales.<\/p>\n<p>6.- HIPERENLACES.<br \/>Aquellas personas que se propongan establecer hiperenlaces entre su p\u00e1gina Web y el Website deber\u00e1n<br \/>observar y cumplir las condiciones siguientes :<br \/>i) No ser\u00e1 necesaria autorizaci\u00f3n previa cuando el Hiperenlace permita \u00fanicamente el acceso a la p\u00e1gina de<br \/>inicio del Website, pero no podr\u00e1 reproducirla de ninguna forma. Cualquier otra forma de Hiperenlace<br \/>requerir\u00e1 la autorizaci\u00f3n expresa e inequ\u00edvoca por escrito por parte de POLICLINICA GLORIETA.<br \/>ii) La p\u00e1gina Web en la que se establezca el Hiperenlace solo podr\u00e1 contener lo estrictamente necesario<br \/>para identificar el destino del Hiperenlace.<br \/>iii) La p\u00e1gina Web en la que se establezca el Hiperenlace no contendr\u00e1 informaciones o contenidos il\u00edcitos,<br \/>contrarios a la moral y a las buenas costumbres generalmente aceptadas y al orden p\u00fablico, as\u00ed como<br \/>tampoco contendr\u00e1 contenidos contrarios a cualesquiera derechos de terceros.<br \/>iv) POLICLINICA GLORIETA se reserva el derecho a bloquear los Hiperenlaces dirigidos al Website que no<br \/>cuenten con autorizaci\u00f3n expresa con car\u00e1cter previo aun cumpliendo con lo preceptuado en este punto de<br \/>las Condiciones Generales.<\/p>\n<p>7.- ACCIONES EN CASO DE INCUMPLIMIENTO.<br \/>POLICLINICA GLORIETA se reserva el derecho a ejercer cuantas acciones est\u00e9n disponibles en derecho<br \/>para exigir las responsabilidades que se deriven del incumplimiento de cualquiera de las disposiciones de<br \/>estas Condiciones Generales del Website por parte de un usuario.<\/p>\n<p>8.- NULIDAD PARCIAL.<br \/>La declaraci\u00f3n de cualquiera de las cl\u00e1usulas contenidas en estas Condiciones Generales como nula,<br \/>inv\u00e1lida o ineficaz no afectar\u00e1 a la validez o eficacia de las restantes, que seguir\u00e1n siendo vinculantes entre<br \/>las partes.<\/p>\n<p>9.- LEY APLICABLE Y JURISDICCI\u00d3N.<br \/>Las presentes CGU se regir\u00e1n por lo dispuesto en la legislaci\u00f3n espa\u00f1ola.<br \/>Cualquier controversia relativa a las condiciones de uso y acceso a este Website contenidas en el presente<br \/>documento de CGU del Website, las partes se someten, renunciando expresamente a cualquier otro fuero<br \/>que pudiera corresponderles, salvo que por imperativo legal se determine lo contrario, a los Juzgados de<br \/>D\u00e9nia.<\/p>\n<p>10.- NOTIFICACIONES.<br \/>A los efectos de practicar las oportunas notificaciones, POLICLINICA GLORIETA designa como domicilio de<br \/>contacto el especificado en el Aviso Legal.<br \/>El correo electr\u00f3nico facilitado por el Usuario durante el proceso de registro en el Website, ser\u00e1 el utilizado<br \/>por POLICLINICA GLORIETA a efectos de practicar notificaciones al Usuario.<br \/>El Usuario est\u00e1 obligado a mantener debidamente actualizados los datos que a efectos de notificaciones<br \/>se referencian en la presente cl\u00e1usula.<br \/>Todas las Notificaciones que efect\u00faePOLICLINICA GLORIETA al Usuario se considerar\u00e1n v\u00e1lidamente<br \/>efectuadas si se han realizado empleando los datos y a trav\u00e9s de los medios anteriormente se\u00f1alados.<br \/>POLICLINICA GLORIETA no se responsabiliza de cualquier perjuicio que pudiere producirse por la<br \/>vulneraci\u00f3n del Usuario de su obligaci\u00f3n de mantenimiento actualizado de sus datos de contacto.<\/p>\n<p>&nbsp;<\/p>\n<p>[\/et_pb_text][\/et_pb_column][\/et_pb_row][\/et_pb_section][et_pb_section fb_built=\u00a0\u00bb1&Prime; _builder_version=\u00a0\u00bb4.16&Prime; _module_preset=\u00a0\u00bbdefault\u00a0\u00bb global_colors_info=\u00a0\u00bb{}\u00a0\u00bb][et_pb_row _builder_version=\u00a0\u00bb4.16&Prime; _module_preset=\u00a0\u00bbdefault\u00a0\u00bb global_colors_info=\u00a0\u00bb{}\u00a0\u00bb][et_pb_column type=\u00a0\u00bb4_4&Prime; _builder_version=\u00a0\u00bb4.16&Prime; _module_preset=\u00a0\u00bbdefault\u00a0\u00bb global_colors_info=\u00a0\u00bb{}\u00a0\u00bb][et_pb_text disabled_on=\u00a0\u00bbon|off|off\u00a0\u00bb _builder_version=\u00a0\u00bb4.16&Prime; _module_preset=\u00a0\u00bbdefault\u00a0\u00bb text_font_size=\u00a0\u00bb10px\u00a0\u00bb custom_margin=\u00a0\u00bb-25px||||false|false\u00a0\u00bb global_colors_info=\u00a0\u00bb{}\u00a0\u00bb]<\/p>\n<p style=\"text-align: right;\">Photo : Sasa Kadrijevic &#8211; Adobe Stock<\/p>\n<p>[\/et_pb_text][\/et_pb_column][\/et_pb_row][\/et_pb_section]<\/p>\n","protected":false},"excerpt":{"rendered":"<p>Photo : Sasa Kadrijevic -AdobeStockAVISO LEGAL En cumplimiento del art. 10 de Ley 34\/2002, de 11 de julio, de servicios de la sociedad de la informaci\u00f3n y de comercio electr\u00f3nico, le informamos que el responsable de este sitio web es : IDENTIDAD : \u00ab\u00a0POLICLINICA GLORIETA S.L.\u00a0\u00bbC.I.F \/ N.I.F : B53800421DOMICILIO : PARTIDA MADRIGUERES SUD 9, [&hellip;]<\/p>\n","protected":false},"author":3,"featured_media":0,"parent":0,"menu_order":22,"comment_status":"closed","ping_status":"closed","template":"","meta":{"_et_pb_use_builder":"on","_et_pb_old_content":"","_et_gb_content_width":"","_glsr_average":0,"_glsr_ranking":0,"_glsr_reviews":0,"footnotes":""},"class_list":["post-373410","page","type-page","status-publish","hentry"],"_links":{"self":[{"href":"https:\/\/pglorieta.com\/fr\/wp-json\/wp\/v2\/pages\/373410","targetHints":{"allow":["GET"]}}],"collection":[{"href":"https:\/\/pglorieta.com\/fr\/wp-json\/wp\/v2\/pages"}],"about":[{"href":"https:\/\/pglorieta.com\/fr\/wp-json\/wp\/v2\/types\/page"}],"author":[{"embeddable":true,"href":"https:\/\/pglorieta.com\/fr\/wp-json\/wp\/v2\/users\/3"}],"replies":[{"embeddable":true,"href":"https:\/\/pglorieta.com\/fr\/wp-json\/wp\/v2\/comments?post=373410"}],"version-history":[{"count":3,"href":"https:\/\/pglorieta.com\/fr\/wp-json\/wp\/v2\/pages\/373410\/revisions"}],"predecessor-version":[{"id":374513,"href":"https:\/\/pglorieta.com\/fr\/wp-json\/wp\/v2\/pages\/373410\/revisions\/374513"}],"wp:attachment":[{"href":"https:\/\/pglorieta.com\/fr\/wp-json\/wp\/v2\/media?parent=373410"}],"curies":[{"name":"wp","href":"https:\/\/api.w.org\/{rel}","templated":true}]}}