{"id":373399,"date":"2022-05-11T15:00:21","date_gmt":"2022-05-11T13:00:21","guid":{"rendered":"https:\/\/pglorieta.com\/evaluations\/"},"modified":"2022-07-21T09:58:46","modified_gmt":"2022-07-21T07:58:46","slug":"evaluations","status":"publish","type":"page","link":"https:\/\/pglorieta.com\/fr\/evaluations\/","title":{"rendered":"\u00c9valuations"},"content":{"rendered":"<p>[et_pb_section fb_built=\u00a0\u00bb1&Prime; fullwidth=\u00a0\u00bbon\u00a0\u00bb disabled_on=\u00a0\u00bbon|off|off\u00a0\u00bb _builder_version=\u00a0\u00bb4.16&Prime; background_enable_image=\u00a0\u00bboff\u00a0\u00bb custom_padding=\u00a0\u00bb|||\u00a0\u00bb global_colors_info=\u00a0\u00bb{}\u00a0\u00bb][et_pb_fullwidth_header text_orientation=\u00a0\u00bbcenter\u00a0\u00bb background_overlay_color=\u00a0\u00bbRGBA(255,255,255,0)\u00a0\u00bb module_class=\u00a0\u00bbdct-header-title\u00a0\u00bb _builder_version=\u00a0\u00bb4.17.3&Prime; title_font=\u00a0\u00bb|700|||||||\u00a0\u00bb title_text_color=\u00a0\u00bbgcid-0a4b8514-58d9-4d28-81c8-4795182d86df\u00a0\u00bb content_font=\u00a0\u00bb||||||||\u00a0\u00bb background_enable_color=\u00a0\u00bboff\u00a0\u00bb background_image=\u00a0\u00bbhttps:\/\/pglorieta.com\/wp-content\/uploads\/2022\/05\/Neurologia-Denia.jpg\u00a0\u00bb background_blend=\u00a0\u00bboverlay\u00a0\u00bb background_layout=\u00a0\u00bblight\u00a0\u00bb custom_padding=\u00a0\u00bb125px|||120px|false|false\u00a0\u00bb custom_padding_tablet=\u00a0\u00bb\u00a0\u00bb custom_padding_phone=\u00a0\u00bb50px|||\u00a0\u00bb custom_padding_last_edited=\u00a0\u00bbon|phone\u00a0\u00bb title_font_size_tablet=\u00a0\u00bb\u00a0\u00bb title_font_size_phone=\u00a0\u00bb28px\u00a0\u00bb title_font_size_last_edited=\u00a0\u00bbon|desktop\u00a0\u00bb title_text_shadow_style=\u00a0\u00bbpreset5&Prime; title_text_shadow_color=\u00a0\u00bb#FFFFFF\u00a0\u00bb text_shadow_style=\u00a0\u00bbpreset3&Prime; text_shadow_color=\u00a0\u00bb#FFFFFF\u00a0\u00bb global_colors_info=\u00a0\u00bb{%22gcid-0a4b8514-58d9-4d28-81c8-4795182d86df%22:%91%22background_color%22,%22title_text_color%22%93}\u00a0\u00bb button_one_text_size__hover_enabled=\u00a0\u00bboff\u00a0\u00bb button_two_text_size__hover_enabled=\u00a0\u00bboff\u00a0\u00bb button_one_text_color__hover_enabled=\u00a0\u00bboff\u00a0\u00bb button_two_text_color__hover_enabled=\u00a0\u00bboff\u00a0\u00bb button_one_border_width__hover_enabled=\u00a0\u00bboff\u00a0\u00bb button_two_border_width__hover_enabled=\u00a0\u00bboff\u00a0\u00bb button_one_border_color__hover_enabled=\u00a0\u00bboff\u00a0\u00bb button_two_border_color__hover_enabled=\u00a0\u00bboff\u00a0\u00bb button_one_border_radius__hover_enabled=\u00a0\u00bboff\u00a0\u00bb button_two_border_radius__hover_enabled=\u00a0\u00bboff\u00a0\u00bb button_one_letter_spacing__hover_enabled=\u00a0\u00bboff\u00a0\u00bb button_two_letter_spacing__hover_enabled=\u00a0\u00bboff\u00a0\u00bb button_one_bg_color__hover_enabled=\u00a0\u00bboff\u00a0\u00bb button_two_bg_color__hover_enabled=\u00a0\u00bboff\u00a0\u00bb]<\/p>\n<h1 style=\"text-align: center;\"><\/h1>\n<p>&nbsp;<\/p>\n<h1 style=\"text-align: center;\">\u00c9valuations<\/h1>\n<h1><\/h1>\n<p>[\/et_pb_fullwidth_header][\/et_pb_section][et_pb_section fb_built=\u00a0\u00bb1&Prime; fullwidth=\u00a0\u00bbon\u00a0\u00bb _builder_version=\u00a0\u00bb4.16&Prime; _module_preset=\u00a0\u00bbdefault\u00a0\u00bb global_colors_info=\u00a0\u00bb{}\u00a0\u00bb][et_pb_fullwidth_header title=\u00a0\u00bb\u00c9valuations\u00a0\u00bb disabled_on=\u00a0\u00bboff|on|on\u00a0\u00bb _builder_version=\u00a0\u00bb4.16&Prime; _module_preset=\u00a0\u00bbdefault\u00a0\u00bb title_text_align=\u00a0\u00bbcenter\u00a0\u00bb global_colors_info=\u00a0\u00bb{}\u00a0\u00bb][\/et_pb_fullwidth_header][\/et_pb_section][et_pb_section fb_built=\u00a0\u00bb1&Prime; _builder_version=\u00a0\u00bb4.16&Prime; _module_preset=\u00a0\u00bbdefault\u00a0\u00bb global_colors_info=\u00a0\u00bb{}\u00a0\u00bb][et_pb_row _builder_version=\u00a0\u00bb4.16&Prime; _module_preset=\u00a0\u00bbdefault\u00a0\u00bb global_colors_info=\u00a0\u00bb{}\u00a0\u00bb][et_pb_column type=\u00a0\u00bb4_4&Prime; _builder_version=\u00a0\u00bb4.16&Prime; _module_preset=\u00a0\u00bbdefault\u00a0\u00bb global_colors_info=\u00a0\u00bb{}\u00a0\u00bb][et_pb_text disabled_on=\u00a0\u00bbon|off|off\u00a0\u00bb _builder_version=\u00a0\u00bb4.16&Prime; _module_preset=\u00a0\u00bbdefault\u00a0\u00bb text_font_size=\u00a0\u00bb10px\u00a0\u00bb custom_margin=\u00a0\u00bb-25px||||false|false\u00a0\u00bb global_colors_info=\u00a0\u00bb{}\u00a0\u00bb]<\/p>\n<p style=\"text-align: right;\">Photo : visivascnc &#8211; Adobe Stock<\/p>\n<p>[\/et_pb_text][\/et_pb_column][\/et_pb_row][\/et_pb_section][et_pb_section fb_built=\u00a0\u00bb1&Prime; make_equal=\u00a0\u00bbon\u00a0\u00bb use_custom_gutter=\u00a0\u00bbon\u00a0\u00bb gutter_width=\u00a0\u00bb2&Prime; specialty=\u00a0\u00bbon\u00a0\u00bb _builder_version=\u00a0\u00bb4.16&Prime; global_colors_info=\u00a0\u00bb{}\u00a0\u00bb][et_pb_column type=\u00a0\u00bb1_2&Prime; specialty_columns=\u00a0\u00bb2&Prime; _builder_version=\u00a0\u00bb4.16&Prime; custom_padding=\u00a0\u00bb|||\u00a0\u00bb global_colors_info=\u00a0\u00bb{}\u00a0\u00bb parallax__hover=\u00a0\u00bboff\u00a0\u00bb parallax_method__hover=\u00a0\u00bbon\u00a0\u00bb custom_padding__hover=\u00a0\u00bb|||\u00a0\u00bb][et_pb_row_inner _builder_version=\u00a0\u00bb4.16&Prime; global_colors_info=\u00a0\u00bb{}\u00a0\u00bb][et_pb_column_inner saved_specialty_column_type=\u00a0\u00bb1_2&Prime; _builder_version=\u00a0\u00bb4.16&Prime; custom_padding=\u00a0\u00bb|||\u00a0\u00bb global_colors_info=\u00a0\u00bb{}\u00a0\u00bb parallax__hover=\u00a0\u00bboff\u00a0\u00bb parallax_method__hover=\u00a0\u00bbon\u00a0\u00bb custom_padding__hover=\u00a0\u00bb|||\u00a0\u00bb][et_pb_text _builder_version=\u00a0\u00bb4.17.3&Prime; text_font=\u00a0\u00bb||||||||\u00a0\u00bb header_font=\u00a0\u00bb||||||||\u00a0\u00bb header_text_align=\u00a0\u00bbcenter\u00a0\u00bb header_2_font=\u00a0\u00bb|700||on|||||\u00a0\u00bb header_2_text_color=\u00a0\u00bbgcid-0a4b8514-58d9-4d28-81c8-4795182d86df\u00a0\u00bb header_2_font_size=\u00a0\u00bb30px\u00a0\u00bb text_orientation=\u00a0\u00bbcenter\u00a0\u00bb custom_margin=\u00a0\u00bb|||\u00a0\u00bb global_colors_info=\u00a0\u00bb{%22gcid-0a4b8514-58d9-4d28-81c8-4795182d86df%22:%91%22header_2_text_color%22%93}\u00a0\u00bb]<\/p>\n<div class=\"dct-title clearfix\">\n<h2 class=\"hadding\">Votre \u00e9valuation pour nous<\/h2>\n<p>Nous voulons encore nous am\u00e9liorer !<\/p>\n<\/div>\n<p>[\/et_pb_text][et_pb_text _builder_version=\u00a0\u00bb4.17.3&Prime; _module_preset=\u00a0\u00bbdefault\u00a0\u00bb global_colors_info=\u00a0\u00bb{}\u00a0\u00bb]<\/p>\n<p>Votre avis nous est pr\u00e9cieux, car nous voulons nous am\u00e9liorer chaque jour pour vous !<\/p>\n<p>C&rsquo;est pourquoi nous sommes heureux que vous nous \u00e9valuiez. Vous pouvez le faire via <a href=\"https:\/\/info.pglorieta.com\/google\" target=\"_blank\" rel=\"noopener\">Google<\/a> (pour cela, vous devez disposer d&rsquo;un compte Googlemail), via <a href=\"https:\/\/www.facebook.com\/pglorieta\" target=\"_blank\" rel=\"noopener\">Facebook<\/a> (pour cela, vous devez disposer d&rsquo;un compte Facebook) ou directement ici sur cette page en utilisant le formulaire ci-contre. Si vous avez des questions, nous sommes \u00e0 votre disposition !<\/p>\n<p>[\/et_pb_text][\/et_pb_column_inner][\/et_pb_row_inner][\/et_pb_column][et_pb_column type=\u00a0\u00bb1_2&Prime; _builder_version=\u00a0\u00bb4.16&Prime; custom_padding=\u00a0\u00bb|||\u00a0\u00bb global_colors_info=\u00a0\u00bb{}\u00a0\u00bb parallax__hover=\u00a0\u00bboff\u00a0\u00bb parallax_method__hover=\u00a0\u00bbon\u00a0\u00bb custom_padding__hover=\u00a0\u00bb|||\u00a0\u00bb][et_pb_code _builder_version=\u00a0\u00bb4.17.3&Prime; _module_preset=\u00a0\u00bbdefault\u00a0\u00bb global_colors_info=\u00a0\u00bb{}\u00a0\u00bb]<div class=\"glsr glsr-divi\" id=\"glsr_7128e34f\" data-from='shortcode' data-shortcode='site_reviews_form' data-assigned_posts='372309,372337,372340,373399'><div class=\"glsr-form-wrap et_pb_contact\">\n    <form class=\"glsr-review-form glsr-form et_pb_contact_form\" id=\"\" method=\"post\" enctype=\"multipart\/form-data\">\n        <input class=\"input\" name=\"site-reviews[_action]\" type=\"hidden\" value=\"submit-review\"><input class=\"input\" name=\"site-reviews[_nonce]\" type=\"hidden\" value=\"29993c2d7c\"><input class=\"input\" name=\"site-reviews[_post_id]\" type=\"hidden\" value=\"373399\"><input class=\"input\" name=\"site-reviews[_referer]\" type=\"hidden\" value=\"\/fr\/wp-json\/wp\/v2\/pages\/373399\"><input class=\"input\" name=\"site-reviews[assigned_posts]\" type=\"hidden\" value=\"372309,372337,372340,373399\"><input class=\"input\" name=\"site-reviews[assigned_terms]\" type=\"hidden\" value=\"\"><input class=\"input\" name=\"site-reviews[assigned_users]\" type=\"hidden\" value=\"\"><input class=\"input\" name=\"site-reviews[excluded]\" type=\"hidden\" value=\"\"><input class=\"input\" name=\"site-reviews[form_id]\" type=\"hidden\" value=\"\"><input class=\"input\" name=\"site-reviews[terms_exist]\" type=\"hidden\" value=\"1\"><div class=\"glsr-field et_pb_contact_field\" style=\"display:none;\"><label class=\"glsr-label et_pb_contact_form_label glsr-label-text\" for=\"site-reviews-baa0431c-\"><span>Ihre Bewertung<\/span><\/label><input class=\"glsr-input glsr-input-text input\" id=\"site-reviews-baa0431c-\" name=\"site-reviews[baa0431c]\" type=\"text\" value=\"\"><\/div><p class=\"glsr-field et_pb_contact_field glsr-field-rating glsr-required\" data-field=\"rating\" data-type=\"rating\">\n    <label class=\"glsr-label et_pb_contact_form_label glsr-label-rating\" for=\"site-reviews-rating-glsr_7128e34f\"><span>Ihre Gesamtbewertung<\/span><\/label>\n    <select class=\"glsr-select browser-default no_wrap no-wrap et_pb_contact_select input\" id=\"site-reviews-rating-glsr_7128e34f\" name=\"site-reviews[rating]\" required><option selected value=\"\">W\u00e4hlen Sie eine Bewertung aus<\/option><option value=\"5\">5 \u00e9toiles<\/option><option value=\"4\">4 \u00e9toiles<\/option><option value=\"3\">3 \u00e9toiles<\/option><option value=\"2\">2 \u00e9toiles<\/option><option value=\"1\">1 \u00e9toile<\/option><\/select>\n    <span class=\"glsr-field-error\"><\/span>\n<\/p><p class=\"glsr-field et_pb_contact_field glsr-field-text glsr-required\" data-field=\"title\" data-type=\"text\">\n    <label class=\"glsr-label et_pb_contact_form_label glsr-label-text\" for=\"site-reviews-title-glsr_7128e34f\"><span>Titel Ihrer Bewertung<\/span><\/label>\n    <input class=\"glsr-input glsr-input-text input\" id=\"site-reviews-title-glsr_7128e34f\" name=\"site-reviews[title]\" type=\"text\" placeholder=\"Die \u00dcberschrift Ihrer Bewertung\" required value=\"\">\n    <span class=\"glsr-field-error\"><\/span>\n<\/p><p class=\"glsr-field et_pb_contact_field glsr-field-textarea glsr-required\" data-field=\"content\" data-type=\"textarea\">\n    <label class=\"glsr-label et_pb_contact_form_label glsr-label-textarea\" for=\"site-reviews-content-glsr_7128e34f\"><span>Ihre Bewertung<\/span><\/label>\n    <textarea class=\"glsr-textarea et_pb_contact_message input\" id=\"site-reviews-content-glsr_7128e34f\" name=\"site-reviews[content]\" placeholder=\"Erz\u00e4hlen Sie anderen von Ihrer Erfahrung\" rows=\"5\" required><\/textarea>\n    <span class=\"glsr-field-error\"><\/span>\n<\/p><p class=\"glsr-field et_pb_contact_field glsr-field-text glsr-required\" data-field=\"name\" data-type=\"text\">\n    <label class=\"glsr-label et_pb_contact_form_label glsr-label-text\" for=\"site-reviews-name-glsr_7128e34f\"><span>Ihr Name<\/span><\/label>\n    <input class=\"glsr-input glsr-input-text input\" id=\"site-reviews-name-glsr_7128e34f\" name=\"site-reviews[name]\" type=\"text\" placeholder=\"Ihr Name\" required value=\"\">\n    <span class=\"glsr-field-error\"><\/span>\n<\/p><p class=\"glsr-field et_pb_contact_field glsr-field-email glsr-required\" data-field=\"email\" data-type=\"email\">\n    <label class=\"glsr-label et_pb_contact_form_label glsr-label-email\" for=\"site-reviews-email-glsr_7128e34f\"><span>Ihre E-Mail<\/span><\/label>\n    <input class=\"glsr-input glsr-input-email input\" id=\"site-reviews-email-glsr_7128e34f\" name=\"site-reviews[email]\" type=\"email\" placeholder=\"Ihre E-Mail-Adresse\" required value=\"\">\n    <span class=\"glsr-field-error\"><\/span>\n<\/p><p class=\"glsr-field et_pb_contact_field glsr-field-choice glsr-required\" data-field=\"terms\" data-type=\"toggle\">\n    <span class=\"et_pb_contact_field_options_wrapper\">\n        <span class=\"et_pb_contact_field_options_title\">\n            \n        <\/span>\n        <span class=\"et_pb_contact_field_options_list\">\n            <span class=\"glsr-field-toggle\">\n    <span class=\"glsr-toggle\">\n        <label for=\"site-reviews-terms-glsr_7128e34f-1\">Diese Bewertung basiert auf meiner pers\u00f6nlichen Erfahrung und entspricht meiner eigenen Meinung.<\/label>\n        <span class=\"glsr-toggle-switch\">\n            <input class=\"glsr-input-toggle input\" id=\"site-reviews-terms-glsr_7128e34f-1\" name=\"site-reviews[terms]\" type=\"checkbox\" value=\"1\" required> &#8203; <!-- zero-space character used for alignment -->\n            <span class=\"glsr-toggle-track\"><\/span>\n        <\/span>\n    <\/span>\n<\/span>\n        <\/span>\n        <span class=\"glsr-field-error\"><\/span>\n    <\/span>\n<\/p>\n        <div class=\"et_contact_bottom_container\" data-field=\"submit-button\">\n    <button type=\"submit\" class=\"glsr-button et_pb_contact_submit et_pb_button\" \n        aria-busy=\"false\"\n        data-loading=\"Submitting, please wait...\" \n    >Geben Sie Ihre Bewertung ab<\/button>\n<\/div>\n        <p class=\"glsr-form-message et-pb-contact-message et_pb_contact_field\">\n    \n<\/p>\n    <\/form>\n<\/div><\/div>[\/et_pb_code][\/et_pb_column][\/et_pb_section][et_pb_section fb_built=\u00a0\u00bb1&Prime; _builder_version=\u00a0\u00bb4.16&Prime; _module_preset=\u00a0\u00bbdefault\u00a0\u00bb global_colors_info=\u00a0\u00bb{}\u00a0\u00bb][et_pb_row _builder_version=\u00a0\u00bb4.17.3&Prime; _module_preset=\u00a0\u00bbdefault\u00a0\u00bb global_colors_info=\u00a0\u00bb{}\u00a0\u00bb][et_pb_column type=\u00a0\u00bb4_4&Prime; _builder_version=\u00a0\u00bb4.17.3&Prime; _module_preset=\u00a0\u00bbdefault\u00a0\u00bb global_colors_info=\u00a0\u00bb{}\u00a0\u00bb][et_pb_code _builder_version=\u00a0\u00bb4.17.3&Prime; _module_preset=\u00a0\u00bbdefault\u00a0\u00bb global_colors_info=\u00a0\u00bb{}\u00a0\u00bb]<div class=\"glsr glsr-divi\" id=\"glsr_b97b0f23\" data-from='shortcode' data-shortcode='site_reviews' data-assigned_posts='372309,372337,372340,373399'><div class=\"glsr-reviews-wrap\">\n    <div class=\"glsr-reviews\">\n        <div class=\"glsr-review\" data-type=\"local\" id=\"review-375824\" data-assigned='{\"assigned_posts\":[372309,372337,372340,373399]}'>\n    <div class=\"glsr-review-title\"><h4 class=\"glsr-tag-value\">gjgjhgjjhkh<\/h4><\/div>\n    <div class=\"glsr-review-rating\"><div class=\"glsr-star-rating glsr-stars\" data-rating=\"1\" data-reviews=\"0\">\n    <span class=\"screen-reader-text\">Rated 1 out of 5<\/span>\n    <span class=\"glsr-star glsr-star-full\" aria-hidden=\"true\"><\/span><span class=\"glsr-star glsr-star-empty\" aria-hidden=\"true\"><\/span><span class=\"glsr-star glsr-star-empty\" aria-hidden=\"true\"><\/span><span class=\"glsr-star glsr-star-empty\" aria-hidden=\"true\"><\/span><span class=\"glsr-star glsr-star-empty\" aria-hidden=\"true\"><\/span>\n<\/div><\/div> <div class=\"glsr-review-date\"><span class=\"glsr-tag-value\">11. mai 2026<\/span><\/div>\n    \n    <div class=\"glsr-review-content\"><div class=\"glsr-tag-value\" data-expanded='false'><p>jljlkn,bhukghklk<\/p><\/div><\/div>\n     <div class=\"glsr-review-author\"><span class=\"glsr-tag-value\">ljklhkkh<\/span><\/div> \n    \n<\/div>\n<div class=\"glsr-review\" data-type=\"local\" id=\"review-375823\" data-assigned='{\"assigned_posts\":[372309,372337,372340,373399]}'>\n    <div class=\"glsr-review-title\"><h4 class=\"glsr-tag-value\">tswZgLtloMDlGZalq<\/h4><\/div>\n    <div class=\"glsr-review-rating\"><div class=\"glsr-star-rating glsr-stars\" data-rating=\"4\" data-reviews=\"0\">\n    <span class=\"screen-reader-text\">Rated 4 out of 5<\/span>\n    <span class=\"glsr-star glsr-star-full\" aria-hidden=\"true\"><\/span><span class=\"glsr-star glsr-star-full\" aria-hidden=\"true\"><\/span><span class=\"glsr-star glsr-star-full\" aria-hidden=\"true\"><\/span><span class=\"glsr-star glsr-star-full\" aria-hidden=\"true\"><\/span><span class=\"glsr-star glsr-star-empty\" aria-hidden=\"true\"><\/span>\n<\/div><\/div> <div class=\"glsr-review-date\"><span class=\"glsr-tag-value\">10. mai 2026<\/span><\/div>\n    \n    <div class=\"glsr-review-content\"><div class=\"glsr-tag-value\" data-expanded='false'><p>WOJlXhUGdHtuLFJgcsQ<\/p><\/div><\/div>\n     <div class=\"glsr-review-author\"><span class=\"glsr-tag-value\">kCQVVjsAJwRNStncofNDO<\/span><\/div> \n    \n<\/div>\n<div class=\"glsr-review\" data-type=\"local\" id=\"review-375822\" data-assigned='{\"assigned_posts\":[372309,372337,372340,373399]}'>\n    <div class=\"glsr-review-title\"><h4 class=\"glsr-tag-value\">FCaWzXlMVYJTLPfSFTa<\/h4><\/div>\n    <div class=\"glsr-review-rating\"><div class=\"glsr-star-rating glsr-stars\" data-rating=\"1\" data-reviews=\"0\">\n    <span class=\"screen-reader-text\">Rated 1 out of 5<\/span>\n    <span class=\"glsr-star glsr-star-full\" aria-hidden=\"true\"><\/span><span class=\"glsr-star glsr-star-empty\" aria-hidden=\"true\"><\/span><span class=\"glsr-star glsr-star-empty\" aria-hidden=\"true\"><\/span><span class=\"glsr-star glsr-star-empty\" aria-hidden=\"true\"><\/span><span class=\"glsr-star glsr-star-empty\" aria-hidden=\"true\"><\/span>\n<\/div><\/div> <div class=\"glsr-review-date\"><span class=\"glsr-tag-value\">10. mai 2026<\/span><\/div>\n    \n    <div class=\"glsr-review-content\"><div class=\"glsr-tag-value\" data-expanded='false'><p>mOdVvxbmqXrpfsQCExQrnS<\/p><\/div><\/div>\n     <div class=\"glsr-review-author\"><span class=\"glsr-tag-value\">SqnAYPphQEwdKanmEMDNPVWc<\/span><\/div> \n    \n<\/div>\n<div class=\"glsr-review\" data-type=\"local\" id=\"review-375821\" data-assigned='{\"assigned_posts\":[372309,372337,372340,373399]}'>\n    <div class=\"glsr-review-title\"><h4 class=\"glsr-tag-value\">krrBNxAroYPMeCXR<\/h4><\/div>\n    <div class=\"glsr-review-rating\"><div class=\"glsr-star-rating glsr-stars\" data-rating=\"1\" data-reviews=\"0\">\n    <span class=\"screen-reader-text\">Rated 1 out of 5<\/span>\n    <span class=\"glsr-star glsr-star-full\" aria-hidden=\"true\"><\/span><span class=\"glsr-star glsr-star-empty\" aria-hidden=\"true\"><\/span><span class=\"glsr-star glsr-star-empty\" aria-hidden=\"true\"><\/span><span class=\"glsr-star glsr-star-empty\" aria-hidden=\"true\"><\/span><span class=\"glsr-star glsr-star-empty\" aria-hidden=\"true\"><\/span>\n<\/div><\/div> <div class=\"glsr-review-date\"><span class=\"glsr-tag-value\">6. mai 2026<\/span><\/div>\n    \n    <div class=\"glsr-review-content\"><div class=\"glsr-tag-value\" data-expanded='false'><p>kIJAgUmkrzqGyePaCilYyqES<\/p><\/div><\/div>\n     <div class=\"glsr-review-author\"><span class=\"glsr-tag-value\">stfYNZBoxzlIgCbXogWFTfy<\/span><\/div> \n    \n<\/div>\n<div class=\"glsr-review\" data-type=\"local\" id=\"review-375820\" data-assigned='{\"assigned_posts\":[372309,372337,372340,373399]}'>\n    <div class=\"glsr-review-title\"><h4 class=\"glsr-tag-value\">DzNJQYvrgRBTJZfTHjYUP<\/h4><\/div>\n    <div class=\"glsr-review-rating\"><div class=\"glsr-star-rating glsr-stars\" data-rating=\"5\" data-reviews=\"0\">\n    <span class=\"screen-reader-text\">Rated 5 out of 5<\/span>\n    <span class=\"glsr-star glsr-star-full\" aria-hidden=\"true\"><\/span><span class=\"glsr-star glsr-star-full\" aria-hidden=\"true\"><\/span><span class=\"glsr-star glsr-star-full\" aria-hidden=\"true\"><\/span><span class=\"glsr-star glsr-star-full\" aria-hidden=\"true\"><\/span><span class=\"glsr-star glsr-star-full\" aria-hidden=\"true\"><\/span>\n<\/div><\/div> <div class=\"glsr-review-date\"><span class=\"glsr-tag-value\">18. avril 2026<\/span><\/div>\n    \n    <div class=\"glsr-review-content\"><div class=\"glsr-tag-value\" data-expanded='false'><p>zcQlMDwhiDLvsALmbuuiyry<\/p><\/div><\/div>\n     <div class=\"glsr-review-author\"><span class=\"glsr-tag-value\">CzXWqGYOKMTrOTPJRgVHDmz<\/span><\/div> \n    \n<\/div>\n    <\/div>\n    \n<\/div><\/div>[\/et_pb_code][\/et_pb_column][\/et_pb_row][\/et_pb_section][et_pb_section fb_built=\u00a0\u00bb1&Prime; _builder_version=\u00a0\u00bb4.16&Prime; _module_preset=\u00a0\u00bbdefault\u00a0\u00bb global_colors_info=\u00a0\u00bb{}\u00a0\u00bb][et_pb_row _builder_version=\u00a0\u00bb4.16&Prime; _module_preset=\u00a0\u00bbdefault\u00a0\u00bb global_colors_info=\u00a0\u00bb{}\u00a0\u00bb][et_pb_column type=\u00a0\u00bb4_4&Prime; _builder_version=\u00a0\u00bb4.16&Prime; _module_preset=\u00a0\u00bbdefault\u00a0\u00bb global_colors_info=\u00a0\u00bb{}\u00a0\u00bb][et_pb_divider divider_weight=\u00a0\u00bb4px\u00a0\u00bb _builder_version=\u00a0\u00bb4.16&Prime; _module_preset=\u00a0\u00bbdefault\u00a0\u00bb width=\u00a0\u00bb52%\u00a0\u00bb module_alignment=\u00a0\u00bbcenter\u00a0\u00bb global_colors_info=\u00a0\u00bb{}\u00a0\u00bb][\/et_pb_divider][\/et_pb_column][\/et_pb_row][\/et_pb_section][et_pb_section fb_built=\u00a0\u00bb1&Prime; _builder_version=\u00a0\u00bb4.16&Prime; _module_preset=\u00a0\u00bbdefault\u00a0\u00bb global_colors_info=\u00a0\u00bb{}\u00a0\u00bb][\/et_pb_section]<\/p>\n","protected":false},"excerpt":{"rendered":"<p>&nbsp; \u00c9valuations Photo : visivascnc &#8211; Adobe Stock Votre \u00e9valuation pour nous Nous voulons encore nous am\u00e9liorer ! Votre avis nous est pr\u00e9cieux, car nous voulons nous am\u00e9liorer chaque jour pour vous ! C&rsquo;est pourquoi nous sommes heureux que vous nous \u00e9valuiez. Vous pouvez le faire via Google (pour cela, vous devez disposer d&rsquo;un compte [&hellip;]<\/p>\n","protected":false},"author":3,"featured_media":0,"parent":0,"menu_order":17,"comment_status":"closed","ping_status":"closed","template":"","meta":{"_et_pb_use_builder":"on","_et_pb_old_content":"","_et_gb_content_width":"","_glsr_average":4.0999999999999996447286321199499070644378662109375,"_glsr_ranking":3.972340425530000107556816146825440227985382080078125,"_glsr_reviews":37,"footnotes":""},"class_list":["post-373399","page","type-page","status-publish","hentry"],"_links":{"self":[{"href":"https:\/\/pglorieta.com\/fr\/wp-json\/wp\/v2\/pages\/373399","targetHints":{"allow":["GET"]}}],"collection":[{"href":"https:\/\/pglorieta.com\/fr\/wp-json\/wp\/v2\/pages"}],"about":[{"href":"https:\/\/pglorieta.com\/fr\/wp-json\/wp\/v2\/types\/page"}],"author":[{"embeddable":true,"href":"https:\/\/pglorieta.com\/fr\/wp-json\/wp\/v2\/users\/3"}],"replies":[{"embeddable":true,"href":"https:\/\/pglorieta.com\/fr\/wp-json\/wp\/v2\/comments?post=373399"}],"version-history":[{"count":1,"href":"https:\/\/pglorieta.com\/fr\/wp-json\/wp\/v2\/pages\/373399\/revisions"}],"predecessor-version":[{"id":373411,"href":"https:\/\/pglorieta.com\/fr\/wp-json\/wp\/v2\/pages\/373399\/revisions\/373411"}],"wp:attachment":[{"href":"https:\/\/pglorieta.com\/fr\/wp-json\/wp\/v2\/media?parent=373399"}],"curies":[{"name":"wp","href":"https:\/\/api.w.org\/{rel}","templated":true}]}}