{"id":373381,"date":"2022-04-05T12:05:08","date_gmt":"2022-04-05T10:05:08","guid":{"rendered":"https:\/\/pglorieta.com\/formulaire-de-candidature\/"},"modified":"2022-12-19T14:42:02","modified_gmt":"2022-12-19T13:42:02","slug":"formulaire-de-candidature","status":"publish","type":"page","link":"https:\/\/pglorieta.com\/fr\/formulaire-de-candidature\/","title":{"rendered":"Formulaire de candidature"},"content":{"rendered":"<p>[et_pb_section fb_built=\u00a0\u00bb1&Prime; fullwidth=\u00a0\u00bbon\u00a0\u00bb disabled_on=\u00a0\u00bbon|off|off\u00a0\u00bb _builder_version=\u00a0\u00bb4.16&Prime; background_enable_image=\u00a0\u00bboff\u00a0\u00bb custom_padding=\u00a0\u00bb|||\u00a0\u00bb global_colors_info=\u00a0\u00bb{}\u00a0\u00bb][et_pb_fullwidth_header text_orientation=\u00a0\u00bbcenter\u00a0\u00bb background_overlay_color=\u00a0\u00bbRGBA(255,255,255,0)\u00a0\u00bb module_class=\u00a0\u00bbdct-header-title\u00a0\u00bb _builder_version=\u00a0\u00bb4.16&Prime; title_font=\u00a0\u00bb|700|||||||\u00a0\u00bb title_text_color=\u00a0\u00bb#FFFFFF\u00a0\u00bb content_font=\u00a0\u00bb||||||||\u00a0\u00bb background_enable_color=\u00a0\u00bboff\u00a0\u00bb background_image=\u00a0\u00bbhttps:\/\/pglorieta.com\/wp-content\/uploads\/2022\/03\/Karriere-Policlinica-Glorieta.jpg\u00a0\u00bb background_blend=\u00a0\u00bboverlay\u00a0\u00bb background_layout=\u00a0\u00bblight\u00a0\u00bb custom_margin=\u00a0\u00bb||||false|false\u00a0\u00bb custom_padding=\u00a0\u00bb50px||190px||false|false\u00a0\u00bb custom_padding_tablet=\u00a0\u00bb\u00a0\u00bb custom_padding_phone=\u00a0\u00bb50px|||\u00a0\u00bb custom_padding_last_edited=\u00a0\u00bbon|phone\u00a0\u00bb title_font_size_tablet=\u00a0\u00bb\u00a0\u00bb title_font_size_phone=\u00a0\u00bb28px\u00a0\u00bb title_font_size_last_edited=\u00a0\u00bbon|desktop\u00a0\u00bb title_text_shadow_style=\u00a0\u00bbpreset2&Prime; title_text_shadow_color=\u00a0\u00bb#000000&Prime; text_shadow_style=\u00a0\u00bbpreset3&Prime; text_shadow_color=\u00a0\u00bb#FFFFFF\u00a0\u00bb global_colors_info=\u00a0\u00bb{%22gcid-0a4b8514-58d9-4d28-81c8-4795182d86df%22:%91%22background_color%22%93}\u00a0\u00bb button_one_text_size__hover_enabled=\u00a0\u00bboff\u00a0\u00bb button_two_text_size__hover_enabled=\u00a0\u00bboff\u00a0\u00bb button_one_text_color__hover_enabled=\u00a0\u00bboff\u00a0\u00bb button_two_text_color__hover_enabled=\u00a0\u00bboff\u00a0\u00bb button_one_border_width__hover_enabled=\u00a0\u00bboff\u00a0\u00bb button_two_border_width__hover_enabled=\u00a0\u00bboff\u00a0\u00bb button_one_border_color__hover_enabled=\u00a0\u00bboff\u00a0\u00bb button_two_border_color__hover_enabled=\u00a0\u00bboff\u00a0\u00bb button_one_border_radius__hover_enabled=\u00a0\u00bboff\u00a0\u00bb button_two_border_radius__hover_enabled=\u00a0\u00bboff\u00a0\u00bb button_one_letter_spacing__hover_enabled=\u00a0\u00bboff\u00a0\u00bb button_two_letter_spacing__hover_enabled=\u00a0\u00bboff\u00a0\u00bb button_one_bg_color__hover_enabled=\u00a0\u00bboff\u00a0\u00bb button_two_bg_color__hover_enabled=\u00a0\u00bboff\u00a0\u00bb]<\/p>\n<h1 style=\"text-align: center;\">Carri\u00e8re dans la<\/h1>\n<h1 style=\"text-align: center;\">Policlinique Glorieta<\/h1>\n<h1><\/h1>\n<p>[\/et_pb_fullwidth_header][\/et_pb_section][et_pb_section fb_built=\u00a0\u00bb1&Prime; fullwidth=\u00a0\u00bbon\u00a0\u00bb _builder_version=\u00a0\u00bb4.16&Prime; _module_preset=\u00a0\u00bbdefault\u00a0\u00bb global_colors_info=\u00a0\u00bb{}\u00a0\u00bb][et_pb_fullwidth_header title=\u00a0\u00bbCarri\u00e8re \u00e0 la polyclinique Glorieta\u00a0\u00bb disabled_on=\u00a0\u00bboff|on|on\u00a0\u00bb _builder_version=\u00a0\u00bb4.16&Prime; _module_preset=\u00a0\u00bbdefault\u00a0\u00bb title_text_align=\u00a0\u00bbcenter\u00a0\u00bb global_colors_info=\u00a0\u00bb{}\u00a0\u00bb][\/et_pb_fullwidth_header][\/et_pb_section][et_pb_section fb_built=\u00a0\u00bb1&Prime; _builder_version=\u00a0\u00bb4.16&Prime; _module_preset=\u00a0\u00bbdefault\u00a0\u00bb global_colors_info=\u00a0\u00bb{}\u00a0\u00bb][et_pb_row _builder_version=\u00a0\u00bb4.16&Prime; _module_preset=\u00a0\u00bbdefault\u00a0\u00bb global_colors_info=\u00a0\u00bb{}\u00a0\u00bb][et_pb_column type=\u00a0\u00bb4_4&Prime; _builder_version=\u00a0\u00bb4.16&Prime; _module_preset=\u00a0\u00bbdefault\u00a0\u00bb global_colors_info=\u00a0\u00bb{}\u00a0\u00bb][et_pb_text disabled_on=\u00a0\u00bbon|off|off\u00a0\u00bb _builder_version=\u00a0\u00bb4.16&Prime; _module_preset=\u00a0\u00bbdefault\u00a0\u00bb text_font_size=\u00a0\u00bb10px\u00a0\u00bb custom_margin=\u00a0\u00bb-25px||||false|false\u00a0\u00bb global_colors_info=\u00a0\u00bb{}\u00a0\u00bb]<\/p>\n<p style=\"text-align: right;\">Photo : megaflopp &#8211; Adobe Stock<\/p>\n<p>[\/et_pb_text][\/et_pb_column][\/et_pb_row][\/et_pb_section][et_pb_section fb_built=\u00a0\u00bb1&Prime; _builder_version=\u00a0\u00bb4.16.0&Prime; _module_preset=\u00a0\u00bbdefault\u00a0\u00bb global_colors_info=\u00a0\u00bb{}\u00a0\u00bb][et_pb_row _builder_version=\u00a0\u00bb4.16.0&Prime; _module_preset=\u00a0\u00bbdefault\u00a0\u00bb global_colors_info=\u00a0\u00bb{}\u00a0\u00bb][et_pb_column type=\u00a0\u00bb4_4&Prime; _builder_version=\u00a0\u00bb4.16.0&Prime; _module_preset=\u00a0\u00bbdefault\u00a0\u00bb global_colors_info=\u00a0\u00bb{}\u00a0\u00bb][et_pb_code _builder_version=\u00a0\u00bb4.16.0&Prime; _module_preset=\u00a0\u00bbdefault\u00a0\u00bb global_colors_info=\u00a0\u00bb{}\u00a0\u00bb]<!-- [et_pb_line_break_holder] -->    <iframe>  id=\u00a0\u00bbJotFormIFrame-220942152358353&Prime;<!-- [et_pb_line_break_holder] -->  title=\u00a0\u00bbFormulaire de demande d&#8217;emploi\u00a0\u00bb<!-- [et_pb_line_break_holder] -->  onload=\u00a0\u00bbwindow.parent.scrollTo(0,0)\u00a0\u00bb<!-- [et_pb_line_break_holder] -->  allowtransparency=\u00a0\u00bbtrue\u00a0\u00bb (transparence)<!-- [et_pb_line_break_holder] -->  allowfullscreen=\u00a0\u00bbvrai\u00a0\u00bb<!-- [et_pb_line_break_holder] -->  allow=\u00a0\u00bbg\u00e9olocalisation ; microphone ; cam\u00e9ra\u00a0\u00bb<!-- [et_pb_line_break_holder] -->  src=\u00a0\u00bbhttps:\/\/form.jotform.com\/220942152358353&Prime;<!-- [et_pb_line_break_holder] -->  frameborder=\u00a0\u00bb0&Prime;<!-- [et_pb_line_break_holder] -->  style=\u00a0\u00bb<!-- [et_pb_line_break_holder] -->  min-width : 100% ;<!-- [et_pb_line_break_holder] -->  hauteur:2900px ;<!-- [et_pb_line_break_holder] -->  border:none ;\u00a0\u00bb<!-- [et_pb_line_break_holder] -->  scrolling=\u00a0\u00bbno\u00a0\u00bb (d\u00e9filement)<!-- [et_pb_line_break_holder] -->  &gt;<!-- [et_pb_line_break_holder] -->    <\/iframe><!-- [et_pb_line_break_holder] -->    <script type=\"text\/javascript\"><!-- [et_pb_line_break_holder] -->      var ifr = document.getElementById(\"JotFormIFrame-220942152358353\");<!-- [et_pb_line_break_holder] -->      if (ifr) {<!-- [et_pb_line_break_holder] -->        var src = ifr.src;<!-- [et_pb_line_break_holder] -->        var iframeParams = [];<!-- [et_pb_line_break_holder] -->        if (window.location.href && window.location.href.indexOf(\"?\") > -1) {<!-- [et_pb_line_break_holder] -->          iframeParams = iframeParams.concat(window.location.href.substr(window.location.href.indexOf(\"?\") + 1).split('&'));<!-- [et_pb_line_break_holder] -->        }<!-- [et_pb_line_break_holder] -->        if (src && src.indexOf(\"?\") > -1) {<!-- [et_pb_line_break_holder] -->          iframeParams = iframeParams.concat(src.substr(src.indexOf(\"?\") + 1).split(\"&\"));<!-- [et_pb_line_break_holder] -->          src = src.substr(0, src.indexOf(\"?\"))<!-- [et_pb_line_break_holder] -->        }<!-- [et_pb_line_break_holder] -->        iframeParams.push(\"isIframeEmbed=1\");<!-- [et_pb_line_break_holder] -->        ifr.src = src + \"?\" + iframeParams.join('&');<!-- [et_pb_line_break_holder] -->      }<!-- [et_pb_line_break_holder] -->      window.handleIFrameMessage = function(e) {<!-- [et_pb_line_break_holder] -->        if (typeof e.data === 'object') { return; }<!-- [et_pb_line_break_holder] -->        var args = e.data.split(\":\");<!-- [et_pb_line_break_holder] -->        if (args.length > 2) { iframe = document.getElementById(\"JotFormIFrame-\" + args[(args.length - 1)]); } else { iframe = document.getElementById(\"JotFormIFrame\"); }<!-- [et_pb_line_break_holder] -->        if (!iframe) { return; }<!-- [et_pb_line_break_holder] -->        switch (args[0]) {<!-- [et_pb_line_break_holder] -->          case \"scrollIntoView\":<!-- [et_pb_line_break_holder] -->            iframe.scrollIntoView();<!-- [et_pb_line_break_holder] -->            break;<!-- [et_pb_line_break_holder] -->          case \"setHeight\":<!-- [et_pb_line_break_holder] -->            iframe.style.height = args[1] + \"px\";<!-- [et_pb_line_break_holder] -->            break;<!-- [et_pb_line_break_holder] -->          case \"collapseErrorPage\":<!-- [et_pb_line_break_holder] -->            if (iframe.clientHeight > window.innerHeight) {<!-- [et_pb_line_break_holder] -->              iframe.style.height = window.innerHeight + \"px\";<!-- [et_pb_line_break_holder] -->            }<!-- [et_pb_line_break_holder] -->            break;<!-- [et_pb_line_break_holder] -->          case \"reloadPage\":<!-- [et_pb_line_break_holder] -->            window.location.reload();<!-- [et_pb_line_break_holder] -->            break;<!-- [et_pb_line_break_holder] -->          case \"loadScript\":<!-- [et_pb_line_break_holder] -->            if( !window.isPermitted(e.origin, ['jotform.com', 'jotform.pro']) ) { break; }<!-- [et_pb_line_break_holder] -->            var src = args[1];<!-- [et_pb_line_break_holder] -->            if (args.length > 3) {<!-- [et_pb_line_break_holder] -->                src = args[1] + ':' + args[2];<!-- [et_pb_line_break_holder] -->            }<!-- [et_pb_line_break_holder] -->            var script = document.createElement('script');<!-- [et_pb_line_break_holder] -->            script.src = src;<!-- [et_pb_line_break_holder] -->            script.type = 'text\/javascript';<!-- [et_pb_line_break_holder] -->            document.body.appendChild(script);<!-- [et_pb_line_break_holder] -->            break;<!-- [et_pb_line_break_holder] -->          case \"exitFullscreen\":<!-- [et_pb_line_break_holder] -->            if      (window.document.exitFullscreen)        window.document.exitFullscreen();<!-- [et_pb_line_break_holder] -->            else if (window.document.mozCancelFullScreen)   window.document.mozCancelFullScreen();<!-- [et_pb_line_break_holder] -->            else if (window.document.mozCancelFullscreen)   window.document.mozCancelFullScreen();<!-- [et_pb_line_break_holder] -->            else if (window.document.webkitExitFullscreen)  window.document.webkitExitFullscreen();<!-- [et_pb_line_break_holder] -->            else if (window.document.msExitFullscreen)      window.document.msExitFullscreen();<!-- [et_pb_line_break_holder] -->            break;<!-- [et_pb_line_break_holder] -->        }<!-- [et_pb_line_break_holder] -->        var isJotForm = (e.origin.indexOf(\"jotform\") > -1) ? true : false;<!-- [et_pb_line_break_holder] -->        if(isJotForm && \"contentWindow\" in iframe && \"postMessage\" in iframe.contentWindow) {<!-- [et_pb_line_break_holder] -->          var urls = {\"docurl\":encodeURIComponent(document.URL),\"referrer\":encodeURIComponent(document.referrer)};<!-- [et_pb_line_break_holder] -->          iframe.contentWindow.postMessage(JSON.stringify({\"type\":\"urls\",\"value\":urls}), \"*\");<!-- [et_pb_line_break_holder] -->        }<!-- [et_pb_line_break_holder] -->      };<!-- [et_pb_line_break_holder] -->      window.isPermitted = function(originUrl, whitelisted_domains) {<!-- [et_pb_line_break_holder] -->        var url = document.createElement('a');<!-- [et_pb_line_break_holder] -->        url.href = originUrl;<!-- [et_pb_line_break_holder] -->        var hostname = url.hostname;<!-- [et_pb_line_break_holder] -->        var result = false;<!-- [et_pb_line_break_holder] -->        if( typeof hostname !== 'undefined' ) {<!-- [et_pb_line_break_holder] -->          whitelisted_domains.forEach(function(element) {<!-- [et_pb_line_break_holder] -->              if( hostname.slice((-1 * element.length - 1)) === '.'.concat(element) ||  hostname === element ) {<!-- [et_pb_line_break_holder] -->                  result = true;<!-- [et_pb_line_break_holder] -->              }<!-- [et_pb_line_break_holder] -->          });<!-- [et_pb_line_break_holder] -->          return result;<!-- [et_pb_line_break_holder] -->        }<!-- [et_pb_line_break_holder] -->      };<!-- [et_pb_line_break_holder] -->      if (window.addEventListener) {<!-- [et_pb_line_break_holder] -->        window.addEventListener(\"message\", handleIFrameMessage, false);<!-- [et_pb_line_break_holder] -->      } else if (window.attachEvent) {<!-- [et_pb_line_break_holder] -->        window.attachEvent(\"onmessage\", handleIFrameMessage);<!-- [et_pb_line_break_holder] -->      }<!-- [et_pb_line_break_holder] -->      <\/script>[\/et_pb_code][et_pb_text _builder_version=\u00a0\u00bb4.19.0&Prime; _module_preset=\u00a0\u00bbdefault\u00a0\u00bb text_font_size=\u00a0\u00bb13px\u00a0\u00bb global_colors_info=\u00a0\u00bb{}\u00a0\u00bb][\/et_pb_text][\/et_pb_column][\/et_pb_row][\/et_pb_section][et_pb_section fb_built=\u00a0\u00bb1&Prime; _builder_version=\u00a0\u00bb4.19.0&Prime; _module_preset=\u00a0\u00bbdefault\u00a0\u00bb global_colors_info=\u00a0\u00bb{}\u00a0\u00bb][et_pb_row _builder_version=\u00a0\u00bb4.19.0&Prime; _module_preset=\u00a0\u00bbdefault\u00a0\u00bb global_colors_info=\u00a0\u00bb{}\u00a0\u00bb][et_pb_column type=\u00a0\u00bb4_4&Prime; _builder_version=\u00a0\u00bb4.19.0&Prime; _module_preset=\u00a0\u00bbdefault\u00a0\u00bb global_colors_info=\u00a0\u00bb{}\u00a0\u00bb][et_pb_text _builder_version=\u00a0\u00bb4.19.0&Prime; _module_preset=\u00a0\u00bbdefault\u00a0\u00bb text_font_size=\u00a0\u00bb12px\u00a0\u00bb global_colors_info=\u00a0\u00bb{}\u00a0\u00bb]<\/p>\n<p><strong>INFORMATIONS DE BASE SUR LA PROTECTION DES DONN\u00c9ES \u00c0 CARACT\u00c8RE PERSONNEL<\/strong><br \/><em>Responsable :<\/em> POLICLINICA GLORIETA S.L\/objectif : gestion du processus de s\u00e9lection au sein de l&rsquo;entreprise.<br \/><em>L\u00e9gitimation<\/em>: int\u00e9r\u00eat l\u00e9gitime de l&rsquo;organisme responsable. <em>Destinataires<\/em>: Cessions et\/ou transferts \u00e0 des entreprises et\/ou organisations tierces, comme indiqu\u00e9 dans les informations compl\u00e9mentaires. <em>Droits<\/em>: acc\u00e8s, rectification, opposition, limitation et autres droits d\u00fbment indiqu\u00e9s dans les informations compl\u00e9mentaires.<br \/>+ Information : pour plus d&rsquo;informations sur ce sujet, veuillez consulter le lien suivant<br \/><a href=\"https:\/\/www.procoden.es\/B53800421\" target=\"_blank\" rel=\"noopener\">www.procoden.es\/B53800421<\/a><\/p>\n<p>[\/et_pb_text][\/et_pb_column][\/et_pb_row][\/et_pb_section]<\/p>\n","protected":false},"excerpt":{"rendered":"<p>Carri\u00e8re dans la Policlinique Glorieta Photo : megaflopp &#8211; Adobe StockINFORMATIONS DE BASE SUR LA PROTECTION DES DONN\u00c9ES \u00c0 CARACT\u00c8RE PERSONNELResponsable : POLICLINICA GLORIETA S.L\/objectif : gestion du processus de s\u00e9lection au sein de l&rsquo;entreprise.L\u00e9gitimation: int\u00e9r\u00eat l\u00e9gitime de l&rsquo;organisme responsable. Destinataires: Cessions et\/ou transferts \u00e0 des entreprises et\/ou organisations tierces, comme indiqu\u00e9 dans les informations [&hellip;]<\/p>\n","protected":false},"author":3,"featured_media":0,"parent":0,"menu_order":27,"comment_status":"closed","ping_status":"closed","template":"","meta":{"_et_pb_use_builder":"on","_et_pb_old_content":"","_et_gb_content_width":"","_glsr_average":0,"_glsr_ranking":0,"_glsr_reviews":0,"footnotes":""},"class_list":["post-373381","page","type-page","status-publish","hentry"],"_links":{"self":[{"href":"https:\/\/pglorieta.com\/fr\/wp-json\/wp\/v2\/pages\/373381","targetHints":{"allow":["GET"]}}],"collection":[{"href":"https:\/\/pglorieta.com\/fr\/wp-json\/wp\/v2\/pages"}],"about":[{"href":"https:\/\/pglorieta.com\/fr\/wp-json\/wp\/v2\/types\/page"}],"author":[{"embeddable":true,"href":"https:\/\/pglorieta.com\/fr\/wp-json\/wp\/v2\/users\/3"}],"replies":[{"embeddable":true,"href":"https:\/\/pglorieta.com\/fr\/wp-json\/wp\/v2\/comments?post=373381"}],"version-history":[{"count":7,"href":"https:\/\/pglorieta.com\/fr\/wp-json\/wp\/v2\/pages\/373381\/revisions"}],"predecessor-version":[{"id":375194,"href":"https:\/\/pglorieta.com\/fr\/wp-json\/wp\/v2\/pages\/373381\/revisions\/375194"}],"wp:attachment":[{"href":"https:\/\/pglorieta.com\/fr\/wp-json\/wp\/v2\/media?parent=373381"}],"curies":[{"name":"wp","href":"https:\/\/api.w.org\/{rel}","templated":true}]}}