{"id":373360,"date":"2022-03-28T16:27:45","date_gmt":"2022-03-28T14:27:45","guid":{"rendered":"https:\/\/pglorieta.com\/carriere\/"},"modified":"2022-08-18T11:27:09","modified_gmt":"2022-08-18T09:27:09","slug":"carriere","status":"publish","type":"page","link":"https:\/\/pglorieta.com\/fr\/carriere\/","title":{"rendered":"Carri\u00e8re"},"content":{"rendered":"<p>[et_pb_section fb_built=\u00a0\u00bb1&Prime; fullwidth=\u00a0\u00bbon\u00a0\u00bb disabled_on=\u00a0\u00bbon|off|off\u00a0\u00bb _builder_version=\u00a0\u00bb4.16&Prime; background_enable_image=\u00a0\u00bboff\u00a0\u00bb custom_padding=\u00a0\u00bb|||\u00a0\u00bb global_colors_info=\u00a0\u00bb{}\u00a0\u00bb][et_pb_fullwidth_header text_orientation=\u00a0\u00bbcenter\u00a0\u00bb background_overlay_color=\u00a0\u00bbRGBA(255,255,255,0)\u00a0\u00bb module_class=\u00a0\u00bbdct-header-title\u00a0\u00bb _builder_version=\u00a0\u00bb4.16&Prime; title_font=\u00a0\u00bb|700|||||||\u00a0\u00bb title_text_color=\u00a0\u00bb#FFFFFF\u00a0\u00bb content_font=\u00a0\u00bb||||||||\u00a0\u00bb background_enable_color=\u00a0\u00bboff\u00a0\u00bb background_image=\u00a0\u00bbhttps:\/\/pglorieta.com\/wp-content\/uploads\/2022\/03\/Karriere-Policlinica-Glorieta.jpg\u00a0\u00bb background_blend=\u00a0\u00bboverlay\u00a0\u00bb background_layout=\u00a0\u00bblight\u00a0\u00bb custom_margin=\u00a0\u00bb||||false|false\u00a0\u00bb custom_padding=\u00a0\u00bb50px||190px||false|false\u00a0\u00bb custom_padding_tablet=\u00a0\u00bb\u00a0\u00bb custom_padding_phone=\u00a0\u00bb50px|||\u00a0\u00bb custom_padding_last_edited=\u00a0\u00bbon|phone\u00a0\u00bb title_font_size_tablet=\u00a0\u00bb\u00a0\u00bb title_font_size_phone=\u00a0\u00bb28px\u00a0\u00bb title_font_size_last_edited=\u00a0\u00bbon|desktop\u00a0\u00bb title_text_shadow_style=\u00a0\u00bbpreset2&Prime; title_text_shadow_color=\u00a0\u00bb#000000&Prime; text_shadow_style=\u00a0\u00bbpreset3&Prime; text_shadow_color=\u00a0\u00bb#FFFFFF\u00a0\u00bb global_colors_info=\u00a0\u00bb{%22gcid-0a4b8514-58d9-4d28-81c8-4795182d86df%22:%91%22background_color%22%93}\u00a0\u00bb button_one_text_size__hover_enabled=\u00a0\u00bboff\u00a0\u00bb button_two_text_size__hover_enabled=\u00a0\u00bboff\u00a0\u00bb button_one_text_color__hover_enabled=\u00a0\u00bboff\u00a0\u00bb button_two_text_color__hover_enabled=\u00a0\u00bboff\u00a0\u00bb button_one_border_width__hover_enabled=\u00a0\u00bboff\u00a0\u00bb button_two_border_width__hover_enabled=\u00a0\u00bboff\u00a0\u00bb button_one_border_color__hover_enabled=\u00a0\u00bboff\u00a0\u00bb button_two_border_color__hover_enabled=\u00a0\u00bboff\u00a0\u00bb button_one_border_radius__hover_enabled=\u00a0\u00bboff\u00a0\u00bb button_two_border_radius__hover_enabled=\u00a0\u00bboff\u00a0\u00bb button_one_letter_spacing__hover_enabled=\u00a0\u00bboff\u00a0\u00bb button_two_letter_spacing__hover_enabled=\u00a0\u00bboff\u00a0\u00bb button_one_bg_color__hover_enabled=\u00a0\u00bboff\u00a0\u00bb button_two_bg_color__hover_enabled=\u00a0\u00bboff\u00a0\u00bb]<\/p>\n<h1 style=\"text-align: center;\">Carri\u00e8re dans la<\/h1>\n<h1 style=\"text-align: center;\">Policlinique Glorieta<\/h1>\n<h1><\/h1>\n<p>[\/et_pb_fullwidth_header][\/et_pb_section][et_pb_section fb_built=\u00a0\u00bb1&Prime; fullwidth=\u00a0\u00bbon\u00a0\u00bb _builder_version=\u00a0\u00bb4.16&Prime; _module_preset=\u00a0\u00bbdefault\u00a0\u00bb global_colors_info=\u00a0\u00bb{}\u00a0\u00bb][et_pb_fullwidth_header title=\u00a0\u00bbCarri\u00e8re \u00e0 la polyclinique Glorieta\u00a0\u00bb disabled_on=\u00a0\u00bboff|on|on\u00a0\u00bb _builder_version=\u00a0\u00bb4.16&Prime; _module_preset=\u00a0\u00bbdefault\u00a0\u00bb title_text_align=\u00a0\u00bbcenter\u00a0\u00bb global_colors_info=\u00a0\u00bb{}\u00a0\u00bb][\/et_pb_fullwidth_header][\/et_pb_section][et_pb_section fb_built=\u00a0\u00bb1&Prime; _builder_version=\u00a0\u00bb4.16&Prime; _module_preset=\u00a0\u00bbdefault\u00a0\u00bb global_colors_info=\u00a0\u00bb{}\u00a0\u00bb][et_pb_row _builder_version=\u00a0\u00bb4.16&Prime; _module_preset=\u00a0\u00bbdefault\u00a0\u00bb global_colors_info=\u00a0\u00bb{}\u00a0\u00bb][et_pb_column type=\u00a0\u00bb4_4&Prime; _builder_version=\u00a0\u00bb4.16&Prime; _module_preset=\u00a0\u00bbdefault\u00a0\u00bb global_colors_info=\u00a0\u00bb{}\u00a0\u00bb][et_pb_text disabled_on=\u00a0\u00bbon|off|off\u00a0\u00bb _builder_version=\u00a0\u00bb4.16&Prime; _module_preset=\u00a0\u00bbdefault\u00a0\u00bb text_font_size=\u00a0\u00bb10px\u00a0\u00bb custom_margin=\u00a0\u00bb-25px||||false|false\u00a0\u00bb global_colors_info=\u00a0\u00bb{}\u00a0\u00bb]<\/p>\n<p style=\"text-align: right;\">Photo : megaflopp &#8211; Adobe Stock<\/p>\n<p>[\/et_pb_text][\/et_pb_column][\/et_pb_row][\/et_pb_section][et_pb_section fb_built=\u00a0\u00bb1&Prime; make_equal=\u00a0\u00bbon\u00a0\u00bb use_custom_gutter=\u00a0\u00bbon\u00a0\u00bb gutter_width=\u00a0\u00bb2&Prime; specialty=\u00a0\u00bbon\u00a0\u00bb _builder_version=\u00a0\u00bb4.16&Prime; global_colors_info=\u00a0\u00bb{}\u00a0\u00bb][et_pb_column type=\u00a0\u00bb1_2&Prime; specialty_columns=\u00a0\u00bb2&Prime; _builder_version=\u00a0\u00bb4.16&Prime; custom_padding=\u00a0\u00bb|||\u00a0\u00bb global_colors_info=\u00a0\u00bb{}\u00a0\u00bb parallax__hover=\u00a0\u00bboff\u00a0\u00bb parallax_method__hover=\u00a0\u00bbon\u00a0\u00bb custom_padding__hover=\u00a0\u00bb|||\u00a0\u00bb][et_pb_row_inner _builder_version=\u00a0\u00bb4.16&Prime; global_colors_info=\u00a0\u00bb{}\u00a0\u00bb][et_pb_column_inner saved_specialty_column_type=\u00a0\u00bb1_2&Prime; _builder_version=\u00a0\u00bb4.16&Prime; custom_padding=\u00a0\u00bb|||\u00a0\u00bb global_colors_info=\u00a0\u00bb{}\u00a0\u00bb parallax__hover=\u00a0\u00bboff\u00a0\u00bb parallax_method__hover=\u00a0\u00bbon\u00a0\u00bb custom_padding__hover=\u00a0\u00bb|||\u00a0\u00bb][et_pb_text _builder_version=\u00a0\u00bb4.16&Prime; text_font=\u00a0\u00bb||||||||\u00a0\u00bb header_font=\u00a0\u00bb||||||||\u00a0\u00bb header_text_align=\u00a0\u00bbcenter\u00a0\u00bb header_2_font=\u00a0\u00bb|700||on|||||\u00a0\u00bb header_2_text_color=\u00a0\u00bbgcid-0a4b8514-58d9-4d28-81c8-4795182d86df\u00a0\u00bb header_2_font_size=\u00a0\u00bb30px\u00a0\u00bb text_orientation=\u00a0\u00bbcenter\u00a0\u00bb custom_margin=\u00a0\u00bb-14px|||||\u00a0\u00bb custom_padding=\u00a0\u00bb17px|||||\u00a0\u00bb global_colors_info=\u00a0\u00bb{%22gcid-0a4b8514-58d9-4d28-81c8-4795182d86df%22:%91%22header_2_text_color%22%93}\u00a0\u00bb]<\/p>\n<div class=\"dct-title clearfix\">\n<h2 class=\"hadding\">Le succ\u00e8s a plusieurs visages<\/h2>\n<p>Des postes de travail modernes, un fort esprit d&rsquo;\u00e9quipe<\/p>\n<\/div>\n<p>[\/et_pb_text][et_pb_text _builder_version=\u00a0\u00bb4.16.0&Prime; _module_preset=\u00a0\u00bbdefault\u00a0\u00bb global_colors_info=\u00a0\u00bb{}\u00a0\u00bb]<\/p>\n<p>Notre succ\u00e8s repose sur trois piliers : la comp\u00e9tence de notre \u00e9quipe, un \u00e9quipement de pointe et l&rsquo;amour de notre travail. Nous nous engageons chaque jour \u00e0 offrir \u00e0 nos patients le meilleur traitement possible.<\/p>\n<p>Notre clinique est internationale. C&rsquo;est \u00e0 la fois un d\u00e9fi et une satisfaction. Si vous \u00eates le ou la meilleure dans votre domaine, si vous aimez le contact avec les gens, si vous consid\u00e9rez votre m\u00e9tier comme une vocation, alors nous devrions faire connaissance.<\/p>\n<p><strong><\/strong><\/p>\n<p>[\/et_pb_text][\/et_pb_column_inner][\/et_pb_row_inner][\/et_pb_column][et_pb_column type=\u00a0\u00bb1_2&Prime; _builder_version=\u00a0\u00bb4.16&Prime; custom_padding=\u00a0\u00bb|||\u00a0\u00bb global_colors_info=\u00a0\u00bb{}\u00a0\u00bb parallax__hover=\u00a0\u00bboff\u00a0\u00bb parallax_method__hover=\u00a0\u00bbon\u00a0\u00bb custom_padding__hover=\u00a0\u00bb|||\u00a0\u00bb][et_pb_text _builder_version=\u00a0\u00bb4.16&Prime; text_font=\u00a0\u00bb||||||||\u00a0\u00bb header_font=\u00a0\u00bb||||||||\u00a0\u00bb header_text_align=\u00a0\u00bbcenter\u00a0\u00bb header_2_font=\u00a0\u00bb|700||on|||||\u00a0\u00bb header_2_text_color=\u00a0\u00bbgcid-0a4b8514-58d9-4d28-81c8-4795182d86df\u00a0\u00bb header_2_font_size=\u00a0\u00bb30px\u00a0\u00bb text_orientation=\u00a0\u00bbcenter\u00a0\u00bb custom_margin=\u00a0\u00bb|||\u00a0\u00bb global_colors_info=\u00a0\u00bb{%22gcid-0a4b8514-58d9-4d28-81c8-4795182d86df%22:%91%22header_2_text_color%22%93}\u00a0\u00bb]<\/p>\n<div class=\"dct-title clearfix\">\n<h2 class=\"hadding\">Offres d&#8217;emploi<\/h2>\n<p>D\u00e9marrez avec nous !<\/p>\n<\/div>\n<p>[\/et_pb_text][et_pb_toggle title=\u00a0\u00bbR\u00e9ceptionniste\u00a0\u00bb open_toggle_text_color=\u00a0\u00bbgcid-0a4b8514-58d9-4d28-81c8-4795182d86df\u00a0\u00bb open_toggle_background_color=\u00a0\u00bb#FFFFFF\u00a0\u00bb closed_toggle_text_color=\u00a0\u00bb#FFFFFF\u00a0\u00bb closed_toggle_background_color=\u00a0\u00bbgcid-0a4b8514-58d9-4d28-81c8-4795182d86df\u00a0\u00bb icon_color=\u00a0\u00bb#FFFFFF\u00a0\u00bb toggle_icon=\u00a0\u00bb&#x47;||divi||400&Prime; use_icon_font_size=\u00a0\u00bbon\u00a0\u00bb icon_font_size=\u00a0\u00bb28px\u00a0\u00bb open_icon_color=\u00a0\u00bbgcid-0a4b8514-58d9-4d28-81c8-4795182d86df\u00a0\u00bb open_toggle_icon=\u00a0\u00bb&#xe04b;||divi||400&Prime; open_use_icon_font_size=\u00a0\u00bbon\u00a0\u00bb open_icon_font_size=\u00a0\u00bb28px\u00a0\u00bb _builder_version=\u00a0\u00bb4.17.6&Prime; _module_preset=\u00a0\u00bbdefault\u00a0\u00bb title_text_color=\u00a0\u00bb#FFFFFF\u00a0\u00bb title_level=\u00a0\u00bbh3&Prime; box_shadow_style=\u00a0\u00bbpreset2&Prime; box_shadow_color=\u00a0\u00bbgcid-0a4b8514-58d9-4d28-81c8-4795182d86df\u00a0\u00bb global_colors_info=\u00a0\u00bb{%22gcid-0a4b8514-58d9-4d28-81c8-4795182d86df%22:%91%22closed_toggle_background_color%22,%22open_toggle_text_color%22,%22box_shadow_color%22,%22open_icon_color%22%93}\u00a0\u00bb]<\/p>\n<p>Nous sommes une polyclinique internationale bas\u00e9e \u00e0 D\u00e9nia et recherchons d\u00e8s que possible<\/p>\n<p><strong>R\u00e9ceptionniste pour l&rsquo;accueil des patients.<\/strong><\/p>\n<p>Vous aimez travailler avec des gens, vous parlez espagnol et allemand, vous voulez travailler dans une \u00e9quipe forte et grandir avec nous ?<\/p>\n<p>Alors nous devrions faire connaissance. Pas de travail de nuit, pas de travail du dimanche. Connaissances de l&rsquo;allemand et de l&rsquo;espagnol obligatoires, d&rsquo;autres langues sont un avantage.<\/p>\n<p><strong>t\u00e2ches :<\/strong><\/p>\n<p>Prise de rendez-vous et organisation<\/p>\n<p>Prise en charge et accueil des patients<\/p>\n<p>Facturation\/d\u00e9compte  <\/p>\n<p>Aide \u00e0 la traduction pour les patients DE\/ES<\/p>\n<p>&nbsp;<\/p>\n<p><strong>Exigences :<\/strong><\/p>\n<p>Bonne connaissance de l&rsquo;ordinateur<\/p>\n<p>Allemand et espagnol, une autre langue est un atout<\/p>\n<p>Capacit\u00e9 d&rsquo;organisation<\/p>\n<p>Capacit\u00e9 \u00e0 travailler en \u00e9quipe<\/p>\n<p>Une apparence soign\u00e9e<\/p>\n<p>Fiabilit\u00e9<\/p>\n<p>&nbsp;<\/p>\n<p>Vous \u00eates curieux ? Nous nous r\u00e9jouissons de recevoir votre<a href=\"https:\/\/pglorieta.com\/fr\/formulaire-de-candidature\/\"> candidature via ce lien !<\/a><\/p>\n<p>[\/et_pb_toggle][et_pb_toggle title=\u00a0\u00bbInfirmier\/\u00e8re\u00a0\u00bb open_toggle_text_color=\u00a0\u00bbgcid-0a4b8514-58d9-4d28-81c8-4795182d86df\u00a0\u00bb open_toggle_background_color=\u00a0\u00bb#FFFFFF\u00a0\u00bb closed_toggle_text_color=\u00a0\u00bb#FFFFFF\u00a0\u00bb closed_toggle_background_color=\u00a0\u00bbgcid-0a4b8514-58d9-4d28-81c8-4795182d86df\u00a0\u00bb icon_color=\u00a0\u00bb#FFFFFF\u00a0\u00bb toggle_icon=\u00a0\u00bb&#x47;||divi||400&Prime; use_icon_font_size=\u00a0\u00bbon\u00a0\u00bb icon_font_size=\u00a0\u00bb28px\u00a0\u00bb open_icon_color=\u00a0\u00bbgcid-0a4b8514-58d9-4d28-81c8-4795182d86df\u00a0\u00bb open_toggle_icon=\u00a0\u00bb&#xe04b;||divi||400&Prime; open_use_icon_font_size=\u00a0\u00bbon\u00a0\u00bb open_icon_font_size=\u00a0\u00bb28px\u00a0\u00bb _builder_version=\u00a0\u00bb4.17.6&Prime; _module_preset=\u00a0\u00bbdefault\u00a0\u00bb title_text_color=\u00a0\u00bb#FFFFFF\u00a0\u00bb title_level=\u00a0\u00bbh3&Prime; box_shadow_style=\u00a0\u00bbpreset2&Prime; box_shadow_color=\u00a0\u00bbgcid-0a4b8514-58d9-4d28-81c8-4795182d86df\u00a0\u00bb global_colors_info=\u00a0\u00bb{%22gcid-0a4b8514-58d9-4d28-81c8-4795182d86df%22:%91%22closed_toggle_background_color%22,%22open_toggle_text_color%22,%22box_shadow_color%22,%22open_icon_color%22%93}\u00a0\u00bb]<\/p>\n<p>Nous sommes une polyclinique internationale bas\u00e9e \u00e0 D\u00e9nia et recherchons d\u00e8s que possible<\/p>\n<p style=\"text-align: center;\"><strong>une infirmi\u00e8re\/un infirmier.<\/strong><\/p>\n<p>Vous aimez travailler avec des gens, vous parlez espagnol et allemand, vous voulez travailler dans une \u00e9quipe forte et grandir avec nous ? Alors nous devrions faire connaissance. Pas de travail de nuit, pas de travail du dimanche.<\/p>\n<p><strong>t\u00e2ches :<\/strong><\/p>\n<p>Soins ambulatoires pour les patients<\/p>\n<p>Soins aux patients<\/p>\n<p>Soutien aux m\u00e9decins<\/p>\n<p>Pr\u00e9l\u00e8vements sanguins<\/p>\n<p>Documentation des diagnostics et des traitements<\/p>\n<p>Aide \u00e0 la traduction pour les patients DE\/ES<\/p>\n<p>&nbsp;<\/p>\n<p><strong>Exigences<\/strong>:<\/p>\n<p>Formation correspondante<\/p>\n<p>Allemand et espagnol, une autre langue est un atout<\/p>\n<p>Capacit\u00e9 d&rsquo;organisation<\/p>\n<p>Capacit\u00e9 \u00e0 travailler en \u00e9quipe<\/p>\n<p>Une apparence soign\u00e9e<\/p>\n<p>Fiabilit\u00e9<\/p>\n<p>&nbsp;<\/p>\n<p>Vous \u00eates curieux ? Nous nous r\u00e9jouissons de recevoir votre<a href=\"https:\/\/pglorieta.com\/fr\/formulaire-de-candidature\/\"> candidature via ce lien !<\/a><\/p>\n<p>[\/et_pb_toggle][et_pb_toggle title=\u00a0\u00bbSp\u00e9cialiste en m\u00e9decine g\u00e9n\u00e9rale\u00a0\u00bb open_toggle_text_color=\u00a0\u00bbgcid-0a4b8514-58d9-4d28-81c8-4795182d86df\u00a0\u00bb open_toggle_background_color=\u00a0\u00bb#FFFFFF\u00a0\u00bb closed_toggle_text_color=\u00a0\u00bb#FFFFFF\u00a0\u00bb closed_toggle_background_color=\u00a0\u00bbgcid-0a4b8514-58d9-4d28-81c8-4795182d86df\u00a0\u00bb icon_color=\u00a0\u00bb#FFFFFF\u00a0\u00bb toggle_icon=\u00a0\u00bb&#x47;||divi||400&Prime; use_icon_font_size=\u00a0\u00bbon\u00a0\u00bb icon_font_size=\u00a0\u00bb28px\u00a0\u00bb open_icon_color=\u00a0\u00bbgcid-0a4b8514-58d9-4d28-81c8-4795182d86df\u00a0\u00bb open_toggle_icon=\u00a0\u00bb&#xe04b;||divi||400&Prime; open_use_icon_font_size=\u00a0\u00bbon\u00a0\u00bb open_icon_font_size=\u00a0\u00bb28px\u00a0\u00bb _builder_version=\u00a0\u00bb4.18.0&Prime; _module_preset=\u00a0\u00bbdefault\u00a0\u00bb title_text_color=\u00a0\u00bb#FFFFFF\u00a0\u00bb title_level=\u00a0\u00bbh3&Prime; hover_enabled=\u00a0\u00bb0&Prime; box_shadow_style=\u00a0\u00bbpreset2&Prime; box_shadow_color=\u00a0\u00bbgcid-0a4b8514-58d9-4d28-81c8-4795182d86df\u00a0\u00bb global_colors_info=\u00a0\u00bb{%22gcid-0a4b8514-58d9-4d28-81c8-4795182d86df%22:%91%22closed_toggle_background_color%22,%22open_toggle_text_color%22,%22box_shadow_color%22,%22open_icon_color%22%93}\u00a0\u00bb sticky_enabled=\u00a0\u00bb0&Prime;]<\/p>\n<p>Vous voulez avoir plus de temps \u00e0 consacrer \u00e0 vos patients et d\u00e9cider vous-m\u00eame de votre quotidien m\u00e9dical ? Vous voulez travailler l\u00e0 o\u00f9 d&rsquo;autres passent leurs vacances ? Vous parlez allemand et souhaitez participer activement au d\u00e9veloppement d&rsquo;une clinique renomm\u00e9e de la Costa Blanca ?<\/p>\n<p>Alors, il faut qu&rsquo;on parle. La Policlinica Glorieta de D\u00e9nia cherche \u00e0 recruter d\u00e8s que possible :<\/p>\n<p>&#8211; un m\u00e9decin g\u00e9n\u00e9raliste<\/p>\n<p>Notre clinique internationale est en pleine croissance et nous recherchons une personnalit\u00e9 qui souhaite s&rsquo;engager \u00e0 long terme aux c\u00f4t\u00e9s du directeur clinique et consolider et d\u00e9velopper sa carri\u00e8re \u00e0 D\u00e9nia.<\/p>\n<p>Vous \u00eates curieux ? Nous nous r\u00e9jouissons de recevoir votre<a href=\"https:\/\/pglorieta.com\/fr\/formulaire-de-candidature\/\"> candidature via ce lien !<\/a><\/p>\n<p>[\/et_pb_toggle][et_pb_toggle title=\u00a0\u00bbM\u00e9decins sp\u00e9cialistes  \u00a0\u00bb open_toggle_text_color=\u00a0\u00bbgcid-0a4b8514-58d9-4d28-81c8-4795182d86df\u00a0\u00bb open_toggle_background_color=\u00a0\u00bb#FFFFFF\u00a0\u00bb closed_toggle_text_color=\u00a0\u00bb#FFFFFF\u00a0\u00bb closed_toggle_background_color=\u00a0\u00bbgcid-0a4b8514-58d9-4d28-81c8-4795182d86df\u00a0\u00bb icon_color=\u00a0\u00bb#FFFFFF\u00a0\u00bb toggle_icon=\u00a0\u00bb&#x47;||divi||400&Prime; use_icon_font_size=\u00a0\u00bbon\u00a0\u00bb icon_font_size=\u00a0\u00bb28px\u00a0\u00bb open_icon_color=\u00a0\u00bbgcid-0a4b8514-58d9-4d28-81c8-4795182d86df\u00a0\u00bb open_toggle_icon=\u00a0\u00bb&#xe04b;||divi||400&Prime; open_use_icon_font_size=\u00a0\u00bbon\u00a0\u00bb open_icon_font_size=\u00a0\u00bb28px\u00a0\u00bb _builder_version=\u00a0\u00bb4.18.0&Prime; _module_preset=\u00a0\u00bbdefault\u00a0\u00bb title_text_color=\u00a0\u00bb#FFFFFF\u00a0\u00bb title_level=\u00a0\u00bbh3&Prime; hover_enabled=\u00a0\u00bb0&Prime; box_shadow_style=\u00a0\u00bbpreset2&Prime; box_shadow_color=\u00a0\u00bbgcid-0a4b8514-58d9-4d28-81c8-4795182d86df\u00a0\u00bb global_colors_info=\u00a0\u00bb{%22gcid-0a4b8514-58d9-4d28-81c8-4795182d86df%22:%91%22closed_toggle_background_color%22,%22open_toggle_text_color%22,%22box_shadow_color%22,%22open_icon_color%22%93}\u00a0\u00bb sticky_enabled=\u00a0\u00bb0&Prime;]<\/p>\n<p>Vous voulez avoir plus de temps \u00e0 consacrer \u00e0 vos patients et d\u00e9cider vous-m\u00eame de votre quotidien m\u00e9dical ? Vous voulez travailler l\u00e0 o\u00f9 d&rsquo;autres passent leurs vacances ? Vous parlez allemand et souhaitez participer activement au d\u00e9veloppement d&rsquo;une clinique renomm\u00e9e de la Costa Blanca ?<\/p>\n<p>Alors, il faut qu&rsquo;on parle. La Policlinica Glorieta de D\u00e9nia cherche \u00e0 recruter d\u00e8s que possible :<\/p>\n<p>&#8211; un(e) sp\u00e9cialiste en m\u00e9decine interne<\/p>\n<p>&#8211; un(e) sp\u00e9cialiste en allergologie<\/p>\n<p>&#8211; un(e) sp\u00e9cialiste en oncologie<\/p>\n<p>Vous \u00eates curieux ? Nous nous r\u00e9jouissons de recevoir votre<a href=\"https:\/\/pglorieta.com\/fr\/formulaire-de-candidature\/\"> candidature via ce lien !<\/a><\/p>\n<p>[\/et_pb_toggle][\/et_pb_column][\/et_pb_section][et_pb_section fb_built=\u00a0\u00bb1&Prime; _builder_version=\u00a0\u00bb4.16.0&Prime; _module_preset=\u00a0\u00bbdefault\u00a0\u00bb global_colors_info=\u00a0\u00bb{}\u00a0\u00bb][et_pb_row _builder_version=\u00a0\u00bb4.16.0&Prime; _module_preset=\u00a0\u00bbdefault\u00a0\u00bb global_colors_info=\u00a0\u00bb{}\u00a0\u00bb][et_pb_column type=\u00a0\u00bb4_4&Prime; _builder_version=\u00a0\u00bb4.16.0&Prime; _module_preset=\u00a0\u00bbdefault\u00a0\u00bb global_colors_info=\u00a0\u00bb{}\u00a0\u00bb][et_pb_divider show_divider=\u00a0\u00bboff\u00a0\u00bb _builder_version=\u00a0\u00bb4.16.0&Prime; _module_preset=\u00a0\u00bbdefault\u00a0\u00bb min_height=\u00a0\u00bb89.8px\u00a0\u00bb global_colors_info=\u00a0\u00bb{}\u00a0\u00bb][\/et_pb_divider][\/et_pb_column][\/et_pb_row][\/et_pb_section]<\/p>\n","protected":false},"excerpt":{"rendered":"<p>Carri\u00e8re dans la Policlinique Glorieta Photo : megaflopp &#8211; Adobe Stock Le succ\u00e8s a plusieurs visages Des postes de travail modernes, un fort esprit d&rsquo;\u00e9quipe Notre succ\u00e8s repose sur trois piliers : la comp\u00e9tence de notre \u00e9quipe, un \u00e9quipement de pointe et l&rsquo;amour de notre travail. Nous nous engageons chaque jour \u00e0 offrir \u00e0 nos [&hellip;]<\/p>\n","protected":false},"author":3,"featured_media":0,"parent":0,"menu_order":24,"comment_status":"closed","ping_status":"closed","template":"","meta":{"_et_pb_use_builder":"on","_et_pb_old_content":"","_et_gb_content_width":"","_glsr_average":0,"_glsr_ranking":0,"_glsr_reviews":0,"footnotes":""},"class_list":["post-373360","page","type-page","status-publish","hentry"],"_links":{"self":[{"href":"https:\/\/pglorieta.com\/fr\/wp-json\/wp\/v2\/pages\/373360","targetHints":{"allow":["GET"]}}],"collection":[{"href":"https:\/\/pglorieta.com\/fr\/wp-json\/wp\/v2\/pages"}],"about":[{"href":"https:\/\/pglorieta.com\/fr\/wp-json\/wp\/v2\/types\/page"}],"author":[{"embeddable":true,"href":"https:\/\/pglorieta.com\/fr\/wp-json\/wp\/v2\/users\/3"}],"replies":[{"embeddable":true,"href":"https:\/\/pglorieta.com\/fr\/wp-json\/wp\/v2\/comments?post=373360"}],"version-history":[{"count":10,"href":"https:\/\/pglorieta.com\/fr\/wp-json\/wp\/v2\/pages\/373360\/revisions"}],"predecessor-version":[{"id":374266,"href":"https:\/\/pglorieta.com\/fr\/wp-json\/wp\/v2\/pages\/373360\/revisions\/374266"}],"wp:attachment":[{"href":"https:\/\/pglorieta.com\/fr\/wp-json\/wp\/v2\/media?parent=373360"}],"curies":[{"name":"wp","href":"https:\/\/api.w.org\/{rel}","templated":true}]}}