{"id":373350,"date":"2022-03-22T15:30:02","date_gmt":"2022-03-22T14:30:02","guid":{"rendered":"https:\/\/pglorieta.com\/centre-de-deuxieme-avis\/"},"modified":"2022-07-21T08:56:55","modified_gmt":"2022-07-21T06:56:55","slug":"centre-de-deuxieme-avis","status":"publish","type":"page","link":"https:\/\/pglorieta.com\/fr\/centre-de-deuxieme-avis\/","title":{"rendered":"Centre de deuxi\u00e8me avis"},"content":{"rendered":"<p>[et_pb_section fb_built=\u00a0\u00bb1&Prime; fullwidth=\u00a0\u00bbon\u00a0\u00bb disabled_on=\u00a0\u00bbon|off|off\u00a0\u00bb _builder_version=\u00a0\u00bb4.16&Prime; background_enable_image=\u00a0\u00bboff\u00a0\u00bb custom_padding=\u00a0\u00bb|||\u00a0\u00bb global_colors_info=\u00a0\u00bb{}\u00a0\u00bb][et_pb_fullwidth_header text_orientation=\u00a0\u00bbcenter\u00a0\u00bb background_overlay_color=\u00a0\u00bbRGBA(255,255,255,0)\u00a0\u00bb module_class=\u00a0\u00bbdct-header-title\u00a0\u00bb _builder_version=\u00a0\u00bb4.16&Prime; title_font=\u00a0\u00bb|700|||||||\u00a0\u00bb title_text_color=\u00a0\u00bb#FFFFFF\u00a0\u00bb content_font=\u00a0\u00bb||||||||\u00a0\u00bb background_enable_color=\u00a0\u00bboff\u00a0\u00bb background_image=\u00a0\u00bbhttps:\/\/pglorieta.com\/wp-content\/uploads\/2022\/03\/Zweitmeinungszentrum-Poliklinik-Costa-Blanca.jpg\u00a0\u00bb background_blend=\u00a0\u00bboverlay\u00a0\u00bb background_layout=\u00a0\u00bblight\u00a0\u00bb custom_padding=\u00a0\u00bb125px||||false|false\u00a0\u00bb custom_padding_tablet=\u00a0\u00bb\u00a0\u00bb custom_padding_phone=\u00a0\u00bb50px|||\u00a0\u00bb custom_padding_last_edited=\u00a0\u00bbon|phone\u00a0\u00bb title_font_size_tablet=\u00a0\u00bb\u00a0\u00bb title_font_size_phone=\u00a0\u00bb28px\u00a0\u00bb title_font_size_last_edited=\u00a0\u00bbon|desktop\u00a0\u00bb title_text_shadow_style=\u00a0\u00bbpreset5&Prime; title_text_shadow_color=\u00a0\u00bb#000000&Prime; text_shadow_style=\u00a0\u00bbpreset3&Prime; text_shadow_color=\u00a0\u00bb#FFFFFF\u00a0\u00bb global_colors_info=\u00a0\u00bb{%22gcid-0a4b8514-58d9-4d28-81c8-4795182d86df%22:%91%22background_color%22%93}\u00a0\u00bb button_one_text_size__hover_enabled=\u00a0\u00bboff\u00a0\u00bb button_two_text_size__hover_enabled=\u00a0\u00bboff\u00a0\u00bb button_one_text_color__hover_enabled=\u00a0\u00bboff\u00a0\u00bb button_two_text_color__hover_enabled=\u00a0\u00bboff\u00a0\u00bb button_one_border_width__hover_enabled=\u00a0\u00bboff\u00a0\u00bb button_two_border_width__hover_enabled=\u00a0\u00bboff\u00a0\u00bb button_one_border_color__hover_enabled=\u00a0\u00bboff\u00a0\u00bb button_two_border_color__hover_enabled=\u00a0\u00bboff\u00a0\u00bb button_one_border_radius__hover_enabled=\u00a0\u00bboff\u00a0\u00bb button_two_border_radius__hover_enabled=\u00a0\u00bboff\u00a0\u00bb button_one_letter_spacing__hover_enabled=\u00a0\u00bboff\u00a0\u00bb button_two_letter_spacing__hover_enabled=\u00a0\u00bboff\u00a0\u00bb button_one_bg_color__hover_enabled=\u00a0\u00bboff\u00a0\u00bb button_two_bg_color__hover_enabled=\u00a0\u00bboff\u00a0\u00bb]<\/p>\n<h1 style=\"text-align: center;\">Centre de deuxi\u00e8me avis<\/h1>\n<h1 style=\"text-align: center;\">Policl\u00ednica Glorieta<\/h1>\n<h1><\/h1>\n<p>[\/et_pb_fullwidth_header][\/et_pb_section][et_pb_section fb_built=\u00a0\u00bb1&Prime; fullwidth=\u00a0\u00bbon\u00a0\u00bb _builder_version=\u00a0\u00bb4.16&Prime; _module_preset=\u00a0\u00bbdefault\u00a0\u00bb global_colors_info=\u00a0\u00bb{}\u00a0\u00bb][et_pb_fullwidth_header title=\u00a0\u00bbCentre de deuxi\u00e8me avis  \u00a0\u00bb disabled_on=\u00a0\u00bboff|on|on\u00a0\u00bb _builder_version=\u00a0\u00bb4.16&Prime; _module_preset=\u00a0\u00bbdefault\u00a0\u00bb title_text_align=\u00a0\u00bbcenter\u00a0\u00bb global_colors_info=\u00a0\u00bb{}\u00a0\u00bb][\/et_pb_fullwidth_header][\/et_pb_section][et_pb_section fb_built=\u00a0\u00bb1&Prime; _builder_version=\u00a0\u00bb4.16&Prime; _module_preset=\u00a0\u00bbdefault\u00a0\u00bb global_colors_info=\u00a0\u00bb{}\u00a0\u00bb][et_pb_row _builder_version=\u00a0\u00bb4.16&Prime; _module_preset=\u00a0\u00bbdefault\u00a0\u00bb global_colors_info=\u00a0\u00bb{}\u00a0\u00bb][et_pb_column type=\u00a0\u00bb4_4&Prime; _builder_version=\u00a0\u00bb4.16&Prime; _module_preset=\u00a0\u00bbdefault\u00a0\u00bb global_colors_info=\u00a0\u00bb{}\u00a0\u00bb][et_pb_text disabled_on=\u00a0\u00bbon|off|off\u00a0\u00bb _builder_version=\u00a0\u00bb4.16&Prime; _module_preset=\u00a0\u00bbdefault\u00a0\u00bb text_font_size=\u00a0\u00bb10px\u00a0\u00bb custom_margin=\u00a0\u00bb-25px||||false|false\u00a0\u00bb global_colors_info=\u00a0\u00bb{}\u00a0\u00bb]<\/p>\n<p style=\"text-align: right;\">Photo : Have a nice day- Adobe Stock<\/p>\n<p>[\/et_pb_text][\/et_pb_column][\/et_pb_row][\/et_pb_section][et_pb_section fb_built=\u00a0\u00bb1&Prime; _builder_version=\u00a0\u00bb4.16&Prime; _module_preset=\u00a0\u00bbdefault\u00a0\u00bb global_colors_info=\u00a0\u00bb{}\u00a0\u00bb][et_pb_row _builder_version=\u00a0\u00bb4.16&Prime; _module_preset=\u00a0\u00bbdefault\u00a0\u00bb global_colors_info=\u00a0\u00bb{}\u00a0\u00bb][et_pb_column type=\u00a0\u00bb4_4&Prime; _builder_version=\u00a0\u00bb4.16&Prime; _module_preset=\u00a0\u00bbdefault\u00a0\u00bb global_colors_info=\u00a0\u00bb{}\u00a0\u00bb][et_pb_text _builder_version=\u00a0\u00bb4.16&Prime; text_font=\u00a0\u00bb||||||||\u00a0\u00bb header_font=\u00a0\u00bb||||||||\u00a0\u00bb header_text_align=\u00a0\u00bbcenter\u00a0\u00bb header_2_font=\u00a0\u00bb|700||on|||||\u00a0\u00bb header_2_text_color=\u00a0\u00bbgcid-0a4b8514-58d9-4d28-81c8-4795182d86df\u00a0\u00bb header_2_font_size=\u00a0\u00bb30px\u00a0\u00bb text_orientation=\u00a0\u00bbcenter\u00a0\u00bb custom_margin=\u00a0\u00bb|||\u00a0\u00bb custom_padding=\u00a0\u00bb17px|||||\u00a0\u00bb global_colors_info=\u00a0\u00bb{%22gcid-0a4b8514-58d9-4d28-81c8-4795182d86df%22:%91%22header_2_text_color%22%93}\u00a0\u00bb]<\/p>\n<div class=\"dct-title clearfix\">\n<h2 class=\"hadding\">Votre centre de deuxi\u00e8me avis sur la Costa Blanca<\/h2>\n<p>La voie vers une th\u00e9rapie optimale<\/p>\n<\/div>\n<p>[\/et_pb_text][\/et_pb_column][\/et_pb_row][\/et_pb_section][et_pb_section fb_built=\u00a0\u00bb1&Prime; _builder_version=\u00a0\u00bb4.16&Prime; _module_preset=\u00a0\u00bbdefault\u00a0\u00bb global_colors_info=\u00a0\u00bb{}\u00a0\u00bb][et_pb_row _builder_version=\u00a0\u00bb4.16&Prime; _module_preset=\u00a0\u00bbdefault\u00a0\u00bb global_colors_info=\u00a0\u00bb{}\u00a0\u00bb][et_pb_column type=\u00a0\u00bb4_4&Prime; _builder_version=\u00a0\u00bb4.16&Prime; _module_preset=\u00a0\u00bbdefault\u00a0\u00bb global_colors_info=\u00a0\u00bb{}\u00a0\u00bb][et_pb_text _builder_version=\u00a0\u00bb4.16&Prime; _module_preset=\u00a0\u00bbdefault\u00a0\u00bb global_colors_info=\u00a0\u00bb{}\u00a0\u00bb]<\/p>\n<p>Si l&rsquo;on n&rsquo;est pas s\u00fbr que le traitement d\u00e9fini soit le bon pour soi, il est recommand\u00e9 d&rsquo;obtenir un autre avis, ce que l&rsquo;on appelle le deuxi\u00e8me avis d&rsquo;un m\u00e9decin. Vous avez \u00e9galement cette possibilit\u00e9 dans votre policlinique Glorieta pour 16 sp\u00e9cialit\u00e9s diff\u00e9rentes.<\/p>\n<p>Pour obtenir un deuxi\u00e8me avis professionnel, peu importe que vous soyez d\u00e9j\u00e0 patient chez nous. Il est important de noter qu&rsquo;une expertise professionnelle ne peut \u00eatre fournie qu&rsquo;apr\u00e8s un examen et une consultation personnels.<\/p>\n<p><strong>En fin de compte, c&rsquo;est le patient qui d\u00e9cide<\/strong><br \/>Dans un premier temps, nous examinons les r\u00e9sultats disponibles, les clich\u00e9s d&rsquo;imagerie m\u00e9dicale et les recommandations th\u00e9rapeutiques ant\u00e9rieures. Si tous nos examens aboutissent \u00e0 un deuxi\u00e8me avis divergent, nous prenons contact avec le premier m\u00e9decin traitant. Nous \u00e9vitons ainsi qu&rsquo;un \u00e9ventuel conflit professionnel ne vous affecte en tant que patient. Mais c&rsquo;est \u00e0 vous de d\u00e9cider \u00e0 100 % si vous voulez suivre le deuxi\u00e8me avis et o\u00f9 vous voulez vous faire soigner.<\/p>\n<p><strong>Soutien et \u00e9change professionnel<\/strong><br \/>Nous sommes \u00e9galement \u00e0 la disposition de nos coll\u00e8gues pour les conseiller professionnellement dans le choix de la th\u00e9rapie la plus prometteuse.<\/p>\n<p>[\/et_pb_text][\/et_pb_column][\/et_pb_row][\/et_pb_section][et_pb_section fb_built=\u00a0\u00bb1&Prime; _builder_version=\u00a0\u00bb4.16&Prime; _module_preset=\u00a0\u00bbdefault\u00a0\u00bb global_colors_info=\u00a0\u00bb{}\u00a0\u00bb][et_pb_row _builder_version=\u00a0\u00bb4.16&Prime; _module_preset=\u00a0\u00bbdefault\u00a0\u00bb global_colors_info=\u00a0\u00bb{}\u00a0\u00bb][et_pb_column type=\u00a0\u00bb4_4&Prime; _builder_version=\u00a0\u00bb4.16&Prime; _module_preset=\u00a0\u00bbdefault\u00a0\u00bb global_colors_info=\u00a0\u00bb{}\u00a0\u00bb][et_pb_divider divider_weight=\u00a0\u00bb4px\u00a0\u00bb _builder_version=\u00a0\u00bb4.16&Prime; _module_preset=\u00a0\u00bbdefault\u00a0\u00bb width=\u00a0\u00bb52%\u00a0\u00bb module_alignment=\u00a0\u00bbcenter\u00a0\u00bb global_colors_info=\u00a0\u00bb{}\u00a0\u00bb][\/et_pb_divider][\/et_pb_column][\/et_pb_row][\/et_pb_section][et_pb_section fb_built=\u00a0\u00bb1&Prime; _builder_version=\u00a0\u00bb4.16&Prime; _module_preset=\u00a0\u00bbdefault\u00a0\u00bb global_colors_info=\u00a0\u00bb{}\u00a0\u00bb][et_pb_row use_custom_gutter=\u00a0\u00bbon\u00a0\u00bb gutter_width=\u00a0\u00bb1&Prime; module_class=\u00a0\u00bb et_pb_row_fullwidth\u00a0\u00bb _builder_version=\u00a0\u00bb3.25&Prime; width=\u00a0\u00bb100%\u00a0\u00bb width_tablet=\u00a0\u00bb100%\u00a0\u00bb width_phone=\u00a0\u00bb100%\u00a0\u00bb width_last_edited=\u00a0\u00bbon|desktop\u00a0\u00bb max_width=\u00a0\u00bb100%\u00a0\u00bb max_width_tablet=\u00a0\u00bb100%\u00a0\u00bb max_width_phone=\u00a0\u00bb100%\u00a0\u00bb max_width_last_edited=\u00a0\u00bbon|desktop\u00a0\u00bb custom_padding=\u00a0\u00bb27px|0px|0|0px|false|false\u00a0\u00bb make_fullwidth=\u00a0\u00bbon\u00a0\u00bb global_module=\u00a0\u00bb368059&Prime; saved_tabs=\u00a0\u00bball\u00a0\u00bb global_colors_info=\u00a0\u00bb{}\u00a0\u00bb][et_pb_column type=\u00a0\u00bb4_4&Prime; _builder_version=\u00a0\u00bb4.16&Prime; custom_padding=\u00a0\u00bb|||\u00a0\u00bb global_colors_info=\u00a0\u00bb{}\u00a0\u00bb custom_padding__hover=\u00a0\u00bb|||\u00a0\u00bb][et_pb_cta title=\u00a0\u00bbPrenez rendez-vous maintenant !\u00a0\u00bb button_url=\u00a0\u00bbhttps:\/\/pglorieta.com\/kontakt\/\u00a0\u00bb button_text=\u00a0\u00bbContact\u00a0\u00bb module_class=\u00a0\u00bbdct_cta_1&Prime; _builder_version=\u00a0\u00bb4.17.1&Prime; header_text_color=\u00a0\u00bb#FFFFFF\u00a0\u00bb background_enable_color=\u00a0\u00bboff\u00a0\u00bb background_image=\u00a0\u00bbhttps:\/\/pglorieta.com\/wp-content\/uploads\/2022\/03\/Hintergrund.jpg\u00a0\u00bb background_position=\u00a0\u00bbtop_center\u00a0\u00bb background_blend=\u00a0\u00bboverlay\u00a0\u00bb custom_button=\u00a0\u00bbon\u00a0\u00bb button_text_size=\u00a0\u00bb25px\u00a0\u00bb button_font=\u00a0\u00bb|||on|||||\u00a0\u00bb button_icon=\u00a0\u00bb&#x24;||divi||400&Prime; background_layout=\u00a0\u00bblight\u00a0\u00bb custom_padding=\u00a0\u00bb120px||120px|\u00a0\u00bb global_colors_info=\u00a0\u00bb{}\u00a0\u00bb]<\/p>\n<h3>Vous avez des questions ou vous souhaitez prendre rendez-vous ? Nous sommes \u00e0 votre disposition ! Appelez-nous ou \u00e9crivez-nous.<\/h3>\n<p>[\/et_pb_cta][\/et_pb_column][\/et_pb_row][\/et_pb_section]<\/p>\n","protected":false},"excerpt":{"rendered":"<p>Centre de deuxi\u00e8me avis Policl\u00ednica Glorieta Photo : Have a nice day- Adobe Stock Votre centre de deuxi\u00e8me avis sur la Costa Blanca La voie vers une th\u00e9rapie optimale Si l&rsquo;on n&rsquo;est pas s\u00fbr que le traitement d\u00e9fini soit le bon pour soi, il est recommand\u00e9 d&rsquo;obtenir un autre avis, ce que l&rsquo;on appelle le [&hellip;]<\/p>\n","protected":false},"author":3,"featured_media":0,"parent":0,"menu_order":18,"comment_status":"closed","ping_status":"closed","template":"","meta":{"_et_pb_use_builder":"on","_et_pb_old_content":"","_et_gb_content_width":"","_glsr_average":0,"_glsr_ranking":0,"_glsr_reviews":0,"footnotes":""},"class_list":["post-373350","page","type-page","status-publish","hentry"],"_links":{"self":[{"href":"https:\/\/pglorieta.com\/fr\/wp-json\/wp\/v2\/pages\/373350","targetHints":{"allow":["GET"]}}],"collection":[{"href":"https:\/\/pglorieta.com\/fr\/wp-json\/wp\/v2\/pages"}],"about":[{"href":"https:\/\/pglorieta.com\/fr\/wp-json\/wp\/v2\/types\/page"}],"author":[{"embeddable":true,"href":"https:\/\/pglorieta.com\/fr\/wp-json\/wp\/v2\/users\/3"}],"replies":[{"embeddable":true,"href":"https:\/\/pglorieta.com\/fr\/wp-json\/wp\/v2\/comments?post=373350"}],"version-history":[{"count":2,"href":"https:\/\/pglorieta.com\/fr\/wp-json\/wp\/v2\/pages\/373350\/revisions"}],"predecessor-version":[{"id":373355,"href":"https:\/\/pglorieta.com\/fr\/wp-json\/wp\/v2\/pages\/373350\/revisions\/373355"}],"wp:attachment":[{"href":"https:\/\/pglorieta.com\/fr\/wp-json\/wp\/v2\/media?parent=373350"}],"curies":[{"name":"wp","href":"https:\/\/api.w.org\/{rel}","templated":true}]}}