{"id":369648,"date":"2022-03-28T16:27:45","date_gmt":"2022-03-28T14:27:45","guid":{"rendered":"https:\/\/pglorieta.com\/carrera-profesional\/"},"modified":"2022-08-18T11:27:09","modified_gmt":"2022-08-18T09:27:09","slug":"carrera-profesional","status":"publish","type":"page","link":"https:\/\/pglorieta.com\/es\/carrera-profesional\/","title":{"rendered":"Carrera profesional"},"content":{"rendered":"<p>[et_pb_section fb_built=\u00bb1&#8243; fullwidth=\u00bbon\u00bb disabled_on=\u00bbon|off|off\u00bb _builder_version=\u00bb4.16&#8243; background_enable_image=\u00bboff\u00bb custom_padding=\u00bb|||\u00bb global_colors_info=\u00bb{}\u00bb][et_pb_fullwidth_header text_orientation=\u00bbcenter\u00bb background_overlay_color=\u00bbRGBA(255,255,255,0)\u00bb module_class=\u00bbdct-header-title\u00bb _builder_version=\u00bb4.16&#8243; title_font=\u00bb|700|||||||\u00bb title_text_color=\u00bb#FFFFFF\u00bb content_font=\u00bb||||||||\u00bb background_enable_color=\u00bboff\u00bb background_image=\u00bbhttps:\/\/pglorieta.com\/wp-content\/uploads\/2022\/03\/Karriere-Policlinica-Glorieta.jpg\u00bb background_blend=\u00bboverlay\u00bb background_layout=\u00bblight\u00bb custom_margin=\u00bb||||false|false\u00bb custom_padding=\u00bb50px||190px||false|false\u00bb custom_padding_tablet=\u00bb\u00bb custom_padding_phone=\u00bb50px|||\u00bb custom_padding_last_edited=\u00bbon|phone\u00bb title_font_size_tablet=\u00bb\u00bb title_font_size_phone=\u00bb28px\u00bb title_font_size_last_edited=\u00bbon|desktop\u00bb title_text_shadow_style=\u00bbpreset2&#8243; title_text_shadow_color=\u00bb#000000&#8243; text_shadow_style=\u00bbpreset3&#8243; text_shadow_color=\u00bb#FFFFFF\u00bb global_colors_info=\u00bb{%22gcid-0a4b8514-58d9-4d28-81c8-4795182d86df%22:%91%22background_color%22%93}\u00bb button_one_text_size__hover_enabled=\u00bboff\u00bb button_two_text_size__hover_enabled=\u00bboff\u00bb button_one_text_color__hover_enabled=\u00bboff\u00bb button_two_text_color__hover_enabled=\u00bboff\u00bb button_one_border_width__hover_enabled=\u00bboff\u00bb button_two_border_width__hover_enabled=\u00bboff\u00bb button_one_border_color__hover_enabled=\u00bboff\u00bb button_two_border_color__hover_enabled=\u00bboff\u00bb button_one_border_radius__hover_enabled=\u00bboff\u00bb button_two_border_radius__hover_enabled=\u00bboff\u00bb button_one_letter_spacing__hover_enabled=\u00bboff\u00bb button_two_letter_spacing__hover_enabled=\u00bboff\u00bb button_one_bg_color__hover_enabled=\u00bboff\u00bb button_two_bg_color__hover_enabled=\u00bboff\u00bb]<\/p>\n<h1 style=\"text-align: center;\">carrera en el<\/h1>\n<h1 style=\"text-align: center;\">Policl\u00ednico Glorieta<\/h1>\n<h1><\/h1>\n<p>[\/et_pb_fullwidth_header][\/et_pb_section][et_pb_section fb_built=\u00bb1&#8243; fullwidth=\u00bbon\u00bb _builder_version=\u00bb4.16&#8243; _module_preset=\u00bbdefault\u00bb global_colors_info=\u00bb{}\u00bb][et_pb_fullwidth_header title=\u00bbCarrera en el Policl\u00ednico Glorieta\u00bb disabled_on=\u00bboff|on|on\u00bb _builder_version=\u00bb4.16&#8243; _module_preset=\u00bbdefault\u00bb title_text_align=\u00bbcenter\u00bb global_colors_info=\u00bb{}\u00bb][\/et_pb_fullwidth_header][\/et_pb_section][et_pb_section fb_built=\u00bb1&#8243; _builder_version=\u00bb4.16&#8243; _module_preset=\u00bbdefault\u00bb global_colors_info=\u00bb{}\u00bb][et_pb_row _builder_version=\u00bb4.16&#8243; _module_preset=\u00bbdefault\u00bb global_colors_info=\u00bb{}\u00bb][et_pb_column type=\u00bb4_4&#8243; _builder_version=\u00bb4.16&#8243; _module_preset=\u00bbdefault\u00bb global_colors_info=\u00bb{}\u00bb][et_pb_text disabled_on=\u00bbon|off|off\u00bb _builder_version=\u00bb4.16&#8243; _module_preset=\u00bbdefault\u00bb text_font_size=\u00bb10px\u00bb custom_margin=\u00bb-25px||||false|false\u00bb global_colors_info=\u00bb{}\u00bb]<\/p>\n<p style=\"text-align: right;\">Foto: megaflopp &#8211; Adobe Stock<\/p>\n<p>[\/et_pb_text][\/et_pb_column][\/et_pb_row][\/et_pb_section][et_pb_section fb_built=\u00bb1&#8243; make_equal=\u00bbon\u00bb use_custom_gutter=\u00bbon\u00bb gutter_width=\u00bb2&#8243; specialty=\u00bbon\u00bb _builder_version=\u00bb4.16&#8243; global_colors_info=\u00bb{}\u00bb][et_pb_column type=\u00bb1_2&#8243; specialty_columns=\u00bb2&#8243; _builder_version=\u00bb4.16&#8243; custom_padding=\u00bb|||\u00bb global_colors_info=\u00bb{}\u00bb parallax__hover=\u00bboff\u00bb parallax_method__hover=\u00bbon\u00bb custom_padding__hover=\u00bb|||\u00bb][et_pb_row_inner _builder_version=\u00bb4.16&#8243; global_colors_info=\u00bb{}\u00bb][et_pb_column_inner saved_specialty_column_type=\u00bb1_2&#8243; _builder_version=\u00bb4.16&#8243; custom_padding=\u00bb|||\u00bb global_colors_info=\u00bb{}\u00bb parallax__hover=\u00bboff\u00bb parallax_method__hover=\u00bbon\u00bb custom_padding__hover=\u00bb|||\u00bb][et_pb_text _builder_version=\u00bb4.16&#8243; text_font=\u00bb||||||||\u00bb header_font=\u00bb||||||||\u00bb header_text_align=\u00bbcenter\u00bb header_2_font=\u00bb|700||on|||||\u00bb header_2_text_color=\u00bbgcid-0a4b8514-58d9-4d28-81c8-4795182d86df\u00bb header_2_font_size=\u00bb30px\u00bb text_orientation=\u00bbcenter\u00bb custom_margin=\u00bb-14px|||||\u00bb custom_padding=\u00bb17px|||||\u00bb global_colors_info=\u00bb{%22gcid-0a4b8514-58d9-4d28-81c8-4795182d86df%22:%91%22header_2_text_color%22%93}\u00bb]<\/p>\n<div class=\"dct-title clearfix\">\n<h2 class=\"hadding\">El \u00e9xito tiene muchas caras<\/h2>\n<p>Lugares de trabajo modernos, fuerte esp\u00edritu de equipo<\/p>\n<\/div>\n<p>[\/et_pb_text][et_pb_text _builder_version=\u00bb4.16.0&#8243; _module_preset=\u00bbdefault\u00bb global_colors_info=\u00bb{}\u00bb]<\/p>\n<p>Nuestro \u00e9xito se basa en tres pilares: la competencia del equipo, los equipos de \u00faltima generaci\u00f3n y el amor por nuestro trabajo. Nos esforzamos d\u00eda a d\u00eda para ofrecer a nuestros pacientes el mejor tratamiento posible.<\/p>\n<p>Nuestra cl\u00ednica es internacional. Esto es a la vez un desaf\u00edo y una satisfacci\u00f3n. Si eres el mejor en tu campo, te encanta tratar con la gente y ves tu trabajo como una vocaci\u00f3n, entonces deber\u00edamos conocernos.<\/p>\n<p><strong><\/strong><\/p>\n<p>[\/et_pb_text][\/et_pb_column_inner][\/et_pb_row_inner][\/et_pb_column][et_pb_column type=\u00bb1_2&#8243; _builder_version=\u00bb4.16&#8243; custom_padding=\u00bb|||\u00bb global_colors_info=\u00bb{}\u00bb parallax__hover=\u00bboff\u00bb parallax_method__hover=\u00bbon\u00bb custom_padding__hover=\u00bb|||\u00bb][et_pb_text _builder_version=\u00bb4.16&#8243; text_font=\u00bb||||||||\u00bb header_font=\u00bb||||||||\u00bb header_text_align=\u00bbcenter\u00bb header_2_font=\u00bb|700||on|||||\u00bb header_2_text_color=\u00bbgcid-0a4b8514-58d9-4d28-81c8-4795182d86df\u00bb header_2_font_size=\u00bb30px\u00bb text_orientation=\u00bbcenter\u00bb custom_margin=\u00bb|||\u00bb global_colors_info=\u00bb{%22gcid-0a4b8514-58d9-4d28-81c8-4795182d86df%22:%91%22header_2_text_color%22%93}\u00bb]<\/p>\n<div class=\"dct-title clearfix\">\n<h2 class=\"hadding\">ofertas de carrera<\/h2>\n<p>\u00a1Despega con nosotros!<\/p>\n<\/div>\n<p>[\/et_pb_text][et_pb_toggle title=\u00bbRecepcionista\u00bb open_toggle_text_color=\u00bbgcid-0a4b8514-58d9-4d28-81c8-4795182d86df\u00bb open_toggle_background_color=\u00bb#FFFFFF\u00bb closed_toggle_text_color=\u00bb#FFFFFF\u00bb closed_toggle_background_color=\u00bbgcid-0a4b8514-58d9-4d28-81c8-4795182d86df\u00bb icon_color=\u00bb#FFFFFF\u00bb toggle_icon=\u00bb&#x47;||divi||400&#8243; use_icon_font_size=\u00bbon\u00bb icon_font_size=\u00bb28px\u00bb open_icon_color=\u00bbgcid-0a4b8514-58d9-4d28-81c8-4795182d86df\u00bb open_toggle_icon=\u00bb&#xe04b;||divi||400&#8243; open_use_icon_font_size=\u00bbon\u00bb open_icon_font_size=\u00bb28px\u00bb _builder_version=\u00bb4.17.6&#8243; _module_preset=\u00bbdefault\u00bb title_text_color=\u00bb#FFFFFF\u00bb title_level=\u00bbh3&#8243; box_shadow_style=\u00bbpreset2&#8243; box_shadow_color=\u00bbgcid-0a4b8514-58d9-4d28-81c8-4795182d86df\u00bb global_colors_info=\u00bb{%22gcid-0a4b8514-58d9-4d28-81c8-4795182d86df%22:%91%22closed_toggle_background_color%22,%22open_toggle_text_color%22,%22box_shadow_color%22,%22open_icon_color%22%93}\u00bb]<\/p>\n<p>Somos una policl\u00ednica internacional con sede en D\u00e9nia y buscamos a las siguientes personas para empezar lo antes posible<\/p>\n<p><strong>Recepcionista para la recepci\u00f3n de pacientes.<\/strong><\/p>\n<p>\u00bfTe gusta trabajar con gente, hablas espa\u00f1ol y alem\u00e1n, quieres trabajar en un equipo fuerte y crecer con nosotros?<\/p>\n<p>Entonces deber\u00edamos conocernos. No hay turnos de noche, no hay servicio de domingo. Conocimientos de alem\u00e1n y espa\u00f1ol obligatorios, otros idiomas son una ventaja.<\/p>\n<p><strong>Tareas:<\/strong><\/p>\n<p>Aceptaci\u00f3n y organizaci\u00f3n del nombramiento<\/p>\n<p>Atenci\u00f3n al paciente y recepci\u00f3n<\/p>\n<p>Facturaci\u00f3n  <\/p>\n<p>Ayuda a la traducci\u00f3n para pacientes DE\/ES<\/p>\n<p>&nbsp;<\/p>\n<p><strong>Requisitos:<\/strong><\/p>\n<p>Buenos conocimientos de inform\u00e1tica<\/p>\n<p>Alem\u00e1n y espa\u00f1ol, otro idioma ventajoso<\/p>\n<p>Habilidades organizativas<\/p>\n<p>Capacidad para trabajar en equipo<\/p>\n<p>Aspecto limpio<\/p>\n<p>Fiabilidad<\/p>\n<p>&nbsp;<\/p>\n<p>\u00bfCurioso? \u00a1Esperamos recibir su <a href=\"https:\/\/pglorieta.com\/es\/formulario-de-aplicacion\/\">solicitud a trav\u00e9s de este enlace!<\/a><\/p>\n<p>[\/et_pb_toggle][et_pb_toggle title=\u00bbEnfermera\/Enfermero\u00bb open_toggle_text_color=\u00bbgcid-0a4b8514-58d9-4d28-81c8-4795182d86df\u00bb open_toggle_background_color=\u00bb#FFFFFF\u00bb closed_toggle_text_color=\u00bb#FFFFFF\u00bb closed_toggle_background_color=\u00bbgcid-0a4b8514-58d9-4d28-81c8-4795182d86df\u00bb icon_color=\u00bb#FFFFFF\u00bb toggle_icon=\u00bb&#x47;||divi||400&#8243; use_icon_font_size=\u00bbon\u00bb icon_font_size=\u00bb28px\u00bb open_icon_color=\u00bbgcid-0a4b8514-58d9-4d28-81c8-4795182d86df\u00bb open_toggle_icon=\u00bb&#xe04b;||divi||400&#8243; open_use_icon_font_size=\u00bbon\u00bb open_icon_font_size=\u00bb28px\u00bb _builder_version=\u00bb4.17.6&#8243; _module_preset=\u00bbdefault\u00bb title_text_color=\u00bb#FFFFFF\u00bb title_level=\u00bbh3&#8243; box_shadow_style=\u00bbpreset2&#8243; box_shadow_color=\u00bbgcid-0a4b8514-58d9-4d28-81c8-4795182d86df\u00bb global_colors_info=\u00bb{%22gcid-0a4b8514-58d9-4d28-81c8-4795182d86df%22:%91%22closed_toggle_background_color%22,%22open_toggle_text_color%22,%22box_shadow_color%22,%22open_icon_color%22%93}\u00bb]<\/p>\n<p>Somos una policl\u00ednica internacional con sede en D\u00e9nia y buscamos a las siguientes personas para empezar lo antes posible<\/p>\n<p style=\"text-align: center;\"><strong>una enfermera.<\/strong><\/p>\n<p>\u00bfTe gusta trabajar con gente, hablas espa\u00f1ol y alem\u00e1n, quieres trabajar en un equipo fuerte y crecer con nosotros? Entonces deber\u00edamos conocernos. No hay turnos de noche, no hay servicio de domingo.<\/p>\n<p><strong>Tareas:<\/strong><\/p>\n<p>Atenci\u00f3n ambulatoria a los pacientes<\/p>\n<p>Atencion al paciente<\/p>\n<p>Apoyo a los m\u00e9dicos<\/p>\n<p>Muestras de sangre<\/p>\n<p>Documentaci\u00f3n de diagn\u00f3sticos y tratamientos<\/p>\n<p>Ayuda a la traducci\u00f3n para pacientes DE\/ES<\/p>\n<p>&nbsp;<\/p>\n<p><strong>Requisitos<\/strong>:<\/p>\n<p>Formaci\u00f3n adecuada<\/p>\n<p>Alem\u00e1n y espa\u00f1ol, otro idioma ventajoso<\/p>\n<p>Habilidades organizativas<\/p>\n<p>Capacidad para trabajar en equipo<\/p>\n<p>Aspecto limpio<\/p>\n<p>Fiabilidad<\/p>\n<p>&nbsp;<\/p>\n<p>\u00bfCurioso? \u00a1Esperamos recibir su <a href=\"https:\/\/pglorieta.com\/es\/formulario-de-aplicacion\/\">solicitud a trav\u00e9s de este enlace!<\/a><\/p>\n<p>[\/et_pb_toggle][et_pb_toggle title=\u00bbEspecialista en Medicina General\u00bb open_toggle_text_color=\u00bbgcid-0a4b8514-58d9-4d28-81c8-4795182d86df\u00bb open_toggle_background_color=\u00bb#FFFFFF\u00bb closed_toggle_text_color=\u00bb#FFFFFF\u00bb closed_toggle_background_color=\u00bbgcid-0a4b8514-58d9-4d28-81c8-4795182d86df\u00bb icon_color=\u00bb#FFFFFF\u00bb toggle_icon=\u00bb&#x47;||divi||400&#8243; use_icon_font_size=\u00bbon\u00bb icon_font_size=\u00bb28px\u00bb open_icon_color=\u00bbgcid-0a4b8514-58d9-4d28-81c8-4795182d86df\u00bb open_toggle_icon=\u00bb&#xe04b;||divi||400&#8243; open_use_icon_font_size=\u00bbon\u00bb open_icon_font_size=\u00bb28px\u00bb _builder_version=\u00bb4.18.0&#8243; _module_preset=\u00bbdefault\u00bb title_text_color=\u00bb#FFFFFF\u00bb title_level=\u00bbh3&#8243; hover_enabled=\u00bb0&#8243; box_shadow_style=\u00bbpreset2&#8243; box_shadow_color=\u00bbgcid-0a4b8514-58d9-4d28-81c8-4795182d86df\u00bb global_colors_info=\u00bb{%22gcid-0a4b8514-58d9-4d28-81c8-4795182d86df%22:%91%22closed_toggle_background_color%22,%22open_toggle_text_color%22,%22box_shadow_color%22,%22open_icon_color%22%93}\u00bb sticky_enabled=\u00bb0&#8243;]<\/p>\n<p>\u00bfQuiere tener m\u00e1s tiempo para sus pacientes y determinar usted mismo su rutina m\u00e9dica diaria? \u00bfQuieres trabajar donde otros vacacionan? \u00bfHabla alem\u00e1n y le gustar\u00eda ayudar activamente a dar forma al desarrollo de una cl\u00ednica de renombre en la Costa Blanca?<\/p>\n<p>Entonces deber\u00edamos hablar. La Policl\u00ednica Glorieta de D\u00e9nia busca cuanto antes:<\/p>\n<p>&#8211; Un doctor en medicina general<\/p>\n<p>Nuestra cl\u00ednica internacional est\u00e1 creciendo y buscamos una persona que quiera comprometerse a largo plazo junto al Director Cl\u00ednico y consolidar y desarrollar su carrera en D\u00e9nia.<\/p>\n<p>\u00bfCurioso? \u00a1Esperamos recibir su <a href=\"https:\/\/pglorieta.com\/es\/formulario-de-aplicacion\/\">solicitud a trav\u00e9s de este enlace!<\/a><\/p>\n<p>[\/et_pb_toggle][et_pb_toggle title=\u00bbEspecialistas  \u00bb open_toggle_text_color=\u00bbgcid-0a4b8514-58d9-4d28-81c8-4795182d86df\u00bb open_toggle_background_color=\u00bb#FFFFFF\u00bb closed_toggle_text_color=\u00bb#FFFFFF\u00bb closed_toggle_background_color=\u00bbgcid-0a4b8514-58d9-4d28-81c8-4795182d86df\u00bb icon_color=\u00bb#FFFFFF\u00bb toggle_icon=\u00bb&#x47;||divi||400&#8243; use_icon_font_size=\u00bbon\u00bb icon_font_size=\u00bb28px\u00bb open_icon_color=\u00bbgcid-0a4b8514-58d9-4d28-81c8-4795182d86df\u00bb open_toggle_icon=\u00bb&#xe04b;||divi||400&#8243; open_use_icon_font_size=\u00bbon\u00bb open_icon_font_size=\u00bb28px\u00bb _builder_version=\u00bb4.18.0&#8243; _module_preset=\u00bbdefault\u00bb title_text_color=\u00bb#FFFFFF\u00bb title_level=\u00bbh3&#8243; hover_enabled=\u00bb0&#8243; box_shadow_style=\u00bbpreset2&#8243; box_shadow_color=\u00bbgcid-0a4b8514-58d9-4d28-81c8-4795182d86df\u00bb global_colors_info=\u00bb{%22gcid-0a4b8514-58d9-4d28-81c8-4795182d86df%22:%91%22closed_toggle_background_color%22,%22open_toggle_text_color%22,%22box_shadow_color%22,%22open_icon_color%22%93}\u00bb sticky_enabled=\u00bb0&#8243;]<\/p>\n<p>\u00bfQuiere tener m\u00e1s tiempo para sus pacientes y determinar usted mismo su rutina m\u00e9dica diaria? \u00bfQuieres trabajar donde otros vacacionan? \u00bfHabla alem\u00e1n y le gustar\u00eda ayudar activamente a dar forma al desarrollo de una cl\u00ednica de renombre en la Costa Blanca?<\/p>\n<p>Entonces deber\u00edamos hablar. La Policl\u00ednica Glorieta de D\u00e9nia busca cuanto antes:<\/p>\n<p>&#8211; un m\u00e9dico especialista en medicina interna<\/p>\n<p>&#8211; un especialista en alergolog\u00eda<\/p>\n<p>&#8211; un m\u00e9dico especialista en oncolog\u00eda<\/p>\n<p>\u00bfCurioso? \u00a1Esperamos recibir su <a href=\"https:\/\/pglorieta.com\/es\/formulario-de-aplicacion\/\">solicitud a trav\u00e9s de este enlace!<\/a><\/p>\n<p>[\/et_pb_toggle][\/et_pb_column][\/et_pb_section][et_pb_section fb_built=\u00bb1&#8243; _builder_version=\u00bb4.16.0&#8243; _module_preset=\u00bbdefault\u00bb global_colors_info=\u00bb{}\u00bb][et_pb_row _builder_version=\u00bb4.16.0&#8243; _module_preset=\u00bbdefault\u00bb global_colors_info=\u00bb{}\u00bb][et_pb_column type=\u00bb4_4&#8243; _builder_version=\u00bb4.16.0&#8243; _module_preset=\u00bbdefault\u00bb global_colors_info=\u00bb{}\u00bb][et_pb_divider show_divider=\u00bboff\u00bb _builder_version=\u00bb4.16.0&#8243; _module_preset=\u00bbdefault\u00bb min_height=\u00bb89.8px\u00bb global_colors_info=\u00bb{}\u00bb][\/et_pb_divider][\/et_pb_column][\/et_pb_row][\/et_pb_section]<\/p>\n","protected":false},"excerpt":{"rendered":"<p>carrera en el Policl\u00ednico Glorieta Foto: megaflopp &#8211; Adobe Stock El \u00e9xito tiene muchas caras Lugares de trabajo modernos, fuerte esp\u00edritu de equipo Nuestro \u00e9xito se basa en tres pilares: la competencia del equipo, los equipos de \u00faltima generaci\u00f3n y el amor por nuestro trabajo. Nos esforzamos d\u00eda a d\u00eda para ofrecer a nuestros pacientes [&hellip;]<\/p>\n","protected":false},"author":3,"featured_media":0,"parent":0,"menu_order":24,"comment_status":"closed","ping_status":"closed","template":"","meta":{"_et_pb_use_builder":"on","_et_pb_old_content":"","_et_gb_content_width":"","_glsr_average":0,"_glsr_ranking":0,"_glsr_reviews":0,"footnotes":""},"class_list":["post-369648","page","type-page","status-publish","hentry"],"_links":{"self":[{"href":"https:\/\/pglorieta.com\/es\/wp-json\/wp\/v2\/pages\/369648","targetHints":{"allow":["GET"]}}],"collection":[{"href":"https:\/\/pglorieta.com\/es\/wp-json\/wp\/v2\/pages"}],"about":[{"href":"https:\/\/pglorieta.com\/es\/wp-json\/wp\/v2\/types\/page"}],"author":[{"embeddable":true,"href":"https:\/\/pglorieta.com\/es\/wp-json\/wp\/v2\/users\/3"}],"replies":[{"embeddable":true,"href":"https:\/\/pglorieta.com\/es\/wp-json\/wp\/v2\/comments?post=369648"}],"version-history":[{"count":10,"href":"https:\/\/pglorieta.com\/es\/wp-json\/wp\/v2\/pages\/369648\/revisions"}],"predecessor-version":[{"id":374264,"href":"https:\/\/pglorieta.com\/es\/wp-json\/wp\/v2\/pages\/369648\/revisions\/374264"}],"wp:attachment":[{"href":"https:\/\/pglorieta.com\/es\/wp-json\/wp\/v2\/media?parent=369648"}],"curies":[{"name":"wp","href":"https:\/\/api.w.org\/{rel}","templated":true}]}}