{"id":369620,"date":"2022-03-28T13:15:10","date_gmt":"2022-03-28T11:15:10","guid":{"rendered":"https:\/\/pglorieta.com\/politica-de-cookies\/"},"modified":"2022-12-19T14:42:03","modified_gmt":"2022-12-19T13:42:03","slug":"politica-de-cookies","status":"publish","type":"page","link":"https:\/\/pglorieta.com\/es\/politica-de-cookies\/","title":{"rendered":"Politica de Cookies"},"content":{"rendered":"<p>[et_pb_section fb_built=\u00bb1&#8243; fullwidth=\u00bbon\u00bb disabled_on=\u00bbon|off|off\u00bb _builder_version=\u00bb4.16&#8243; background_enable_image=\u00bboff\u00bb custom_padding=\u00bb|||\u00bb global_colors_info=\u00bb{}\u00bb][et_pb_fullwidth_header text_orientation=\u00bbcenter\u00bb module_class=\u00bbdct-header-title\u00bb _builder_version=\u00bb4.16&#8243; title_font=\u00bb|700|||||||\u00bb title_text_color=\u00bbgcid-0a4b8514-58d9-4d28-81c8-4795182d86df\u00bb content_font=\u00bb||||||||\u00bb background_enable_color=\u00bboff\u00bb background_image=\u00bbhttps:\/\/pglorieta.com\/wp-content\/uploads\/2022\/03\/Cookies-Hausarzt-Denia-Doktor.jpg\u00bb background_blend=\u00bboverlay\u00bb background_layout=\u00bblight\u00bb custom_padding=\u00bb125px||||false|false\u00bb custom_padding_tablet=\u00bb\u00bb custom_padding_phone=\u00bb50px|||\u00bb custom_padding_last_edited=\u00bbon|phone\u00bb title_font_size_tablet=\u00bb\u00bb title_font_size_phone=\u00bb28px\u00bb title_font_size_last_edited=\u00bbon|desktop\u00bb global_colors_info=\u00bb{%22gcid-0a4b8514-58d9-4d28-81c8-4795182d86df%22:%91%22title_text_color%22%93}\u00bb button_one_text_size__hover_enabled=\u00bboff\u00bb button_two_text_size__hover_enabled=\u00bboff\u00bb button_one_text_color__hover_enabled=\u00bboff\u00bb button_two_text_color__hover_enabled=\u00bboff\u00bb button_one_border_width__hover_enabled=\u00bboff\u00bb button_two_border_width__hover_enabled=\u00bboff\u00bb button_one_border_color__hover_enabled=\u00bboff\u00bb button_two_border_color__hover_enabled=\u00bboff\u00bb button_one_border_radius__hover_enabled=\u00bboff\u00bb button_two_border_radius__hover_enabled=\u00bboff\u00bb button_one_letter_spacing__hover_enabled=\u00bboff\u00bb button_two_letter_spacing__hover_enabled=\u00bboff\u00bb button_one_bg_color__hover_enabled=\u00bboff\u00bb button_two_bg_color__hover_enabled=\u00bboff\u00bb]<\/p>\n<h1 style=\"text-align: center;\"><\/h1>\n<h1 style=\"text-align: center;\"><\/h1>\n<h1 style=\"text-align: center;\"><\/h1>\n<h1><\/h1>\n<p>[\/et_pb_fullwidth_header][\/et_pb_section][et_pb_section fb_built=\u00bb1&#8243; fullwidth=\u00bbon\u00bb _builder_version=\u00bb4.16&#8243; _module_preset=\u00bbdefault\u00bb global_colors_info=\u00bb{}\u00bb][et_pb_fullwidth_header title=\u00bbPOL\u00cdTICA DE COOKIES\u00bb disabled_on=\u00bboff|on|on\u00bb _builder_version=\u00bb4.16&#8243; _module_preset=\u00bbdefault\u00bb title_text_align=\u00bbcenter\u00bb global_colors_info=\u00bb{}\u00bb][\/et_pb_fullwidth_header][\/et_pb_section][et_pb_section fb_built=\u00bb1&#8243; _builder_version=\u00bb4.16&#8243; _module_preset=\u00bbdefault\u00bb global_colors_info=\u00bb{}\u00bb][et_pb_row column_structure=\u00bb3_4,1_4&#8243; _builder_version=\u00bb4.16&#8243; _module_preset=\u00bbdefault\u00bb min_height=\u00bb51.7px\u00bb global_colors_info=\u00bb{}\u00bb][et_pb_column type=\u00bb3_4&#8243; _builder_version=\u00bb4.16&#8243; _module_preset=\u00bbdefault\u00bb global_colors_info=\u00bb{}\u00bb][\/et_pb_column][et_pb_column type=\u00bb1_4&#8243; _builder_version=\u00bb4.16&#8243; _module_preset=\u00bbdefault\u00bb global_colors_info=\u00bb{}\u00bb][et_pb_text _builder_version=\u00bb4.16&#8243; _module_preset=\u00bbdefault\u00bb text_font_size=\u00bb10px\u00bb global_colors_info=\u00bb{}\u00bb]<\/p>\n<p style=\"text-align: right;\">Foto: Yehor Serdiuk-AdobeStock<\/p>\n<p>[\/et_pb_text][\/et_pb_column][\/et_pb_row][et_pb_row _builder_version=\u00bb4.16&#8243; _module_preset=\u00bbdefault\u00bb global_colors_info=\u00bb{}\u00bb][et_pb_column type=\u00bb4_4&#8243; _builder_version=\u00bb4.16&#8243; _module_preset=\u00bbdefault\u00bb global_colors_info=\u00bb{}\u00bb][et_pb_text _builder_version=\u00bb4.19.0&#8243; _module_preset=\u00bbdefault\u00bb hover_enabled=\u00bb0&#8243; global_colors_info=\u00bb{}\u00bb sticky_enabled=\u00bb0&#8243;]<\/p>\n<h1 style=\"text-align: center;\">AVISO EMERGENTE DE COOKIES<\/h1>\n<p>&nbsp;<\/p>\n<p>Este sitio web utiliza cookies y\/o tecnolog\u00edas similares, propias y de terceros, con fines anal\u00edticos y para<br \/>mostrarte publicidad personalizada en base a un perfil elaborado a partir de tus h\u00e1bitos de navegaci\u00f3n.<br \/>Le informamos que en estos momentos \u00fanicamente se encuentran activas las cookies t\u00e9cnicas, aquellas<br \/>estrictamente necesarios para una correcta navegaci\u00f3n por el sitio web. Pulse en \u00abAceptar\u00bb para aceptar<br \/>todas las cookies y as\u00ed podamos mejorar nuestros servicios y proporcionarle una mejor experiencia. Pulso<br \/>en \u00abConfigurar\u00bb para gestionar las preferencias de las cookies y obtener m\u00e1s informaci\u00f3n sobre nuestra<br \/>pol\u00edtica de cookies.<\/p>\n<p>CONFIGURAR\/ACEPTAR<\/p>\n<p>CONFIGURADOR DE COOKIES<br \/>Este sitio web utiliza cookies y\/o tecnolog\u00edas similares, propias y de terceros, que almacenan y recuperan<br \/>informaci\u00f3n cuando navegas. En general, estas tecnolog\u00edas pueden servir para fines muy diversos,<br \/>como por ejemplo, reconocerte como usuario, obtener informaci\u00f3n sobre tus h\u00e1bitos de navegaci\u00f3n, fines<br \/>estad\u00edsticos o personalizar la forma en que se muestra el contenido. Estas cookies y\/o tecnolog\u00edas similares<br \/>proporcionan al usuario una mayor experiencia.<br \/>A continuaci\u00f3n puede consultar las cookies y\/o tecnolog\u00edas similares utilizadas en este sitio web y<br \/>gestionarlas seg\u00fan sus preferencias.<\/p>\n<p>COOKIES PROPIAS<\/p>\n<p>T\u00e9cnicas o necesarias<br \/>Las cookies t\u00e9cnicas o estrictamente necesarias son aquellas que permiten al usuario la navegaci\u00f3n a<br \/>a trav\u00e9s de una p\u00e1gina web y la utilizaci\u00f3n de las diferentes opciones o servicios que en ella se ofrecen,<br \/>como, por ejemplo, controlar el tr\u00e1fico y la comunicaci\u00f3n de datos, identificar la sesi\u00f3n, acceder a partes de<br \/>acceso restringido, recordar los elementos que integran un pedido, realizar el proceso de compra de un<br \/>pedido, gestionar el pago, controlar el fraude vinculado a la seguridad del servicio, realizar la solicitud de<br \/>inscripci\u00f3n o participaci\u00f3n en un evento, utilizar elementos de seguridad durante la navegaci\u00f3n, almacenar<br \/>contenidos para la difusi\u00f3n de v\u00eddeos o sonido, habilitar contenidos din\u00e1micos (por ejemplo, animaci\u00f3n de<br \/>carga de un texto o imagen), compartir contenidos a trav\u00e9s de redes sociales o personalizar la interfaz de<br \/>usuario siempre que sea \u00e9l quien elija las opciones de personalizaci\u00f3n que desee. La base legal que<br \/>legitima este tratamiento es la ejecuci\u00f3n y mantenimiento del servicio solicitado por el usuario. Estas<br \/>las cookies permanecer\u00e1n activas mientras el usuario permanezca en el sitio web.<\/p>\n<p>Preferencia o personalizaci\u00f3n<\/p>\n<p>Las cookies de preferencias o personalizaci\u00f3n son aquellas que permiten recordar informaci\u00f3n para que el<br \/>El usuario accede al servicio con determinadas caracter\u00edsticas que pueden diferenciar su experiencia de la de<br \/>otros usuarios, como, por ejemplo, el idioma, el n\u00famero de resultados a mostrar cuando el usuario realiza<br \/>una b\u00fasqueda, el aspecto o contenido del servicio en funci\u00f3n del tipo de navegador a trav\u00e9s del cual el<br \/>usuario accede al servicio o de la regi\u00f3n desde la que accede al servicio, etc. La duraci\u00f3n de estas cookies<br \/>es el tiempo que el usuario permanece en el sitio web (sesi\u00f3n). La informaci\u00f3n se almacena<br \/>exclusivamente en el navegador del usuario y no se utiliza para otro motivo que no sea el de gestionar<br \/>las preferencias del usuario. La base legal que legitima el tratamiento es el consentimiento expreso<br \/>prestado por el usuario.<\/p>\n<p>COOKIES DE TERCEROS<\/p>\n<p>An\u00e1lisis o medici\u00f3n<\/p>\n<p>Las cookies de an\u00e1lisis o medici\u00f3n son aquellas que permiten al responsable de las mismas el seguimiento<br \/>y an\u00e1lisis del comportamiento de los usuarios de los sitios web a los que est\u00e1n vinculados, incluida la<br \/>cuantificaci\u00f3n de los impactos de los anuncios. La informaci\u00f3n recogida mediante este tipo de cookies se<br \/>utiliza en la medici\u00f3n de la actividad de los sitios web, aplicaci\u00f3n o plataforma, con el fin de introducir<br \/>mejoras en funci\u00f3n del an\u00e1lisis de los datos de uso que hacen los usuarios del servicio. La base legal que<br \/>legitima el tratamiento es el consentimiento expreso prestado por el usuario. Puede obtener m\u00e1s<br \/>informaci\u00f3n acerca de estas cookies as\u00ed como su periodo de conservaci\u00f3n siguiendo el\/los enlace\/s de \u00abM\u00e1s<br \/>informaci\u00f3n\u00bb.<\/p>\n<p>Publicidad comportamental<br \/>Las cookies de publicidad comportamental son aquellas que almacenan informaci\u00f3n del comportamiento de<br \/>los usuarios obtenida a trav\u00e9s de la observaci\u00f3n continuada de sus h\u00e1bitos de navegaci\u00f3n, lo que permite<br \/>desarrollar un perfil espec\u00edfico para mostrar publicidad en funci\u00f3n del mismo. La base legal que legitima el<br \/>tratamiento es el consentimiento expreso prestado por el usuario. Puede obtener m\u00e1s informaci\u00f3n sobre<br \/>de estas cookies as\u00ed como su periodo de conservaci\u00f3n siguiendo el\/los enlace\/s de \u00abM\u00e1s informaci\u00f3n\u00bb.<br \/>M\u00e1s informaci\u00f3n sobre terceros:<br \/>&#8211; Google AdSense:  <a href=\"https:\/\/developers.google.com\/analytics\/devguides\/collection\/gtagjs\/cookie-usage?hl=es\">C\u00f3mo utiliza Google las cookies. Tipos de cookies que utiliza Google. Cookies de<\/a><br \/><a href=\"https:\/\/developers.google.com\/analytics\/devguides\/collection\/gtagjs\/cookie-usage?hl=es\">publicidad de Google.<\/a><\/p>\n<p>DESACTIVAR LAS COOKIES<br \/>Puede desactivar las cookies a trav\u00e9s del men\u00fa de configuraci\u00f3n de cookies de la web. Asimismo, puede<br \/>permitir o bloquear las cookies, as\u00ed como borrar sus datos de navegaci\u00f3n (incluidas las cookies) desde el<br \/>navegador que utiliza. Siga estos enlaces para saber c\u00f3mo desactivar las cookies desde su navegador:<br \/><a href=\"https:\/\/support.apple.com\/es-es\/HT201265#:~:text=Para%20activar%20o%20desactivar%20el,%E2%80%9CBloquear%20todas%20las%20cookies%E2%80%9D.\" target=\"_blank\" rel=\"noopener\">Safari<\/a><br \/><a href=\"https:\/\/support.google.com\/accounts\/answer\/61416?hl=es&amp;co=GENIE.Platform%3DAndroid\" target=\"_blank\" rel=\"noopener\">Cromo<\/a><br \/><a href=\"https:\/\/support.microsoft.com\/es-es\/windows\/eliminar-y-administrar-cookies-168dab11-0753-043d-7c16-ede5947fc64d#:~:text=Para%20eliminar%20las%20cookies,%2C%20a%20continuaci%C3%B3n%2C%20seleccione%20Eliminar.\" target=\"_blank\" rel=\"noopener\">Internet Explorer<\/a><br \/><a href=\"https:\/\/support.mozilla.org\/es\/kb\/Deshabilitar%20cookies%20de%20terceros\" target=\"_blank\" rel=\"noopener\">Mozilla Firefox<\/a><\/p>\n<p>M\u00c1S INFORMACI\u00d3N SOBRE EL TRATAMIENTO DE DATOS PERSONALES<br \/>Puede consultar m\u00e1s informaci\u00f3n sobre el tratamiento de sus datos personales accediendo a nuestra<br \/><a href=\"https:\/\/pglorieta.com\/es\/politica-de-privacidad\/\">Politica de Privacidad<\/a><\/p>\n<p>&nbsp;<\/p>\n<p>[\/et_pb_text][\/et_pb_column][\/et_pb_row][\/et_pb_section][et_pb_section fb_built=\u00bb1&#8243; _builder_version=\u00bb4.16&#8243; _module_preset=\u00bbdefault\u00bb custom_padding=\u00bb41px|||||\u00bb global_colors_info=\u00bb{}\u00bb][\/et_pb_section][et_pb_section fb_built=\u00bb1&#8243; _builder_version=\u00bb4.16&#8243; _module_preset=\u00bbdefault\u00bb global_colors_info=\u00bb{}\u00bb][et_pb_row _builder_version=\u00bb4.16&#8243; _module_preset=\u00bbdefault\u00bb global_colors_info=\u00bb{}\u00bb][et_pb_column type=\u00bb4_4&#8243; _builder_version=\u00bb4.16&#8243; _module_preset=\u00bbdefault\u00bb global_colors_info=\u00bb{}\u00bb][et_pb_text disabled_on=\u00bbon|off|off\u00bb _builder_version=\u00bb4.16&#8243; _module_preset=\u00bbdefault\u00bb text_font_size=\u00bb10px\u00bb custom_margin=\u00bb-25px||||false|false\u00bb global_colors_info=\u00bb{}\u00bb]<\/p>\n<p style=\"text-align: right;\">Foto: Sasa Kadrijevic &#8211; Adobe Stock<\/p>\n<p>[\/et_pb_text][\/et_pb_column][\/et_pb_row][\/et_pb_section]<\/p>\n","protected":false},"excerpt":{"rendered":"<p>Foto: Yehor Serdiuk-AdobeStockAVISO EMERGENTE DE COOKIES &nbsp; Este sitio web utiliza cookies y\/o tecnolog\u00edas similares, propias y de terceros, con fines anal\u00edticos y paramostrarte publicidad personalizada en base a un perfil elaborado a partir de tus h\u00e1bitos de navegaci\u00f3n.Le informamos que en estos momentos \u00fanicamente se encuentran activas las cookies t\u00e9cnicas, aquellasestrictamente necesarios para una [&hellip;]<\/p>\n","protected":false},"author":3,"featured_media":0,"parent":0,"menu_order":25,"comment_status":"closed","ping_status":"closed","template":"","meta":{"_et_pb_use_builder":"on","_et_pb_old_content":"","_et_gb_content_width":"","_glsr_average":0,"_glsr_ranking":0,"_glsr_reviews":0,"footnotes":""},"class_list":["post-369620","page","type-page","status-publish","hentry"],"_links":{"self":[{"href":"https:\/\/pglorieta.com\/es\/wp-json\/wp\/v2\/pages\/369620","targetHints":{"allow":["GET"]}}],"collection":[{"href":"https:\/\/pglorieta.com\/es\/wp-json\/wp\/v2\/pages"}],"about":[{"href":"https:\/\/pglorieta.com\/es\/wp-json\/wp\/v2\/types\/page"}],"author":[{"embeddable":true,"href":"https:\/\/pglorieta.com\/es\/wp-json\/wp\/v2\/users\/3"}],"replies":[{"embeddable":true,"href":"https:\/\/pglorieta.com\/es\/wp-json\/wp\/v2\/comments?post=369620"}],"version-history":[{"count":8,"href":"https:\/\/pglorieta.com\/es\/wp-json\/wp\/v2\/pages\/369620\/revisions"}],"predecessor-version":[{"id":375197,"href":"https:\/\/pglorieta.com\/es\/wp-json\/wp\/v2\/pages\/369620\/revisions\/375197"}],"wp:attachment":[{"href":"https:\/\/pglorieta.com\/es\/wp-json\/wp\/v2\/media?parent=369620"}],"curies":[{"name":"wp","href":"https:\/\/api.w.org\/{rel}","templated":true}]}}