{"id":369572,"date":"2022-03-27T19:52:13","date_gmt":"2022-03-27T17:52:13","guid":{"rendered":"https:\/\/pglorieta.com\/politica-de-privacidad\/"},"modified":"2022-12-19T14:42:11","modified_gmt":"2022-12-19T13:42:11","slug":"politica-de-privacidad","status":"publish","type":"page","link":"https:\/\/pglorieta.com\/es\/politica-de-privacidad\/","title":{"rendered":"Politica de Privacidad"},"content":{"rendered":"<p>[et_pb_section fb_built=\u00bb1&#8243; fullwidth=\u00bbon\u00bb disabled_on=\u00bbon|off|off\u00bb _builder_version=\u00bb4.16&#8243; background_enable_image=\u00bboff\u00bb custom_padding=\u00bb|||\u00bb global_colors_info=\u00bb{}\u00bb][et_pb_fullwidth_header text_orientation=\u00bbcenter\u00bb module_class=\u00bbdct-header-title\u00bb _builder_version=\u00bb4.16&#8243; title_font=\u00bb|700|||||||\u00bb title_text_color=\u00bbgcid-0a4b8514-58d9-4d28-81c8-4795182d86df\u00bb content_font=\u00bb||||||||\u00bb background_enable_color=\u00bboff\u00bb background_image=\u00bbhttps:\/\/pglorieta.com\/wp-content\/uploads\/2022\/03\/Datenschutz-Hausarzt-Denia.jpg\u00bb background_blend=\u00bboverlay\u00bb background_layout=\u00bblight\u00bb custom_padding=\u00bb125px||||false|false\u00bb custom_padding_tablet=\u00bb\u00bb custom_padding_phone=\u00bb50px|||\u00bb custom_padding_last_edited=\u00bbon|phone\u00bb title_font_size_tablet=\u00bb\u00bb title_font_size_phone=\u00bb28px\u00bb title_font_size_last_edited=\u00bbon|desktop\u00bb global_colors_info=\u00bb{%22gcid-0a4b8514-58d9-4d28-81c8-4795182d86df%22:%91%22title_text_color%22%93}\u00bb button_one_text_size__hover_enabled=\u00bboff\u00bb button_two_text_size__hover_enabled=\u00bboff\u00bb button_one_text_color__hover_enabled=\u00bboff\u00bb button_two_text_color__hover_enabled=\u00bboff\u00bb button_one_border_width__hover_enabled=\u00bboff\u00bb button_two_border_width__hover_enabled=\u00bboff\u00bb button_one_border_color__hover_enabled=\u00bboff\u00bb button_two_border_color__hover_enabled=\u00bboff\u00bb button_one_border_radius__hover_enabled=\u00bboff\u00bb button_two_border_radius__hover_enabled=\u00bboff\u00bb button_one_letter_spacing__hover_enabled=\u00bboff\u00bb button_two_letter_spacing__hover_enabled=\u00bboff\u00bb button_one_bg_color__hover_enabled=\u00bboff\u00bb button_two_bg_color__hover_enabled=\u00bboff\u00bb]<\/p>\n<h1 style=\"text-align: center;\"><\/h1>\n<h1 style=\"text-align: center;\"><\/h1>\n<h1 style=\"text-align: center;\"><\/h1>\n<h1><\/h1>\n<p>[\/et_pb_fullwidth_header][\/et_pb_section][et_pb_section fb_built=\u00bb1&#8243; fullwidth=\u00bbon\u00bb _builder_version=\u00bb4.16&#8243; _module_preset=\u00bbdefault\u00bb global_colors_info=\u00bb{}\u00bb][et_pb_fullwidth_header title=\u00bbPOL\u00cdTICA DE PRIVACIDAD\u00bb disabled_on=\u00bboff|on|on\u00bb _builder_version=\u00bb4.16&#8243; _module_preset=\u00bbdefault\u00bb title_text_align=\u00bbcenter\u00bb global_colors_info=\u00bb{}\u00bb][\/et_pb_fullwidth_header][\/et_pb_section][et_pb_section fb_built=\u00bb1&#8243; _builder_version=\u00bb4.16&#8243; _module_preset=\u00bbdefault\u00bb global_colors_info=\u00bb{}\u00bb][et_pb_row column_structure=\u00bb3_4,1_4&#8243; _builder_version=\u00bb4.16&#8243; _module_preset=\u00bbdefault\u00bb min_height=\u00bb51.7px\u00bb global_colors_info=\u00bb{}\u00bb][et_pb_column type=\u00bb3_4&#8243; _builder_version=\u00bb4.16&#8243; _module_preset=\u00bbdefault\u00bb global_colors_info=\u00bb{}\u00bb][\/et_pb_column][et_pb_column type=\u00bb1_4&#8243; _builder_version=\u00bb4.16&#8243; _module_preset=\u00bbdefault\u00bb global_colors_info=\u00bb{}\u00bb][et_pb_text _builder_version=\u00bb4.16&#8243; _module_preset=\u00bbdefault\u00bb text_font_size=\u00bb10px\u00bb global_colors_info=\u00bb{}\u00bb]<\/p>\n<p style=\"text-align: right;\">Foto: guitafotostudio-AdobeStock<\/p>\n<p>[\/et_pb_text][\/et_pb_column][\/et_pb_row][\/et_pb_section][et_pb_section fb_built=\u00bb1&#8243; _builder_version=\u00bb4.16&#8243; _module_preset=\u00bbdefault\u00bb global_colors_info=\u00bb{}\u00bb][et_pb_row _builder_version=\u00bb4.16&#8243; _module_preset=\u00bbdefault\u00bb global_colors_info=\u00bb{}\u00bb][et_pb_column type=\u00bb4_4&#8243; _builder_version=\u00bb4.16&#8243; _module_preset=\u00bbdefault\u00bb global_colors_info=\u00bb{}\u00bb][et_pb_text _builder_version=\u00bb4.19.0&#8243; _module_preset=\u00bbdefault\u00bb hover_enabled=\u00bb0&#8243; global_colors_info=\u00bb{}\u00bb sticky_enabled=\u00bb0&#8243;]<\/p>\n<h1>POL\u00cdTICA DE PRIVACIDAD<\/h1>\n<p>&nbsp;<\/p>\n<p>La presente politica de privacidad es conforme al Reglamento (UE) 2016\/679 del Parlamento Europeo y del Consejo, de 27 de abril de 2016, relativo a la proteccion de las personas fisicas en lo que respeta al tratamiento de datos personales ya la libre circulacion de estos datos (RGPD), a Ley Org\u00e1nica 3\/2018, de 5 de diciembre, de Protecci\u00f3n de Datos Personales y garant\u00eda de los derechos digitales (LOPDGDD), as\u00ed como en lo que no resulte contrario a la normativa indicada, a la Ley Org\u00e1nica 15\/1999, de Protecci\u00f3n de Datos de Car\u00e1cter Personal (LOPD) y su normativa de desarrollo, y\/o aquellas que las podr\u00edan sustituir o actualizar en el futuro.<\/p>\n<p>Nuestra organizaci\u00f3n est\u00e1 comprometida con la privacidad de sus datos personales. Los datos personales facilitados son necesarios para prestar nuestros servicios y son tratados de manera l\u00edcita, leal y transparente, garantizando una seguridad adecuada de los mismos, incluida la protecci\u00f3n contra el tratamiento no autorizado o il\u00edcito y contra su p\u00e9rdida, destrucci\u00f3n o da\u00f1o accidental mediante la aplicacion de dispositivos medicos y organizativas.<\/p>\n<p>A trav\u00e9s del presente documento queremos proporcionar de forma transparente y leal toda la informaci\u00f3n necesaria relativa al tratamiento de sus datos personales que realiza esta organizaci\u00f3n.<\/p>\n<p>&nbsp;<\/p>\n<p><strong>I.- RESPONSABLE DEL TRATAMIENTO.<\/strong><\/p>\n<p><strong>IDENTIDAD: POLICL\u00cdNICA GLORIETA S.L<\/strong><\/p>\n<p><strong>C.I.F. \/ N.I.F.: B53800421<\/strong><\/p>\n<p><strong>DOMICILIO: PTA MADRIGUERES SUD 9, 03700 DENIA (ALICANTE)<\/strong><\/p>\n<p><strong>TEL\u00c9FONO: 965278800<\/strong><\/p>\n<p><strong>CORREO ELECTR\u00d3NICO: denia@pglorieta.com<\/strong><\/p>\n<p><strong>DELEGADO DE PROTECCI\u00d3N DE DATOS: dpo@procoden.es<\/strong><\/p>\n<p>&nbsp;<\/p>\n<p>I.- DESTINATARIOS DE LOS DATOS PERSONALES<br \/>1.- Los datos personales facilitados no ser\u00e1n objeto de cesi\u00f3n alguna salvo que as\u00ed se disponga en los<br \/>tratamientos espec\u00edficos.<br \/>2.- Opcionalmente, para la contrataci\u00f3n de servicios de computaci\u00f3n en la nube y\/o servicios para el env\u00edo<br \/>de e-mails, de comunicaci\u00f3n, as\u00ed como otros servicios inform\u00e1ticos relacionados, los datos personales<br \/>podr\u00e1n ser:<br \/>&#8211; Cedidos a empresas de servicios inform\u00e1ticos ubicadas dentro del Espacio Econ\u00f3mico Europeo (EEE) o,<br \/>&#8211; Transferidos a empresas de servicios inform\u00e1ticos ubicadas fuera del EEE acogidos al escudo de<br \/>Privacy Shield por lo que cuentan con medidas de protecci\u00f3n adecuadas para garantizar la<br \/>seguridad de los datos personales. Puede obtener m\u00e1s informaci\u00f3n visitando este enlace:<br \/>https:\/\/www.privacyshield.gov\/welcome<br \/>3.- Opcionalmente, a administraciones y dem\u00e1s organismos cuando sean requeridos en cumplimiento de<br \/>obligaciones legales.<\/p>\n<p>III.- BASE JUR\u00cdDICA QUE LEG\u00cdTIMA EL TRATAMIENTO DE LOS DATOS PERSONALES<br \/>En cada tratamiento espec\u00edfico de datos personales le informaremos de la base legal que lo legitima.<\/p>\n<p>IV.- DERECHOS<br \/>DERECHO DE ACCESO<br \/>Es el derecho a obtener del responsable del tratamiento confirmaci\u00f3n de si est\u00e1n tratando o no datos<br \/>personales que conciernen al interesado y, en tal caso, derecho de acceso a los datos personales y a la<br \/>siguiente informaci\u00f3n: los fines del tratamiento, las categor\u00edas de datos personales de que se trate, los<br \/>destinatarios o las categor\u00edas de destinatarios a los que se comunicaron o ser\u00e1n comunicados los datos<br \/>personales, plazo de conservaci\u00f3n o los criterios utilizados para determinar este plazo, la existencia del<br \/>derecho a solicitar del responsable la rectificaci\u00f3n o supresi\u00f3n de datos personales o la limitaci\u00f3n del<br \/>tratamiento de datos personales relativos al interesado o a oponerse a dicho tratamiento, derecho a<br \/>presentar una reclamaci\u00f3n ante la Agencia Espa\u00f1ola de Protecci\u00f3n de Datos (AEPD), la existencia, en su<br \/>caso, de decisiones automatizadas, incluida la elaboraci\u00f3n de perfiles, cuando se transfieran datos a<br \/>terceros pa\u00edses el derecho a ser informado de las garant\u00edas adecuadas aplicadas.<\/p>\n<p>DERECHO DE RECTIFICACION<br \/>Es el derecho a solicitar la rectificaci\u00f3n de sus datos personales si son inexactos, incluyendo el derecho a<br \/>completar datos que figuran incompletos. Hay que tener en cuenta que al facilitarnos los datos personales<br \/>por cualquier v\u00eda, garantiza que son ciertos y exactos y se compromete a notificarnos cualquier cambio o<br \/>modificaci\u00f3n de los mismos. Por lo tanto cualquier da\u00f1o causado por motivo de una comunicaci\u00f3n de<br \/>informaci\u00f3n err\u00f3nea, inexacta o incompleta en los formularios de la web, ser\u00e1 responsabilidad exclusiva del<br \/>interesado.<\/p>\n<p>DERECHO DE SUPRESI\u00d3N<br \/>Es el derecho a solicitar la supresi\u00f3n de sus datos personales cuando, entre otros supuestos, ya no son<br \/>necesarios para la finalidad por la cual fueron recabados, o est\u00e1n siendo tratados de otro modo o retire el<br \/>consentimiento. Hay que tener en cuenta que no proceder\u00e1 la supresi\u00f3n cuando el tratamiento de los datos<br \/>personales sea necesario, entre otros supuestos, para el cumplimiento de obligaciones legales o para la<br \/>formulaci\u00f3n, el ejercicio o la defensa de reclamaciones.<\/p>\n<p>DERECHO A LA LIMITACION<br \/>Es el derecho a solicitar la limitaci\u00f3n del tratamiento de sus datos personales, lo que supone que en<br \/>determinados casos puede solicitarnos que suspendamos temporalmente los tratamientos de sus datos<br \/>personales o que los conservemos m\u00e1s all\u00e1 del tiempo necesario cuando pueda necesitarlo.<\/p>\n<p>DERECHO A RETIRAR EL CONSENTIMIENTO<br \/>Es el derecho a retirar el consentimiento que ha proporcionado al marcar \u00abHe le\u00eddo y acepto la pol\u00edtica de<br \/>privacidad\u00bb en cualquier momento y seg\u00fan se especifica en el apartado correspondiente \u00abEjercicio de<br \/>derechos\u00bb o en el tratamiento espec\u00edfico de comunicaciones comerciales o Newsletter. Hay que tener en<br \/>cuenta que este derecho no surtir\u00e1 efectos si, entre otros casos, el tratamiento de los datos personales es<br \/>necesario para el cumplimiento de una obligaci\u00f3n legal, la ejecuci\u00f3n y el mantenimiento de una relaci\u00f3n<br \/>contractual, o para la formulaci\u00f3n, ejercicio o la defensa de reclamaciones. Asimismo, la retirada del<br \/>consentimiento no tendr\u00e1 efectos retroactivos, es decir, no afectar\u00e1 a la licitud del tratamiento basado en<br \/>el consentimiento previo a su retirada.<\/p>\n<p>DERECHO A LA PORTABILIDAD<br \/>Es el derecho a recibir los datos personales que le incumben y que nos haya facilitado, en un formato<br \/>estructurado, de uso com\u00fan y lectura mec\u00e1nica, y a trasmitirlos a otro responsable, siempre y cuando: el<br \/>tratamiento se basa en su consentimiento y se efect\u00fae por medios automatizados o inform\u00e1ticos.<\/p>\n<p>DERECHO DE OPOSICION<br \/>Tiene derecho a oponerse al tratamiento de sus datos personales en base al inter\u00e9s leg\u00edtimo nuestro. No<br \/>seguiremos tratando sus datos personales a menos que podamos acreditar motivos leg\u00edtimos imperiosos<br \/>para el tratamiento que prevalezcan sobre sus intereses, derechos y libertades, o bien para la formulaci\u00f3n,<br \/>el ejercicio o la defensa de reclamaciones.<\/p>\n<p>DERECHO A PRESENTAR UNA RECLAMACI\u00d3N ANTE UNA AUTORIDAD DE CONTROL<br \/>Si considera que tratamos sus datos personales de un modo incorrecto, puede contactar con nosotros o<br \/>tiene derecho a presentar una reclamaci\u00f3n ante la Agencia Espa\u00f1ola de Protecci\u00f3n de Datos<br \/>(AEPD):<br \/><a href=\"https:\/\/www.agpd.es\/portalwebAGPD\/index-ides-idphp.php\">https:\/\/www.agpd.es\/portalwebAGPD\/index-ides-idphp.php<\/a><\/p>\n<p>EJERCICIO DE DERECHOS<br \/>Puede ejercer los derechos que le asisten a trav\u00e9s de carta a la direcci\u00f3n postal arriba indicada o a trav\u00e9s de<br \/>del e-mail denia@pglorieta.com, adjuntando en ambos casos copia de su NIF\/NIE\/Pasaporte o documento<br \/>an\u00e1logo.<\/p>\n<p>V.- TRATAMIENTOS DE DATOS PERSONALES.<br \/>DISPOSICIONES GEN\u00c9RICAS<br \/>Los datos personales solicitados en cada uno de los tratamientos espec\u00edficos son adecuados, pertinentes y<br \/>limitados a lo necesario en relaci\u00f3n con los fines para los que son tratados por lo que se cumple con el<br \/>principio de minimizaci\u00f3n de datos.<br \/>Los datos personales solicitados en cada uno de los tratamientos espec\u00edficos son los estrictamente<br \/>necesarios, la negativa a facilitarlos implicar\u00eda no poder prestar el servicio solicitado.<br \/>Las comunicaciones de los datos personales previstas en cada uno de los tratamientos espec\u00edficos en<br \/>algunos casos son necesarios para la ejecuci\u00f3n y el mantenimiento de un contrato y en otros casos para el<br \/>cumplimiento de una obligaci\u00f3n legal aplicable al responsable del tratamiento.<\/p>\n<p>FORMULARIO DE CONTACTO<br \/>Los datos personales ser\u00e1n tratados para canalizar las solicitudes de informaci\u00f3n, sugerencias y<br \/>reclamaciones de usuarios o clientes.<br \/>La base legal que legitima el tratamiento de los datos personales es el consentimiento expreso al marcar<br \/>\u201cHe le\u00eddo y aceptado la pol\u00edtica de privacidad\u201d.<br \/>Los datos personales se conservar\u00e1n por un per\u00edodo de dos a\u00f1os desde el momento en que dejen de<br \/>tratarse, sin perjuicio del ejercicio de los derechos que le asisten como interesado<\/p>\n<p>[\/et_pb_text][\/et_pb_column][\/et_pb_row][\/et_pb_section][et_pb_section fb_built=\u00bb1&#8243; _builder_version=\u00bb4.16&#8243; _module_preset=\u00bbdefault\u00bb global_colors_info=\u00bb{}\u00bb][et_pb_row _builder_version=\u00bb4.16&#8243; _module_preset=\u00bbdefault\u00bb global_colors_info=\u00bb{}\u00bb][et_pb_column type=\u00bb4_4&#8243; _builder_version=\u00bb4.16&#8243; _module_preset=\u00bbdefault\u00bb global_colors_info=\u00bb{}\u00bb][et_pb_text disabled_on=\u00bbon|off|off\u00bb _builder_version=\u00bb4.16&#8243; _module_preset=\u00bbdefault\u00bb text_font_size=\u00bb10px\u00bb custom_margin=\u00bb-25px||||false|false\u00bb global_colors_info=\u00bb{}\u00bb]<\/p>\n<p style=\"text-align: right;\">Foto: Sasa Kadrijevic &#8211; Adobe Stock<\/p>\n<p>[\/et_pb_text][\/et_pb_column][\/et_pb_row][\/et_pb_section]<\/p>\n","protected":false},"excerpt":{"rendered":"<p>Foto: guitafotostudio-AdobeStockPOL\u00cdTICA DE PRIVACIDAD &nbsp; La presente politica de privacidad es conforme al Reglamento (UE) 2016\/679 del Parlamento Europeo y del Consejo, de 27 de abril de 2016, relativo a la proteccion de las personas fisicas en lo que respeta al tratamiento de datos personales ya la libre circulacion de estos datos (RGPD), a Ley [&hellip;]<\/p>\n","protected":false},"author":3,"featured_media":0,"parent":0,"menu_order":22,"comment_status":"closed","ping_status":"closed","template":"","meta":{"_et_pb_use_builder":"on","_et_pb_old_content":"","_et_gb_content_width":"","_glsr_average":0,"_glsr_ranking":0,"_glsr_reviews":0,"footnotes":""},"class_list":["post-369572","page","type-page","status-publish","hentry"],"_links":{"self":[{"href":"https:\/\/pglorieta.com\/es\/wp-json\/wp\/v2\/pages\/369572","targetHints":{"allow":["GET"]}}],"collection":[{"href":"https:\/\/pglorieta.com\/es\/wp-json\/wp\/v2\/pages"}],"about":[{"href":"https:\/\/pglorieta.com\/es\/wp-json\/wp\/v2\/types\/page"}],"author":[{"embeddable":true,"href":"https:\/\/pglorieta.com\/es\/wp-json\/wp\/v2\/users\/3"}],"replies":[{"embeddable":true,"href":"https:\/\/pglorieta.com\/es\/wp-json\/wp\/v2\/comments?post=369572"}],"version-history":[{"count":10,"href":"https:\/\/pglorieta.com\/es\/wp-json\/wp\/v2\/pages\/369572\/revisions"}],"predecessor-version":[{"id":375203,"href":"https:\/\/pglorieta.com\/es\/wp-json\/wp\/v2\/pages\/369572\/revisions\/375203"}],"wp:attachment":[{"href":"https:\/\/pglorieta.com\/es\/wp-json\/wp\/v2\/media?parent=369572"}],"curies":[{"name":"wp","href":"https:\/\/api.w.org\/{rel}","templated":true}]}}