{"id":369516,"date":"2022-03-22T10:37:00","date_gmt":"2022-03-22T09:37:00","guid":{"rendered":"https:\/\/pglorieta.com\/paciente-internacional\/"},"modified":"2022-06-07T10:47:57","modified_gmt":"2022-06-07T08:47:57","slug":"paciente-internacional","status":"publish","type":"page","link":"https:\/\/pglorieta.com\/es\/paciente-internacional\/","title":{"rendered":"paciente internacional"},"content":{"rendered":"<p>[et_pb_section fb_built=\u00bb1&#8243; fullwidth=\u00bbon\u00bb disabled_on=\u00bbon|off|off\u00bb _builder_version=\u00bb4.16&#8243; background_enable_image=\u00bboff\u00bb custom_padding=\u00bb|||\u00bb global_colors_info=\u00bb{}\u00bb][et_pb_fullwidth_header text_orientation=\u00bbcenter\u00bb background_overlay_color=\u00bbRGBA(255,255,255,0)\u00bb module_class=\u00bbdct-header-title\u00bb _builder_version=\u00bb4.16&#8243; title_font=\u00bb|700|||||||\u00bb title_text_color=\u00bbgcid-0a4b8514-58d9-4d28-81c8-4795182d86df\u00bb content_font=\u00bb||||||||\u00bb background_enable_color=\u00bboff\u00bb background_image=\u00bbhttps:\/\/pglorieta.com\/wp-content\/uploads\/2022\/03\/internationaler-patient.jpg\u00bb background_blend=\u00bboverlay\u00bb background_layout=\u00bblight\u00bb custom_padding=\u00bb125px|||120px|false|false\u00bb custom_padding_tablet=\u00bb\u00bb custom_padding_phone=\u00bb50px|||\u00bb custom_padding_last_edited=\u00bbon|phone\u00bb title_font_size_tablet=\u00bb\u00bb title_font_size_phone=\u00bb28px\u00bb title_font_size_last_edited=\u00bbon|desktop\u00bb title_text_shadow_style=\u00bbpreset5&#8243; title_text_shadow_color=\u00bb#FFFFFF\u00bb text_shadow_style=\u00bbpreset3&#8243; text_shadow_color=\u00bb#FFFFFF\u00bb global_colors_info=\u00bb{%22gcid-0a4b8514-58d9-4d28-81c8-4795182d86df%22:%91%22background_color%22,%22title_text_color%22%93}\u00bb button_one_text_size__hover_enabled=\u00bboff\u00bb button_two_text_size__hover_enabled=\u00bboff\u00bb button_one_text_color__hover_enabled=\u00bboff\u00bb button_two_text_color__hover_enabled=\u00bboff\u00bb button_one_border_width__hover_enabled=\u00bboff\u00bb button_two_border_width__hover_enabled=\u00bboff\u00bb button_one_border_color__hover_enabled=\u00bboff\u00bb button_two_border_color__hover_enabled=\u00bboff\u00bb button_one_border_radius__hover_enabled=\u00bboff\u00bb button_two_border_radius__hover_enabled=\u00bboff\u00bb button_one_letter_spacing__hover_enabled=\u00bboff\u00bb button_two_letter_spacing__hover_enabled=\u00bboff\u00bb button_one_bg_color__hover_enabled=\u00bboff\u00bb button_two_bg_color__hover_enabled=\u00bboff\u00bb]<\/p>\n<h1 style=\"text-align: center;\">Pacientes Internacionales<\/h1>\n<h1 style=\"text-align: center;\">la Policl\u00ednica Glorieta<\/h1>\n<h1><\/h1>\n<p>[\/et_pb_fullwidth_header][\/et_pb_section][et_pb_section fb_built=\u00bb1&#8243; fullwidth=\u00bbon\u00bb _builder_version=\u00bb4.16&#8243; _module_preset=\u00bbdefault\u00bb global_colors_info=\u00bb{}\u00bb][et_pb_fullwidth_header title=\u00bbPacientes Internacionales\u00bb disabled_on=\u00bboff|on|on\u00bb _builder_version=\u00bb4.16&#8243; _module_preset=\u00bbdefault\u00bb title_text_align=\u00bbcenter\u00bb global_colors_info=\u00bb{}\u00bb][\/et_pb_fullwidth_header][\/et_pb_section][et_pb_section fb_built=\u00bb1&#8243; _builder_version=\u00bb4.16&#8243; _module_preset=\u00bbdefault\u00bb global_colors_info=\u00bb{}\u00bb][et_pb_row _builder_version=\u00bb4.16&#8243; _module_preset=\u00bbdefault\u00bb global_colors_info=\u00bb{}\u00bb][et_pb_column type=\u00bb4_4&#8243; _builder_version=\u00bb4.16&#8243; _module_preset=\u00bbdefault\u00bb global_colors_info=\u00bb{}\u00bb][et_pb_text disabled_on=\u00bbon|off|off\u00bb _builder_version=\u00bb4.16&#8243; _module_preset=\u00bbdefault\u00bb text_font_size=\u00bb10px\u00bb custom_margin=\u00bb-25px||||false|false\u00bb global_colors_info=\u00bb{}\u00bb]<\/p>\n<p style=\"text-align: right;\">Foto: visivascnc &#8211; Adobe Stock<\/p>\n<p>[\/et_pb_text][\/et_pb_column][\/et_pb_row][\/et_pb_section][et_pb_section fb_built=\u00bb1&#8243; make_equal=\u00bbon\u00bb use_custom_gutter=\u00bbon\u00bb gutter_width=\u00bb2&#8243; specialty=\u00bbon\u00bb _builder_version=\u00bb4.16&#8243; global_colors_info=\u00bb{}\u00bb][et_pb_column type=\u00bb1_2&#8243; specialty_columns=\u00bb2&#8243; _builder_version=\u00bb4.16&#8243; custom_padding=\u00bb|||\u00bb global_colors_info=\u00bb{}\u00bb parallax__hover=\u00bboff\u00bb parallax_method__hover=\u00bbon\u00bb custom_padding__hover=\u00bb|||\u00bb][et_pb_row_inner _builder_version=\u00bb4.16&#8243; global_colors_info=\u00bb{}\u00bb][et_pb_column_inner saved_specialty_column_type=\u00bb1_2&#8243; _builder_version=\u00bb4.16&#8243; custom_padding=\u00bb|||\u00bb global_colors_info=\u00bb{}\u00bb parallax__hover=\u00bboff\u00bb parallax_method__hover=\u00bbon\u00bb custom_padding__hover=\u00bb|||\u00bb][et_pb_text _builder_version=\u00bb4.16&#8243; text_font=\u00bb||||||||\u00bb header_font=\u00bb||||||||\u00bb header_text_align=\u00bbcenter\u00bb header_2_font=\u00bb|700||on|||||\u00bb header_2_text_color=\u00bbgcid-0a4b8514-58d9-4d28-81c8-4795182d86df\u00bb header_2_font_size=\u00bb30px\u00bb text_orientation=\u00bbcenter\u00bb custom_margin=\u00bb-14px|||||\u00bb custom_padding=\u00bb17px|||||\u00bb global_colors_info=\u00bb{%22gcid-0a4b8514-58d9-4d28-81c8-4795182d86df%22:%91%22header_2_text_color%22%93}\u00bb]<\/p>\n<div class=\"dct-title clearfix\">\n<h2 class=\"hadding\">Policl\u00ednico Internacional<\/h2>\n<p>Te entendemos en tu idioma<\/p>\n<\/div>\n<p>[\/et_pb_text][et_pb_text _builder_version=\u00bb4.16&#8243; _module_preset=\u00bbdefault\u00bb global_colors_info=\u00bb{}\u00bb]<\/p>\n<p>Como policl\u00ednico internacional, sabemos lo importante que es poder comunicarse en su lengua materna cuando se trata de preguntas m\u00e9dicas. Por eso estamos a tu lado en tu idioma, tanto de forma ambulatoria como hospitalaria. Tambi\u00e9n estamos encantados de ayudarle cuando est\u00e9 planificando su viaje o buscando un alojamiento adecuado para usted y su familia.<\/p>\n<p><strong>Cooperaci\u00f3n internacional<\/strong><br \/>En consulta con usted, le proporcionaremos toda la informaci\u00f3n a su m\u00e9dico de cabecera en su pa\u00eds de origen. Si est\u00e1 planeando una estad\u00eda m\u00e9dica con nosotros, le recomendamos que traiga todos los documentos importantes con usted o que nos los env\u00ede antes de su llegada. No tienes que traducirlos.<strong><\/strong><\/p>\n<p>&nbsp;<\/p>\n<p>[\/et_pb_text][\/et_pb_column_inner][\/et_pb_row_inner][\/et_pb_column][et_pb_column type=\u00bb1_2&#8243; _builder_version=\u00bb4.16&#8243; custom_padding=\u00bb|||\u00bb global_colors_info=\u00bb{}\u00bb parallax__hover=\u00bboff\u00bb parallax_method__hover=\u00bbon\u00bb custom_padding__hover=\u00bb|||\u00bb][et_pb_text _builder_version=\u00bb4.16&#8243; text_font=\u00bb||||||||\u00bb header_font=\u00bb||||||||\u00bb header_text_align=\u00bbcenter\u00bb header_2_font=\u00bb|700||on|||||\u00bb header_2_text_color=\u00bbgcid-0a4b8514-58d9-4d28-81c8-4795182d86df\u00bb header_2_font_size=\u00bb30px\u00bb text_orientation=\u00bbcenter\u00bb custom_margin=\u00bb|||\u00bb global_colors_info=\u00bb{%22gcid-0a4b8514-58d9-4d28-81c8-4795182d86df%22:%91%22header_2_text_color%22%93}\u00bb]<\/p>\n<div class=\"dct-title clearfix\">\n<h2 class=\"hadding\">Nuestro servicio<\/h2>\n<p>Queremos que te sientas bien<\/p>\n<\/div>\n<p>[\/et_pb_text][et_pb_blurb use_icon=\u00bbon\u00bb font_icon=\u00bb&#x5a;||divi||400&#8243; _builder_version=\u00bb4.16&#8243; global_colors_info=\u00bb{}\u00bb]<\/p>\n<p>Entendimiento internacional<\/p>\n<p>[\/et_pb_blurb][et_pb_blurb use_icon=\u00bbon\u00bb font_icon=\u00bb&#x5a;||divi||400&#8243; _builder_version=\u00bb4.16&#8243; global_colors_info=\u00bb{}\u00bb]<\/p>\n<p>Interpretaci\u00f3n para tratamientos ambulatorios<\/p>\n<p>[\/et_pb_blurb][et_pb_blurb use_icon=\u00bbon\u00bb font_icon=\u00bb&#x5a;||divi||400&#8243; _builder_version=\u00bb4.16&#8243; global_colors_info=\u00bb{}\u00bb]<\/p>\n<p>Interpretaci\u00f3n durante el tratamiento hospitalario<\/p>\n<p>[\/et_pb_blurb][et_pb_blurb use_icon=\u00bbon\u00bb font_icon=\u00bb&#x5a;||divi||400&#8243; _builder_version=\u00bb4.16&#8243; global_colors_info=\u00bb{}\u00bb]<\/p>\n<p>Transparencia en el trato y costos<\/p>\n<p>[\/et_pb_blurb][et_pb_blurb use_icon=\u00bbon\u00bb font_icon=\u00bb&#x5a;||divi||400&#8243; _builder_version=\u00bb4.16&#8243; global_colors_info=\u00bb{}\u00bb]<\/p>\n<p>Servicio de asistencia y salvamento<\/p>\n<p>[\/et_pb_blurb][et_pb_blurb use_icon=\u00bbon\u00bb font_icon=\u00bb&#x5a;||divi||400&#8243; _builder_version=\u00bb4.16&#8243; global_colors_info=\u00bb{}\u00bb]<\/p>\n<p>Documentaci\u00f3n completa, digital bajo petici\u00f3n<\/p>\n<p>[\/et_pb_blurb][\/et_pb_column][\/et_pb_section][et_pb_section fb_built=\u00bb1&#8243; disabled_on=\u00bbon|on|on\u00bb _builder_version=\u00bb4.17.1&#8243; _module_preset=\u00bbdefault\u00bb disabled=\u00bbon\u00bb global_colors_info=\u00bb{}\u00bb][et_pb_row _builder_version=\u00bb4.16&#8243; _module_preset=\u00bbdefault\u00bb global_colors_info=\u00bb{}\u00bb][et_pb_column type=\u00bb4_4&#8243; _builder_version=\u00bb4.16&#8243; _module_preset=\u00bbdefault\u00bb global_colors_info=\u00bb{}\u00bb][et_pb_text _builder_version=\u00bb4.16&#8243; text_font=\u00bb||||||||\u00bb header_font=\u00bb||||||||\u00bb header_text_align=\u00bbcenter\u00bb header_2_font=\u00bb|700||on|||||\u00bb header_2_text_color=\u00bbgcid-0a4b8514-58d9-4d28-81c8-4795182d86df\u00bb header_2_font_size=\u00bb30px\u00bb text_orientation=\u00bbcenter\u00bb custom_margin=\u00bb|||\u00bb custom_padding=\u00bb17px|||||\u00bb global_colors_info=\u00bb{%22gcid-0a4b8514-58d9-4d28-81c8-4795182d86df%22:%91%22header_2_text_color%22%93}\u00bb]<\/p>\n<div class=\"dct-title clearfix\">\n<h2 class=\"hadding\">Competencia m\u00e9dica en la Costa Blanca<\/h2>\n<p>Del chequeo a la rehabilitaci\u00f3n: 16 \u00e1reas especializadas bajo un mismo techo y camas en cl\u00ednicas de renombre <\/p>\n<\/div>\n<p>[\/et_pb_text][\/et_pb_column][\/et_pb_row][\/et_pb_section][et_pb_section fb_built=\u00bb1&#8243; disabled_on=\u00bbon|on|on\u00bb _builder_version=\u00bb4.17.1&#8243; _module_preset=\u00bbdefault\u00bb disabled=\u00bbon\u00bb global_colors_info=\u00bb{}\u00bb][et_pb_row _builder_version=\u00bb4.16&#8243; _module_preset=\u00bbdefault\u00bb global_colors_info=\u00bb{}\u00bb][et_pb_column type=\u00bb4_4&#8243; _builder_version=\u00bb4.16&#8243; _module_preset=\u00bbdefault\u00bb global_colors_info=\u00bb{}\u00bb][et_pb_text _builder_version=\u00bb4.17.1&#8243; _module_preset=\u00bbdefault\u00bb global_colors_info=\u00bb{}\u00bb]<\/p>\n<p>Wir bieten auch unseren Patienten aus dem Ausland umfassende Service-Leistungen, damit sie sich w\u00e4hrend ihrer Behandlungen wohl und versorgt wissen. Als Poliklinik sind wir nicht nur Belegklinik, sondern arbeiten mit vielen Spezialisten und Experten intensiv und vertrauensvoll zusammen.<\/p>\n<p><strong>Sportmedizin: Kurze Wege, schnelle Termine<br \/><\/strong>Die Poliklinik Glorieta betreut dar\u00fcber hinaus Rennradfahrer international erfolgreicher Teams w\u00e4hrend ihres Trainings an der Costa Blanca sowie Amateur- wie Profisportler unterschiedlichster Disziplinen. Dank der engen Zusammenarbeit mit unserer renommierten <a href=\"https:\/\/pglorieta.com\/kardiologie\/\">Kardiologie<\/a> und unserem Partner f\u00fcr Rehabilitation, <a href=\"https:\/\/remasalud.es\/\" target=\"_blank\" rel=\"noopener\">REMA<\/a>, bieten wir unseren Patienten ein umfassendes Leistungsspektrum .<\/p>\n<p>&nbsp;<\/p>\n<p>[\/et_pb_text][\/et_pb_column][\/et_pb_row][\/et_pb_section][et_pb_section fb_built=\u00bb1&#8243; _builder_version=\u00bb4.17.1&#8243; _module_preset=\u00bbdefault\u00bb global_colors_info=\u00bb{}\u00bb][et_pb_row _builder_version=\u00bb4.17.1&#8243; _module_preset=\u00bbdefault\u00bb global_colors_info=\u00bb{}\u00bb][et_pb_column type=\u00bb4_4&#8243; _builder_version=\u00bb4.17.1&#8243; _module_preset=\u00bbdefault\u00bb global_colors_info=\u00bb{}\u00bb][\/et_pb_column][\/et_pb_row][\/et_pb_section][et_pb_section fb_built=\u00bb1&#8243; _builder_version=\u00bb4.16&#8243; _module_preset=\u00bbdefault\u00bb global_colors_info=\u00bb{}\u00bb][et_pb_row _builder_version=\u00bb4.16&#8243; _module_preset=\u00bbdefault\u00bb global_colors_info=\u00bb{}\u00bb][et_pb_column type=\u00bb4_4&#8243; _builder_version=\u00bb4.16&#8243; _module_preset=\u00bbdefault\u00bb global_colors_info=\u00bb{}\u00bb][et_pb_text _builder_version=\u00bb4.17.1&#8243; text_font=\u00bb||||||||\u00bb header_font=\u00bb||||||||\u00bb header_text_align=\u00bbcenter\u00bb header_2_font=\u00bb|700||on|||||\u00bb header_2_text_color=\u00bbgcid-0a4b8514-58d9-4d28-81c8-4795182d86df\u00bb header_2_font_size=\u00bb30px\u00bb text_orientation=\u00bbcenter\u00bb custom_margin=\u00bb|||\u00bb custom_padding=\u00bb17px|||||\u00bb global_colors_info=\u00bb{%22gcid-0a4b8514-58d9-4d28-81c8-4795182d86df%22:%91%22header_2_text_color%22%93}\u00bb]<\/p>\n<div class=\"dct-title clearfix\">\n<h2 class=\"hadding\">Preguntas frecuentes<\/h2>\n<p>\u00bfTu pregunta no fue respondida? \u00a1Entonces escr\u00edbanos o ll\u00e1menos! \u00a1Nosotros te esperamos!<\/p>\n<\/div>\n<p>[\/et_pb_text][et_pb_toggle title=\u00bbNecesito alojamiento durante mi tratamiento en Espa\u00f1a, \u00bfqui\u00e9n me puede ayudar?\u00bb open_toggle_text_color=\u00bbgcid-0a4b8514-58d9-4d28-81c8-4795182d86df\u00bb open_toggle_background_color=\u00bb#FFFFFF\u00bb closed_toggle_text_color=\u00bb#FFFFFF\u00bb closed_toggle_background_color=\u00bbgcid-0a4b8514-58d9-4d28-81c8-4795182d86df\u00bb toggle_icon=\u00bb&#x47;||divi||400&#8243; use_icon_font_size=\u00bbon\u00bb icon_font_size=\u00bb28px\u00bb open_icon_color=\u00bbgcid-0a4b8514-58d9-4d28-81c8-4795182d86df\u00bb open_toggle_icon=\u00bb&#xe04b;||divi||400&#8243; open_use_icon_font_size=\u00bbon\u00bb open_icon_font_size=\u00bb28px\u00bb disabled_on=\u00bbon|on|on\u00bb _builder_version=\u00bb4.17.1&#8243; _module_preset=\u00bbdefault\u00bb title_text_color=\u00bb#FFFFFF\u00bb title_level=\u00bbh3&#8243; box_shadow_style=\u00bbpreset2&#8243; box_shadow_color=\u00bbgcid-0a4b8514-58d9-4d28-81c8-4795182d86df\u00bb disabled=\u00bbon\u00bb global_colors_info=\u00bb{%22gcid-0a4b8514-58d9-4d28-81c8-4795182d86df%22:%91%22closed_toggle_background_color%22,%22open_toggle_text_color%22,%22box_shadow_color%22,%22open_icon_color%22%93}\u00bb]<\/p>\n<p>Te apoyamos en la b\u00fasqueda de un lugar adecuado para vivir o un hotel para tu estancia de tratamiento en D\u00e9nia.<\/p>\n<p>[\/et_pb_toggle][et_pb_toggle title=\u00bb\u00bfQu\u00e9 sucede si tengo que quedarme en la cl\u00ednica m\u00e1s tiempo del previsto?\u00bb open_toggle_text_color=\u00bbgcid-0a4b8514-58d9-4d28-81c8-4795182d86df\u00bb open_toggle_background_color=\u00bb#FFFFFF\u00bb closed_toggle_text_color=\u00bb#FFFFFF\u00bb closed_toggle_background_color=\u00bbgcid-0a4b8514-58d9-4d28-81c8-4795182d86df\u00bb toggle_icon=\u00bb&#x47;||divi||400&#8243; use_icon_font_size=\u00bbon\u00bb icon_font_size=\u00bb28px\u00bb open_icon_color=\u00bbgcid-0a4b8514-58d9-4d28-81c8-4795182d86df\u00bb open_toggle_icon=\u00bb&#xe04b;||divi||400&#8243; open_use_icon_font_size=\u00bbon\u00bb open_icon_font_size=\u00bb28px\u00bb _builder_version=\u00bb4.16&#8243; _module_preset=\u00bbdefault\u00bb title_text_color=\u00bb#FFFFFF\u00bb title_level=\u00bbh3&#8243; box_shadow_style=\u00bbpreset2&#8243; box_shadow_color=\u00bbgcid-0a4b8514-58d9-4d28-81c8-4795182d86df\u00bb global_colors_info=\u00bb{%22gcid-0a4b8514-58d9-4d28-81c8-4795182d86df%22:%91%22closed_toggle_background_color%22,%22open_toggle_text_color%22,%22box_shadow_color%22,%22open_icon_color%22,%22closed_toggle_background_color%22,%22open_toggle_text_color%22,%22box_shadow_color%22%93}\u00bb]<\/p>\n<p>En este caso, nos pondremos en contacto con su hotel y su operador tur\u00edstico. Le apoyamos con las reservas de vuelos, el traslado de pacientes y su estancia en el hospital hasta su recuperaci\u00f3n, en consulta con nuestros especialistas m\u00e9dicos.<\/p>\n<p>[\/et_pb_toggle][et_pb_toggle title=\u00bb\u00bfCubrir\u00e1 mi seguro los costes del tratamiento?\u00bb open_toggle_text_color=\u00bbgcid-0a4b8514-58d9-4d28-81c8-4795182d86df\u00bb open_toggle_background_color=\u00bb#FFFFFF\u00bb closed_toggle_text_color=\u00bb#FFFFFF\u00bb closed_toggle_background_color=\u00bbgcid-0a4b8514-58d9-4d28-81c8-4795182d86df\u00bb toggle_icon=\u00bb&#x47;||divi||400&#8243; use_icon_font_size=\u00bbon\u00bb icon_font_size=\u00bb28px\u00bb open_icon_color=\u00bbgcid-0a4b8514-58d9-4d28-81c8-4795182d86df\u00bb open_toggle_icon=\u00bb&#xe04b;||divi||400&#8243; open_use_icon_font_size=\u00bbon\u00bb open_icon_font_size=\u00bb28px\u00bb _builder_version=\u00bb4.16.0&#8243; _module_preset=\u00bbdefault\u00bb title_text_color=\u00bb#FFFFFF\u00bb title_level=\u00bbh3&#8243; box_shadow_style=\u00bbpreset2&#8243; box_shadow_color=\u00bbgcid-0a4b8514-58d9-4d28-81c8-4795182d86df\u00bb global_colors_info=\u00bb{%22gcid-0a4b8514-58d9-4d28-81c8-4795182d86df%22:%91%22closed_toggle_background_color%22,%22open_toggle_text_color%22,%22box_shadow_color%22,%22open_icon_color%22,%22closed_toggle_background_color%22,%22open_toggle_text_color%22,%22box_shadow_color%22%93}\u00bb]<\/p>\n<p>La asunci\u00f3n de los costos debe aclararse con la compa\u00f1\u00eda de seguros por adelantado. Listamos todas las terapias y tratamientos as\u00ed como medicamentos y diagn\u00f3sticos en espa\u00f1ol y alem\u00e1n.<\/p>\n<p>&nbsp;<\/p>\n<p>[\/et_pb_toggle][et_pb_toggle title=\u00bb\u00bfMe env\u00edas mi factura?\u00bb open_toggle_text_color=\u00bbgcid-0a4b8514-58d9-4d28-81c8-4795182d86df\u00bb open_toggle_background_color=\u00bb#FFFFFF\u00bb closed_toggle_text_color=\u00bb#FFFFFF\u00bb closed_toggle_background_color=\u00bbgcid-0a4b8514-58d9-4d28-81c8-4795182d86df\u00bb toggle_icon=\u00bb&#x47;||divi||400&#8243; use_icon_font_size=\u00bbon\u00bb icon_font_size=\u00bb28px\u00bb open_icon_color=\u00bbgcid-0a4b8514-58d9-4d28-81c8-4795182d86df\u00bb open_toggle_icon=\u00bb&#xe04b;||divi||400&#8243; open_use_icon_font_size=\u00bbon\u00bb open_icon_font_size=\u00bb28px\u00bb _builder_version=\u00bb4.17.1&#8243; _module_preset=\u00bbdefault\u00bb title_text_color=\u00bb#FFFFFF\u00bb title_level=\u00bbh3&#8243; box_shadow_style=\u00bbpreset2&#8243; box_shadow_color=\u00bbgcid-0a4b8514-58d9-4d28-81c8-4795182d86df\u00bb global_colors_info=\u00bb{%22gcid-0a4b8514-58d9-4d28-81c8-4795182d86df%22:%91%22closed_toggle_background_color%22,%22open_toggle_text_color%22,%22box_shadow_color%22,%22open_icon_color%22,%22closed_toggle_background_color%22,%22open_toggle_text_color%22,%22box_shadow_color%22%93}\u00bb]<\/p>\n<p>No, recibir\u00e1 la factura de nosotros en el sitio y directamente despu\u00e9s del tratamiento.<\/p>\n<p>[\/et_pb_toggle][et_pb_toggle title=\u00bbTengo un seguro de salud internacional, \u00bfcubre mis costos?\u00bb open_toggle_text_color=\u00bbgcid-0a4b8514-58d9-4d28-81c8-4795182d86df\u00bb open_toggle_background_color=\u00bb#FFFFFF\u00bb closed_toggle_text_color=\u00bb#FFFFFF\u00bb closed_toggle_background_color=\u00bbgcid-0a4b8514-58d9-4d28-81c8-4795182d86df\u00bb toggle_icon=\u00bb&#x47;||divi||400&#8243; use_icon_font_size=\u00bbon\u00bb icon_font_size=\u00bb28px\u00bb open_icon_color=\u00bbgcid-0a4b8514-58d9-4d28-81c8-4795182d86df\u00bb open_toggle_icon=\u00bb&#xe04b;||divi||400&#8243; open_use_icon_font_size=\u00bbon\u00bb open_icon_font_size=\u00bb28px\u00bb _builder_version=\u00bb4.16.0&#8243; _module_preset=\u00bbdefault\u00bb title_text_color=\u00bb#FFFFFF\u00bb title_level=\u00bbh3&#8243; box_shadow_style=\u00bbpreset2&#8243; box_shadow_color=\u00bbgcid-0a4b8514-58d9-4d28-81c8-4795182d86df\u00bb global_colors_info=\u00bb{%22gcid-0a4b8514-58d9-4d28-81c8-4795182d86df%22:%91%22closed_toggle_background_color%22,%22open_toggle_text_color%22,%22box_shadow_color%22,%22open_icon_color%22,%22closed_toggle_background_color%22,%22open_toggle_text_color%22,%22box_shadow_color%22%93}\u00bb]<\/p>\n<p>Como regla general, el seguro de salud internacional cubre los costos de las emergencias, el asesoramiento ambulatorio y la estad\u00eda en una cl\u00ednica. Le recomendamos que aclare esto con su compa\u00f1\u00eda de seguros con anticipaci\u00f3n.<\/p>\n<p>[\/et_pb_toggle][\/et_pb_column][\/et_pb_row][\/et_pb_section][et_pb_section fb_built=\u00bb1&#8243; _builder_version=\u00bb4.16&#8243; _module_preset=\u00bbdefault\u00bb global_colors_info=\u00bb{}\u00bb][\/et_pb_section][et_pb_section fb_built=\u00bb1&#8243; _builder_version=\u00bb4.16&#8243; _module_preset=\u00bbdefault\u00bb global_colors_info=\u00bb{}\u00bb][et_pb_row _builder_version=\u00bb4.16&#8243; _module_preset=\u00bbdefault\u00bb global_colors_info=\u00bb{}\u00bb][et_pb_column type=\u00bb4_4&#8243; _builder_version=\u00bb4.16&#8243; _module_preset=\u00bbdefault\u00bb global_colors_info=\u00bb{}\u00bb][et_pb_divider divider_weight=\u00bb4px\u00bb _builder_version=\u00bb4.16&#8243; _module_preset=\u00bbdefault\u00bb width=\u00bb52%\u00bb module_alignment=\u00bbcenter\u00bb global_colors_info=\u00bb{}\u00bb][\/et_pb_divider][\/et_pb_column][\/et_pb_row][\/et_pb_section][et_pb_section fb_built=\u00bb1&#8243; _builder_version=\u00bb4.16&#8243; _module_preset=\u00bbdefault\u00bb global_colors_info=\u00bb{}\u00bb][et_pb_row use_custom_gutter=\u00bbon\u00bb gutter_width=\u00bb1&#8243; module_class=\u00bb et_pb_row_fullwidth\u00bb _builder_version=\u00bb3.25&#8243; width=\u00bb100%\u00bb width_tablet=\u00bb100%\u00bb width_phone=\u00bb100%\u00bb width_last_edited=\u00bbon|desktop\u00bb max_width=\u00bb100%\u00bb max_width_tablet=\u00bb100%\u00bb max_width_phone=\u00bb100%\u00bb max_width_last_edited=\u00bbon|desktop\u00bb custom_padding=\u00bb27px|0px|0|0px|false|false\u00bb make_fullwidth=\u00bbon\u00bb global_module=\u00bb368059&#8243; saved_tabs=\u00bball\u00bb global_colors_info=\u00bb{}\u00bb][et_pb_column type=\u00bb4_4&#8243; _builder_version=\u00bb4.16&#8243; custom_padding=\u00bb|||\u00bb global_colors_info=\u00bb{}\u00bb custom_padding__hover=\u00bb|||\u00bb][et_pb_cta title=\u00bb\u00a1Haga una cita ahora!\u00bb button_url=\u00bbhttps:\/\/pglorieta.com\/es\/contacto\/\u00bb button_text=\u00bbContacto\u00bb module_class=\u00bbdct_cta_1&#8243; _builder_version=\u00bb4.17.1&#8243; header_text_color=\u00bb#FFFFFF\u00bb background_enable_color=\u00bboff\u00bb background_image=\u00bbhttps:\/\/pglorieta.com\/wp-content\/uploads\/2022\/03\/Hintergrund.jpg\u00bb background_position=\u00bbtop_center\u00bb background_blend=\u00bboverlay\u00bb custom_button=\u00bbon\u00bb button_text_size=\u00bb25px\u00bb button_font=\u00bb|||on|||||\u00bb button_icon=\u00bb&#x24;||divi||400&#8243; background_layout=\u00bblight\u00bb custom_padding=\u00bb120px||120px|\u00bb global_colors_info=\u00bb{}\u00bb]<\/p>\n<h3>\u00bfTiene alguna pregunta o le gustar\u00eda hacer una cita? \u00a1Nos complace estar aqu\u00ed para usted! Ll\u00e1manos o escr\u00edbenos.<\/h3>\n<p>[\/et_pb_cta][\/et_pb_column][\/et_pb_row][\/et_pb_section]<\/p>\n","protected":false},"excerpt":{"rendered":"<p>Pacientes Internacionales la Policl\u00ednica Glorieta Foto: visivascnc &#8211; Adobe Stock Policl\u00ednico Internacional Te entendemos en tu idioma Como policl\u00ednico internacional, sabemos lo importante que es poder comunicarse en su lengua materna cuando se trata de preguntas m\u00e9dicas. Por eso estamos a tu lado en tu idioma, tanto de forma ambulatoria como hospitalaria. Tambi\u00e9n estamos encantados [&hellip;]<\/p>\n","protected":false},"author":3,"featured_media":0,"parent":0,"menu_order":17,"comment_status":"closed","ping_status":"closed","template":"","meta":{"_et_pb_use_builder":"on","_et_pb_old_content":"","_et_gb_content_width":"","_glsr_average":0,"_glsr_ranking":0,"_glsr_reviews":0,"footnotes":""},"class_list":["post-369516","page","type-page","status-publish","hentry"],"_links":{"self":[{"href":"https:\/\/pglorieta.com\/es\/wp-json\/wp\/v2\/pages\/369516","targetHints":{"allow":["GET"]}}],"collection":[{"href":"https:\/\/pglorieta.com\/es\/wp-json\/wp\/v2\/pages"}],"about":[{"href":"https:\/\/pglorieta.com\/es\/wp-json\/wp\/v2\/types\/page"}],"author":[{"embeddable":true,"href":"https:\/\/pglorieta.com\/es\/wp-json\/wp\/v2\/users\/3"}],"replies":[{"embeddable":true,"href":"https:\/\/pglorieta.com\/es\/wp-json\/wp\/v2\/comments?post=369516"}],"version-history":[{"count":10,"href":"https:\/\/pglorieta.com\/es\/wp-json\/wp\/v2\/pages\/369516\/revisions"}],"predecessor-version":[{"id":372847,"href":"https:\/\/pglorieta.com\/es\/wp-json\/wp\/v2\/pages\/369516\/revisions\/372847"}],"wp:attachment":[{"href":"https:\/\/pglorieta.com\/es\/wp-json\/wp\/v2\/media?parent=369516"}],"curies":[{"name":"wp","href":"https:\/\/api.w.org\/{rel}","templated":true}]}}