{"id":369485,"date":"2022-03-21T13:33:09","date_gmt":"2022-03-21T12:33:09","guid":{"rendered":"https:\/\/pglorieta.com\/administracion\/"},"modified":"2022-09-06T12:19:33","modified_gmt":"2022-09-06T10:19:33","slug":"administracion","status":"publish","type":"page","link":"https:\/\/pglorieta.com\/es\/administracion\/","title":{"rendered":"Administraci\u00f3n"},"content":{"rendered":"<p>[et_pb_section fb_built=\u00bb1&#8243; fullwidth=\u00bbon\u00bb disabled_on=\u00bbon|off|off\u00bb _builder_version=\u00bb4.16&#8243; background_enable_image=\u00bboff\u00bb custom_padding=\u00bb|||\u00bb global_colors_info=\u00bb{}\u00bb][et_pb_fullwidth_header text_orientation=\u00bbcenter\u00bb background_overlay_color=\u00bbRGBA(255,255,255,0)\u00bb module_class=\u00bbdct-header-title\u00bb _builder_version=\u00bb4.16&#8243; title_font=\u00bb|700|||||||\u00bb title_text_color=\u00bb#000000&#8243; content_font=\u00bb||||||||\u00bb background_enable_color=\u00bboff\u00bb background_image=\u00bbhttps:\/\/pglorieta.com\/wp-content\/uploads\/2022\/03\/Rezeption.jpg\u00bb background_blend=\u00bboverlay\u00bb background_layout=\u00bblight\u00bb custom_padding=\u00bb125px||||false|false\u00bb custom_padding_tablet=\u00bb\u00bb custom_padding_phone=\u00bb50px|||\u00bb custom_padding_last_edited=\u00bbon|phone\u00bb title_font_size_tablet=\u00bb\u00bb title_font_size_phone=\u00bb28px\u00bb title_font_size_last_edited=\u00bbon|desktop\u00bb title_text_shadow_style=\u00bbpreset2&#8243; title_text_shadow_color=\u00bb#FFFFFF\u00bb text_shadow_style=\u00bbpreset3&#8243; text_shadow_color=\u00bb#FFFFFF\u00bb global_colors_info=\u00bb{%22gcid-0a4b8514-58d9-4d28-81c8-4795182d86df%22:%91%22background_color%22%93}\u00bb button_one_text_size__hover_enabled=\u00bboff\u00bb button_two_text_size__hover_enabled=\u00bboff\u00bb button_one_text_color__hover_enabled=\u00bboff\u00bb button_two_text_color__hover_enabled=\u00bboff\u00bb button_one_border_width__hover_enabled=\u00bboff\u00bb button_two_border_width__hover_enabled=\u00bboff\u00bb button_one_border_color__hover_enabled=\u00bboff\u00bb button_two_border_color__hover_enabled=\u00bboff\u00bb button_one_border_radius__hover_enabled=\u00bboff\u00bb button_two_border_radius__hover_enabled=\u00bboff\u00bb button_one_letter_spacing__hover_enabled=\u00bboff\u00bb button_two_letter_spacing__hover_enabled=\u00bboff\u00bb button_one_bg_color__hover_enabled=\u00bboff\u00bb button_two_bg_color__hover_enabled=\u00bboff\u00bb]<\/p>\n<h1 style=\"text-align: center;\">Administraci\u00f3n<\/h1>\n<h1><\/h1>\n<p>[\/et_pb_fullwidth_header][\/et_pb_section][et_pb_section fb_built=\u00bb1&#8243; fullwidth=\u00bbon\u00bb _builder_version=\u00bb4.16&#8243; _module_preset=\u00bbdefault\u00bb global_colors_info=\u00bb{}\u00bb][et_pb_fullwidth_header title=\u00bbAdministraci\u00f3n\u00bb disabled_on=\u00bboff|on|on\u00bb _builder_version=\u00bb4.16&#8243; _module_preset=\u00bbdefault\u00bb title_text_align=\u00bbcenter\u00bb global_colors_info=\u00bb{}\u00bb][\/et_pb_fullwidth_header][\/et_pb_section][et_pb_section fb_built=\u00bb1&#8243; _builder_version=\u00bb4.16&#8243; _module_preset=\u00bbdefault\u00bb global_colors_info=\u00bb{}\u00bb][et_pb_row _builder_version=\u00bb4.16&#8243; _module_preset=\u00bbdefault\u00bb global_colors_info=\u00bb{}\u00bb][et_pb_column type=\u00bb4_4&#8243; _builder_version=\u00bb4.16&#8243; _module_preset=\u00bbdefault\u00bb global_colors_info=\u00bb{}\u00bb][et_pb_text disabled_on=\u00bbon|off|off\u00bb _builder_version=\u00bb4.16&#8243; _module_preset=\u00bbdefault\u00bb text_text_color=\u00bbgcid-09148d61-ccf6-45b5-a599-c9b186d63edb\u00bb text_font_size=\u00bb9px\u00bb custom_margin=\u00bb-25px||||false|false\u00bb global_colors_info=\u00bb{%22gcid-09148d61-ccf6-45b5-a599-c9b186d63edb%22:%91%22text_text_color%22%93}\u00bb]<\/p>\n<p style=\"text-align: right;\">Foto: onephoto- Adobe Stock<\/p>\n<p>[\/et_pb_text][\/et_pb_column][\/et_pb_row][\/et_pb_section][et_pb_section fb_built=\u00bb1&#8243; make_equal=\u00bbon\u00bb use_custom_gutter=\u00bbon\u00bb gutter_width=\u00bb2&#8243; specialty=\u00bbon\u00bb _builder_version=\u00bb4.16&#8243; global_colors_info=\u00bb{}\u00bb][et_pb_column type=\u00bb1_2&#8243; specialty_columns=\u00bb2&#8243; _builder_version=\u00bb4.16&#8243; custom_padding=\u00bb|||\u00bb global_colors_info=\u00bb{}\u00bb parallax__hover=\u00bboff\u00bb parallax_method__hover=\u00bbon\u00bb custom_padding__hover=\u00bb|||\u00bb][et_pb_row_inner _builder_version=\u00bb4.16&#8243; global_colors_info=\u00bb{}\u00bb][et_pb_column_inner saved_specialty_column_type=\u00bb1_2&#8243; _builder_version=\u00bb4.16&#8243; custom_padding=\u00bb|||\u00bb global_colors_info=\u00bb{}\u00bb parallax__hover=\u00bboff\u00bb parallax_method__hover=\u00bbon\u00bb custom_padding__hover=\u00bb|||\u00bb][et_pb_text _builder_version=\u00bb4.16&#8243; text_font=\u00bb||||||||\u00bb header_font=\u00bb||||||||\u00bb header_text_align=\u00bbcenter\u00bb header_2_font=\u00bb|700||on|||||\u00bb header_2_text_color=\u00bbgcid-0a4b8514-58d9-4d28-81c8-4795182d86df\u00bb header_2_font_size=\u00bb30px\u00bb text_orientation=\u00bbcenter\u00bb custom_margin=\u00bb-14px|||||\u00bb custom_padding=\u00bb17px|||||\u00bb global_colors_info=\u00bb{%22gcid-0a4b8514-58d9-4d28-81c8-4795182d86df%22:%91%22header_2_text_color%22%93}\u00bb]<\/p>\n<div class=\"dct-title clearfix\">\n<h2 class=\"hadding\">Areas de responsabilidad<\/h2>\n<p>El foco est\u00e1 en el paciente.<\/p>\n<\/div>\n<p>[\/et_pb_text][et_pb_text _builder_version=\u00bb4.16&#8243; _module_preset=\u00bbdefault\u00bb global_colors_info=\u00bb{}\u00bb]<\/p>\n<p>El equipo de recepci\u00f3n son los que usted como paciente experimenta primero cuando visita nuestra Policl\u00ednica Glorieta. El equipo de administraci\u00f3n trabaja en segundo plano para garantizar que todos los procedimientos y procesos dentro de la cl\u00ednica sean seguros. Nuestras enfermeras ayudan a los m\u00e9dicos en numerosos tratamientos.<\/p>\n<p>[\/et_pb_text][et_pb_text module_id=\u00bblabor\u00bb _builder_version=\u00bb4.16&#8243; _module_preset=\u00bbdefault\u00bb global_colors_info=\u00bb{}\u00bb]<\/p>\n<p><strong>Laboratorio: Cooperaci\u00f3n confiada<\/strong><\/p>\n<p>No solo confiamos en la competencia de nuestro propio equipo, sino tambi\u00e9n de nuestros socios externos. Por eso llevamos mucho tiempo colaborando con el Centro de An\u00e1lisis Cl\u00ednico y Diagn\u00f3stico Molecular <a href=\"https:\/\/pentalaboratorio.com\/de\/\" target=\"_blank\" rel=\"noopener\">PENTA<\/a> de Altea.<\/p>\n<p>[\/et_pb_text][\/et_pb_column_inner][\/et_pb_row_inner][\/et_pb_column][et_pb_column type=\u00bb1_2&#8243; _builder_version=\u00bb4.16&#8243; custom_padding=\u00bb|||\u00bb global_colors_info=\u00bb{}\u00bb parallax__hover=\u00bboff\u00bb parallax_method__hover=\u00bbon\u00bb custom_padding__hover=\u00bb|||\u00bb][et_pb_text _builder_version=\u00bb4.16&#8243; text_font=\u00bb||||||||\u00bb header_font=\u00bb||||||||\u00bb header_text_align=\u00bbcenter\u00bb header_2_font=\u00bb|700||on|||||\u00bb header_2_text_color=\u00bbgcid-0a4b8514-58d9-4d28-81c8-4795182d86df\u00bb header_2_font_size=\u00bb30px\u00bb text_orientation=\u00bbcenter\u00bb custom_margin=\u00bb|||\u00bb global_colors_info=\u00bb{%22gcid-0a4b8514-58d9-4d28-81c8-4795182d86df%22:%91%22header_2_text_color%22%93}\u00bb]<\/p>\n<div class=\"dct-title clearfix\">\n<h2 class=\"hadding\">Nuestros servicios<\/h2>\n<p>Nos encargamos de:<\/p>\n<\/div>\n<p>[\/et_pb_text][et_pb_blurb use_icon=\u00bbon\u00bb font_icon=\u00bb&#x5a;||divi||400&#8243; _builder_version=\u00bb4.16&#8243; global_colors_info=\u00bb{}\u00bb]<\/p>\n<p>Programaci\u00f3n de citas<\/p>\n<p>[\/et_pb_blurb][et_pb_blurb use_icon=\u00bbon\u00bb font_icon=\u00bb&#x5a;||divi||400&#8243; _builder_version=\u00bb4.16&#8243; global_colors_info=\u00bb{}\u00bb]<\/p>\n<p>Interpretando<\/p>\n<p>[\/et_pb_blurb][et_pb_blurb use_icon=\u00bbon\u00bb font_icon=\u00bb&#x5a;||divi||400&#8243; _builder_version=\u00bb4.16&#8243; global_colors_info=\u00bb{}\u00bb]<\/p>\n<p>Contabilidad<\/p>\n<p>[\/et_pb_blurb][et_pb_blurb use_icon=\u00bbon\u00bb font_icon=\u00bb&#x5a;||divi||400&#8243; _builder_version=\u00bb4.16&#8243; global_colors_info=\u00bb{}\u00bb]<\/p>\n<p>Saludo paciente<\/p>\n<p>[\/et_pb_blurb][et_pb_blurb use_icon=\u00bbon\u00bb font_icon=\u00bb&#x5a;||divi||400&#8243; _builder_version=\u00bb4.16&#8243; global_colors_info=\u00bb{}\u00bb]<\/p>\n<p>Atencion al paciente<\/p>\n<p>[\/et_pb_blurb][et_pb_blurb use_icon=\u00bbon\u00bb font_icon=\u00bb&#x5a;||divi||400&#8243; _builder_version=\u00bb4.16&#8243; global_colors_info=\u00bb{}\u00bb]<\/p>\n<p>Cuidado de heridas<\/p>\n<p>[\/et_pb_blurb][et_pb_blurb use_icon=\u00bbon\u00bb font_icon=\u00bb&#x5a;||divi||400&#8243; _builder_version=\u00bb4.16&#8243; global_colors_info=\u00bb{}\u00bb]<\/p>\n<p>Persona de contacto<\/p>\n<p>[\/et_pb_blurb][\/et_pb_column][\/et_pb_section][et_pb_section fb_built=\u00bb1&#8243; _builder_version=\u00bb4.16&#8243; _module_preset=\u00bbdefault\u00bb global_colors_info=\u00bb{}\u00bb][et_pb_row _builder_version=\u00bb4.16&#8243; _module_preset=\u00bbdefault\u00bb global_colors_info=\u00bb{}\u00bb][et_pb_column type=\u00bb4_4&#8243; _builder_version=\u00bb4.16&#8243; _module_preset=\u00bbdefault\u00bb global_colors_info=\u00bb{}\u00bb][et_pb_divider divider_weight=\u00bb4px\u00bb _builder_version=\u00bb4.16&#8243; _module_preset=\u00bbdefault\u00bb width=\u00bb52%\u00bb module_alignment=\u00bbcenter\u00bb global_colors_info=\u00bb{}\u00bb][\/et_pb_divider][\/et_pb_column][\/et_pb_row][\/et_pb_section][et_pb_section fb_built=\u00bb1&#8243; specialty=\u00bbon\u00bb _builder_version=\u00bb4.16&#8243; _module_preset=\u00bbdefault\u00bb global_colors_info=\u00bb{}\u00bb][et_pb_column type=\u00bb1_3&#8243; _builder_version=\u00bb4.16&#8243; custom_padding=\u00bb|||\u00bb global_colors_info=\u00bb{}\u00bb custom_padding__hover=\u00bb|||\u00bb][et_pb_text _builder_version=\u00bb4.16&#8243; text_font=\u00bb||||||||\u00bb header_font=\u00bb||||||||\u00bb header_text_align=\u00bbcenter\u00bb header_line_height=\u00bb1.1em\u00bb header_2_font=\u00bb|700||on|||||\u00bb header_2_text_color=\u00bbgcid-0a4b8514-58d9-4d28-81c8-4795182d86df\u00bb header_2_font_size=\u00bb27px\u00bb header_2_line_height=\u00bb1.1em\u00bb text_orientation=\u00bbcenter\u00bb custom_margin=\u00bb|||\u00bb global_colors_info=\u00bb{%22gcid-0a4b8514-58d9-4d28-81c8-4795182d86df%22:%91%22header_2_text_color%22%93}\u00bb]<\/p>\n<div class=\"dct-title clearfix\">\n<h2 class=\"hadding\">La administraci\u00f3n de su equipo, recepci\u00f3n, asistencia.<\/h2>\n<p>&nbsp;<\/p>\n<\/div>\n<p>[\/et_pb_text][\/et_pb_column][et_pb_column type=\u00bb2_3&#8243; specialty_columns=\u00bb2&#8243; _builder_version=\u00bb4.16&#8243; custom_padding=\u00bb|||\u00bb global_colors_info=\u00bb{}\u00bb custom_padding__hover=\u00bb|||\u00bb][et_pb_row_inner column_structure=\u00bb1_2,1_2&#8243; _builder_version=\u00bb4.16&#8243; _module_preset=\u00bbdefault\u00bb global_colors_info=\u00bb{}\u00bb][et_pb_column_inner type=\u00bb1_2&#8243; saved_specialty_column_type=\u00bb2_3&#8243; _builder_version=\u00bb4.16&#8243; _module_preset=\u00bbdefault\u00bb global_colors_info=\u00bb{}\u00bb][et_pb_team_member name=\u00bbJuan Olivert\u00bb position=\u00bbDirector general\u00bb image_url=\u00bbhttps:\/\/pglorieta.com\/wp-content\/uploads\/2022\/03\/Juan.jpg\u00bb facebook_url=\u00bbhttps:\/\/www.facebook.com\/pglorieta\u00bb twitter_url=\u00bbhttps:\/\/twitter.com\/PCGlorieta\u00bb linkedin_url=\u00bbhttps:\/\/www.linkedin.com\/company\/clinica-glorieta\u00bb module_class=\u00bbdct_dr_4&#8243; _builder_version=\u00bb4.16&#8243; custom_padding=\u00bb||40px||false|false\u00bb global_colors_info=\u00bb{}\u00bb][\/et_pb_team_member][et_pb_team_member name=\u00bb Mar\u00eda Mart\u00ednez\u00bb position=\u00bbAdministraci\u00f3n\/Contabilidad\u00bb image_url=\u00bbhttps:\/\/pglorieta.com\/wp-content\/uploads\/2022\/03\/maria-martinez.jpg\u00bb facebook_url=\u00bbhttps:\/\/www.facebook.com\/pglorieta\u00bb twitter_url=\u00bbhttps:\/\/twitter.com\/PCGlorieta\u00bb linkedin_url=\u00bbhttps:\/\/www.linkedin.com\/company\/clinica-glorieta\u00bb module_class=\u00bbdct_dr_4&#8243; _builder_version=\u00bb4.16&#8243; custom_padding=\u00bb||40px||false|false\u00bb global_colors_info=\u00bb{}\u00bb][\/et_pb_team_member][et_pb_team_member name=\u00bbLara Beichl\u00bb position=\u00bbRecepcionista\u00bb image_url=\u00bbhttps:\/\/pglorieta.com\/wp-content\/uploads\/2022\/03\/larableichl.jpg\u00bb facebook_url=\u00bbhttps:\/\/www.facebook.com\/pglorieta\u00bb twitter_url=\u00bbhttps:\/\/twitter.com\/PCGlorieta\u00bb linkedin_url=\u00bbhttps:\/\/www.linkedin.com\/company\/clinica-glorieta\u00bb module_class=\u00bbdct_dr_4&#8243; _builder_version=\u00bb4.16&#8243; custom_padding=\u00bb||40px||false|false\u00bb global_colors_info=\u00bb{}\u00bb][\/et_pb_team_member][et_pb_team_member name=\u00bbNadia Carbila\u00bb position=\u00bbEnfermera asistente m\u00e9dico\u00bb image_url=\u00bbhttps:\/\/pglorieta.com\/wp-content\/uploads\/2022\/04\/Nadia-Carbila.jpeg\u00bb facebook_url=\u00bbhttps:\/\/www.facebook.com\/pglorieta\u00bb twitter_url=\u00bbhttps:\/\/twitter.com\/PCGlorieta\u00bb linkedin_url=\u00bbhttps:\/\/www.linkedin.com\/company\/clinica-glorieta\u00bb module_class=\u00bbdct_dr_4&#8243; _builder_version=\u00bb4.16.0&#8243; custom_padding=\u00bb||40px||false|false\u00bb global_colors_info=\u00bb{}\u00bb][\/et_pb_team_member][et_pb_team_member name=\u00bbRumi Todorova\u00bb position=\u00bbAsistente m\u00e9dico para el tratamiento de heridas.\u00bb image_url=\u00bbhttps:\/\/pglorieta.com\/wp-content\/uploads\/2022\/05\/Rumi.jpg\u00bb facebook_url=\u00bbhttps:\/\/www.facebook.com\/pglorieta\u00bb twitter_url=\u00bbhttps:\/\/twitter.com\/PCGlorieta\u00bb linkedin_url=\u00bbhttps:\/\/www.linkedin.com\/company\/clinica-glorieta\u00bb module_class=\u00bbdct_dr_4&#8243; _builder_version=\u00bb4.17.3&#8243; custom_padding=\u00bb||40px||false|false\u00bb global_colors_info=\u00bb{}\u00bb][\/et_pb_team_member][\/et_pb_column_inner][et_pb_column_inner type=\u00bb1_2&#8243; saved_specialty_column_type=\u00bb2_3&#8243; _builder_version=\u00bb4.16&#8243; _module_preset=\u00bbdefault\u00bb global_colors_info=\u00bb{}\u00bb][et_pb_team_member name=\u00bbMar\u00eda do Ceu Meyer-Josten\u00bb position=\u00bbexaminado enfermera de cuidados intensivos\u00bb image_url=\u00bbhttps:\/\/pglorieta.com\/wp-content\/uploads\/2022\/03\/Creu.jpg\u00bb facebook_url=\u00bbhttps:\/\/www.facebook.com\/pglorieta\u00bb twitter_url=\u00bbhttps:\/\/twitter.com\/PCGlorieta\u00bb linkedin_url=\u00bbhttps:\/\/www.linkedin.com\/company\/clinica-glorieta\u00bb module_class=\u00bbdct_dr_4&#8243; _builder_version=\u00bb4.16&#8243; custom_padding=\u00bb||40px||false|false\u00bb global_colors_info=\u00bb{}\u00bb]<\/p>\n<p>Gestion de la administracion<\/p>\n<p>[\/et_pb_team_member][et_pb_team_member name=\u00bbNadine Duetemeyer\u00bb position=\u00bbComercializaci\u00f3n\/Recepci\u00f3n\u00bb image_url=\u00bbhttps:\/\/pglorieta.com\/wp-content\/uploads\/2022\/03\/Nadine.jpg\u00bb facebook_url=\u00bbhttps:\/\/www.facebook.com\/pglorieta\u00bb twitter_url=\u00bbhttps:\/\/twitter.com\/PCGlorieta\u00bb linkedin_url=\u00bbhttps:\/\/www.linkedin.com\/company\/clinica-glorieta\u00bb module_class=\u00bbdct_dr_4&#8243; _builder_version=\u00bb4.16&#8243; custom_padding=\u00bb||40px||false|false\u00bb global_colors_info=\u00bb{}\u00bb][\/et_pb_team_member][et_pb_team_member name=\u00bbIwona Pacholska\u00bb position=\u00bbAsistente m\u00e9dico\/enfermera\u00bb image_url=\u00bbhttps:\/\/pglorieta.com\/wp-content\/uploads\/2022\/03\/Iwona-Pacholska.jpg\u00bb facebook_url=\u00bbhttps:\/\/www.facebook.com\/pglorieta\u00bb twitter_url=\u00bbhttps:\/\/twitter.com\/PCGlorieta\u00bb linkedin_url=\u00bbhttps:\/\/www.linkedin.com\/company\/clinica-glorieta\u00bb module_class=\u00bbdct_dr_4&#8243; _builder_version=\u00bb4.16&#8243; custom_padding=\u00bb||40px||false|false\u00bb global_colors_info=\u00bb{}\u00bb][\/et_pb_team_member][et_pb_team_member name=\u00bbSandra Beichl\u00bb position=\u00bbAsistente de rayos X (MTRA) asistente m\u00e9dico\u00bb image_url=\u00bbhttps:\/\/pglorieta.com\/wp-content\/uploads\/2022\/04\/Sandra-Beichl-MTRA-Denia-1.jpg\u00bb facebook_url=\u00bbhttps:\/\/www.facebook.com\/pglorieta\u00bb twitter_url=\u00bbhttps:\/\/twitter.com\/PCGlorieta\u00bb linkedin_url=\u00bbhttps:\/\/www.linkedin.com\/company\/clinica-glorieta\u00bb module_class=\u00bbdct_dr_4&#8243; _builder_version=\u00bb4.17.3&#8243; custom_margin=\u00bb||||false|false\u00bb custom_padding=\u00bb0px||||false|false\u00bb global_colors_info=\u00bb{}\u00bb][\/et_pb_team_member][\/et_pb_column_inner][\/et_pb_row_inner][\/et_pb_column][\/et_pb_section][et_pb_section fb_built=\u00bb1&#8243; _builder_version=\u00bb4.16&#8243; _module_preset=\u00bbdefault\u00bb global_colors_info=\u00bb{}\u00bb][et_pb_row _builder_version=\u00bb4.16&#8243; _module_preset=\u00bbdefault\u00bb global_colors_info=\u00bb{}\u00bb][et_pb_column type=\u00bb4_4&#8243; _builder_version=\u00bb4.16&#8243; _module_preset=\u00bbdefault\u00bb global_colors_info=\u00bb{}\u00bb][et_pb_divider divider_weight=\u00bb4px\u00bb _builder_version=\u00bb4.16&#8243; _module_preset=\u00bbdefault\u00bb width=\u00bb52%\u00bb module_alignment=\u00bbcenter\u00bb global_colors_info=\u00bb{}\u00bb][\/et_pb_divider][\/et_pb_column][\/et_pb_row][\/et_pb_section][et_pb_section fb_built=\u00bb1&#8243; _builder_version=\u00bb4.16&#8243; _module_preset=\u00bbdefault\u00bb global_colors_info=\u00bb{}\u00bb][et_pb_row use_custom_gutter=\u00bbon\u00bb gutter_width=\u00bb1&#8243; module_class=\u00bb et_pb_row_fullwidth\u00bb _builder_version=\u00bb3.25&#8243; width=\u00bb100%\u00bb width_tablet=\u00bb100%\u00bb width_phone=\u00bb100%\u00bb width_last_edited=\u00bbon|desktop\u00bb max_width=\u00bb100%\u00bb max_width_tablet=\u00bb100%\u00bb max_width_phone=\u00bb100%\u00bb max_width_last_edited=\u00bbon|desktop\u00bb custom_padding=\u00bb27px|0px|0|0px|false|false\u00bb make_fullwidth=\u00bbon\u00bb global_module=\u00bb368059&#8243; saved_tabs=\u00bball\u00bb global_colors_info=\u00bb{}\u00bb][et_pb_column type=\u00bb4_4&#8243; _builder_version=\u00bb4.16&#8243; custom_padding=\u00bb|||\u00bb global_colors_info=\u00bb{}\u00bb custom_padding__hover=\u00bb|||\u00bb][et_pb_cta title=\u00bb\u00a1Haga una cita ahora!\u00bb button_url=\u00bbhttps:\/\/pglorieta.com\/es\/contacto\/\u00bb button_text=\u00bbContacto\u00bb module_class=\u00bbdct_cta_1&#8243; _builder_version=\u00bb4.17.1&#8243; header_text_color=\u00bb#FFFFFF\u00bb background_enable_color=\u00bboff\u00bb background_image=\u00bbhttps:\/\/pglorieta.com\/wp-content\/uploads\/2022\/03\/Hintergrund.jpg\u00bb background_position=\u00bbtop_center\u00bb background_blend=\u00bboverlay\u00bb custom_button=\u00bbon\u00bb button_text_size=\u00bb25px\u00bb button_font=\u00bb|||on|||||\u00bb button_icon=\u00bb&#x24;||divi||400&#8243; background_layout=\u00bblight\u00bb custom_padding=\u00bb120px||120px|\u00bb global_colors_info=\u00bb{}\u00bb]<\/p>\n<h3>\u00bfTiene alguna pregunta o le gustar\u00eda hacer una cita? \u00a1Nos complace estar aqu\u00ed para usted! Ll\u00e1manos o escr\u00edbenos.<\/h3>\n<p>[\/et_pb_cta][\/et_pb_column][\/et_pb_row][\/et_pb_section]<\/p>\n","protected":false},"excerpt":{"rendered":"<p>Administraci\u00f3n Foto: onephoto- Adobe Stock Areas de responsabilidad El foco est\u00e1 en el paciente. El equipo de recepci\u00f3n son los que usted como paciente experimenta primero cuando visita nuestra Policl\u00ednica Glorieta. El equipo de administraci\u00f3n trabaja en segundo plano para garantizar que todos los procedimientos y procesos dentro de la cl\u00ednica sean seguros. Nuestras enfermeras [&hellip;]<\/p>\n","protected":false},"author":3,"featured_media":0,"parent":0,"menu_order":17,"comment_status":"closed","ping_status":"closed","template":"","meta":{"_et_pb_use_builder":"on","_et_pb_old_content":"","_et_gb_content_width":"","_glsr_average":0,"_glsr_ranking":0,"_glsr_reviews":0,"footnotes":""},"class_list":["post-369485","page","type-page","status-publish","hentry"],"_links":{"self":[{"href":"https:\/\/pglorieta.com\/es\/wp-json\/wp\/v2\/pages\/369485","targetHints":{"allow":["GET"]}}],"collection":[{"href":"https:\/\/pglorieta.com\/es\/wp-json\/wp\/v2\/pages"}],"about":[{"href":"https:\/\/pglorieta.com\/es\/wp-json\/wp\/v2\/types\/page"}],"author":[{"embeddable":true,"href":"https:\/\/pglorieta.com\/es\/wp-json\/wp\/v2\/users\/3"}],"replies":[{"embeddable":true,"href":"https:\/\/pglorieta.com\/es\/wp-json\/wp\/v2\/comments?post=369485"}],"version-history":[{"count":10,"href":"https:\/\/pglorieta.com\/es\/wp-json\/wp\/v2\/pages\/369485\/revisions"}],"predecessor-version":[{"id":374410,"href":"https:\/\/pglorieta.com\/es\/wp-json\/wp\/v2\/pages\/369485\/revisions\/374410"}],"wp:attachment":[{"href":"https:\/\/pglorieta.com\/es\/wp-json\/wp\/v2\/media?parent=369485"}],"curies":[{"name":"wp","href":"https:\/\/api.w.org\/{rel}","templated":true}]}}