{"id":369430,"date":"2022-03-15T09:22:20","date_gmt":"2022-03-15T08:22:20","guid":{"rendered":"https:\/\/pglorieta.com\/otorrinolaringologia\/"},"modified":"2023-01-22T19:44:25","modified_gmt":"2023-01-22T18:44:25","slug":"otorrinolaringologia","status":"publish","type":"page","link":"https:\/\/pglorieta.com\/es\/otorrinolaringologia\/","title":{"rendered":"Otorrino"},"content":{"rendered":"<p>[et_pb_section fb_built=\u00bb1&#8243; fullwidth=\u00bbon\u00bb disabled_on=\u00bbon|off|off\u00bb _builder_version=\u00bb4.16&#8243; background_enable_image=\u00bboff\u00bb custom_padding=\u00bb|||\u00bb global_colors_info=\u00bb{}\u00bb][et_pb_fullwidth_header text_orientation=\u00bbcenter\u00bb background_overlay_color=\u00bbRGBA(255,255,255,0)\u00bb module_class=\u00bbdct-header-title\u00bb _builder_version=\u00bb4.16.0&#8243; title_font=\u00bb|700|||||||\u00bb title_text_color=\u00bb#FFFFFF\u00bb content_font=\u00bb||||||||\u00bb background_color=\u00bbrgba(29,49,123,0.39)\u00bb background_image=\u00bbhttps:\/\/pglorieta.com\/wp-content\/uploads\/2022\/03\/HNO3-denia.jpg\u00bb background_blend=\u00bboverlay\u00bb background_layout=\u00bblight\u00bb custom_padding=\u00bb125px||||false|false\u00bb custom_padding_tablet=\u00bb\u00bb custom_padding_phone=\u00bb50px|||\u00bb custom_padding_last_edited=\u00bbon|phone\u00bb title_font_size_tablet=\u00bb\u00bb title_font_size_phone=\u00bb28px\u00bb title_font_size_last_edited=\u00bbon|desktop\u00bb title_text_shadow_style=\u00bbpreset5&#8243; title_text_shadow_color=\u00bb#000000&#8243; text_shadow_style=\u00bbpreset3&#8243; text_shadow_color=\u00bb#FFFFFF\u00bb global_colors_info=\u00bb{}\u00bb button_one_text_size__hover_enabled=\u00bboff\u00bb button_two_text_size__hover_enabled=\u00bboff\u00bb button_one_text_color__hover_enabled=\u00bboff\u00bb button_two_text_color__hover_enabled=\u00bboff\u00bb button_one_border_width__hover_enabled=\u00bboff\u00bb button_two_border_width__hover_enabled=\u00bboff\u00bb button_one_border_color__hover_enabled=\u00bboff\u00bb button_two_border_color__hover_enabled=\u00bboff\u00bb button_one_border_radius__hover_enabled=\u00bboff\u00bb button_two_border_radius__hover_enabled=\u00bboff\u00bb button_one_letter_spacing__hover_enabled=\u00bboff\u00bb button_two_letter_spacing__hover_enabled=\u00bboff\u00bb button_one_bg_color__hover_enabled=\u00bboff\u00bb button_two_bg_color__hover_enabled=\u00bboff\u00bb]<\/p>\n<h1 style=\"text-align: center;\"><\/h1>\n<h1 style=\"text-align: center;\">Tu Otorrinolaring\u00f3logo en D\u00e9nia<\/h1>\n<h1><\/h1>\n<p>[\/et_pb_fullwidth_header][\/et_pb_section][et_pb_section fb_built=\u00bb1&#8243; fullwidth=\u00bbon\u00bb _builder_version=\u00bb4.16&#8243; _module_preset=\u00bbdefault\u00bb global_colors_info=\u00bb{}\u00bb][et_pb_fullwidth_header title=\u00bbTu Otorrinolaring\u00f3logo en D\u00e9nia\u00bb disabled_on=\u00bboff|on|on\u00bb _builder_version=\u00bb4.16.0&#8243; _module_preset=\u00bbdefault\u00bb title_text_align=\u00bbcenter\u00bb global_colors_info=\u00bb{}\u00bb][\/et_pb_fullwidth_header][\/et_pb_section][et_pb_section fb_built=\u00bb1&#8243; _builder_version=\u00bb4.16&#8243; _module_preset=\u00bbdefault\u00bb global_colors_info=\u00bb{}\u00bb][et_pb_row _builder_version=\u00bb4.16&#8243; _module_preset=\u00bbdefault\u00bb global_colors_info=\u00bb{}\u00bb][et_pb_column type=\u00bb4_4&#8243; _builder_version=\u00bb4.16&#8243; _module_preset=\u00bbdefault\u00bb global_colors_info=\u00bb{}\u00bb][et_pb_text disabled_on=\u00bbon|off|off\u00bb _builder_version=\u00bb4.16&#8243; _module_preset=\u00bbdefault\u00bb text_text_color=\u00bbgcid-09148d61-ccf6-45b5-a599-c9b186d63edb\u00bb text_font_size=\u00bb9px\u00bb custom_margin=\u00bb-25px||||false|false\u00bb global_colors_info=\u00bb{%22gcid-09148d61-ccf6-45b5-a599-c9b186d63edb%22:%91%22text_text_color%22%93}\u00bb]<\/p>\n<p style=\"text-align: right;\">Foto: andrey_orlov &#8211; Adobe Stock<\/p>\n<p>[\/et_pb_text][\/et_pb_column][\/et_pb_row][\/et_pb_section][et_pb_section fb_built=\u00bb1&#8243; make_equal=\u00bbon\u00bb use_custom_gutter=\u00bbon\u00bb gutter_width=\u00bb2&#8243; specialty=\u00bbon\u00bb _builder_version=\u00bb4.16&#8243; global_colors_info=\u00bb{}\u00bb][et_pb_column type=\u00bb1_2&#8243; specialty_columns=\u00bb2&#8243; _builder_version=\u00bb4.16&#8243; custom_padding=\u00bb|||\u00bb global_colors_info=\u00bb{}\u00bb parallax__hover=\u00bboff\u00bb parallax_method__hover=\u00bbon\u00bb custom_padding__hover=\u00bb|||\u00bb][et_pb_row_inner disabled_on=\u00bbon|off|off\u00bb _builder_version=\u00bb4.17.1&#8243; global_colors_info=\u00bb{}\u00bb][et_pb_column_inner saved_specialty_column_type=\u00bb1_2&#8243; _builder_version=\u00bb4.16&#8243; custom_padding=\u00bb|||\u00bb global_colors_info=\u00bb{}\u00bb parallax__hover=\u00bboff\u00bb parallax_method__hover=\u00bbon\u00bb custom_padding__hover=\u00bb|||\u00bb][et_pb_text _builder_version=\u00bb4.16&#8243; text_font=\u00bb||||||||\u00bb header_font=\u00bb||||||||\u00bb header_text_align=\u00bbcenter\u00bb header_2_font=\u00bb|700||on|||||\u00bb header_2_text_color=\u00bbgcid-0a4b8514-58d9-4d28-81c8-4795182d86df\u00bb header_2_font_size=\u00bb30px\u00bb text_orientation=\u00bbcenter\u00bb custom_margin=\u00bb-14px|||||\u00bb custom_padding=\u00bb17px|||||\u00bb global_colors_info=\u00bb{%22gcid-0a4b8514-58d9-4d28-81c8-4795182d86df%22:%91%22header_2_text_color%22%93}\u00bb]<\/p>\n<div class=\"dct-title clearfix\">\n<h2 class=\"hadding\">\u00bfQu\u00e9 hace la ORL?<\/h2>\n<p>El m\u00e9dico de los sentidos<\/p>\n<\/div>\n<p>[\/et_pb_text][et_pb_text _builder_version=\u00bb4.19.4&#8243; _module_preset=\u00bbdefault\u00bb global_colors_info=\u00bb{}\u00bb]<\/p>\n<p>Donde le dedicamos el tiempo que usted se merece. Para su salud y bienestar, le ofrecemos procedimientos de \u00faltima tecnolog\u00eda para el diagn\u00f3stico y el tratamiento de todas las enfermedades y alteraciones relacionadas con la otorrinolaringolog\u00eda. Atendemos adultos y ni\u00f1os. Estamos deseando darle la bienvenida para tener el gusto de atenderlo.<\/p>\n<p>[\/et_pb_text][\/et_pb_column_inner][\/et_pb_row_inner][\/et_pb_column][et_pb_column type=\u00bb1_2&#8243; _builder_version=\u00bb4.16&#8243; custom_padding=\u00bb|||\u00bb global_colors_info=\u00bb{}\u00bb parallax__hover=\u00bboff\u00bb parallax_method__hover=\u00bbon\u00bb custom_padding__hover=\u00bb|||\u00bb][et_pb_text _builder_version=\u00bb4.16.0&#8243; text_font=\u00bb||||||||\u00bb header_font=\u00bb||||||||\u00bb header_text_align=\u00bbcenter\u00bb header_2_font=\u00bb|700||on|||||\u00bb header_2_text_color=\u00bbgcid-0a4b8514-58d9-4d28-81c8-4795182d86df\u00bb header_2_font_size=\u00bb30px\u00bb text_orientation=\u00bbcenter\u00bb custom_margin=\u00bb|||\u00bb global_colors_info=\u00bb{%22gcid-0a4b8514-58d9-4d28-81c8-4795182d86df%22:%91%22header_2_text_color%22%93}\u00bb]<\/p>\n<div class=\"dct-title clearfix\">\n<h2 class=\"hadding\">Nuestros servicios<\/h2>\n<p>Tu otorrinolaring\u00f3logo D\u00e9nia<\/p>\n<\/div>\n<p>[\/et_pb_text][et_pb_blurb use_icon=\u00bbon\u00bb font_icon=\u00bb&#x5a;||divi||400&#8243; _builder_version=\u00bb4.16&#8243; global_colors_info=\u00bb{}\u00bb]<\/p>\n<p>Estroboscopia<\/p>\n<p>[\/et_pb_blurb][et_pb_blurb use_icon=\u00bbon\u00bb font_icon=\u00bb&#x5a;||divi||400&#8243; _builder_version=\u00bb4.16&#8243; global_colors_info=\u00bb{}\u00bb]<\/p>\n<p>Prueba de audici\u00f3n<\/p>\n<p>[\/et_pb_blurb][et_pb_blurb use_icon=\u00bbon\u00bb font_icon=\u00bb&#x5a;||divi||400&#8243; _builder_version=\u00bb4.16&#8243; global_colors_info=\u00bb{}\u00bb]<\/p>\n<p>Prueba de equilibrio<\/p>\n<p>[\/et_pb_blurb][et_pb_blurb use_icon=\u00bbon\u00bb font_icon=\u00bb&#x5a;||divi||400&#8243; _builder_version=\u00bb4.16&#8243; global_colors_info=\u00bb{}\u00bb]<\/p>\n<p>Prueba de olor<\/p>\n<p>[\/et_pb_blurb][et_pb_blurb use_icon=\u00bbon\u00bb font_icon=\u00bb&#x5a;||divi||400&#8243; _builder_version=\u00bb4.16&#8243; global_colors_info=\u00bb{}\u00bb]<\/p>\n<p>Cirug\u00edas de nariz<\/p>\n<p>[\/et_pb_blurb][et_pb_blurb use_icon=\u00bbon\u00bb font_icon=\u00bb&#x5a;||divi||400&#8243; _builder_version=\u00bb4.16&#8243; global_colors_info=\u00bb{}\u00bb]<\/p>\n<p>An\u00e1lisis de tinnitus<\/p>\n<p>[\/et_pb_blurb][et_pb_blurb use_icon=\u00bbon\u00bb font_icon=\u00bb&#x5a;||divi||400&#8243; _builder_version=\u00bb4.16&#8243; global_colors_info=\u00bb{}\u00bb]<\/p>\n<p>Laringoscopio de aumento<\/p>\n<p>[\/et_pb_blurb][et_pb_blurb use_icon=\u00bbon\u00bb font_icon=\u00bb&#x5a;||divi||400&#8243; _builder_version=\u00bb4.16&#8243; global_colors_info=\u00bb{}\u00bb]<\/p>\n<p>Endoscopia<\/p>\n<p>[\/et_pb_blurb][et_pb_blurb use_icon=\u00bbon\u00bb font_icon=\u00bb&#x5a;||divi||400&#8243; _builder_version=\u00bb4.19.4&#8243; global_colors_info=\u00bb{}\u00bb]<\/p>\n<p><span class=\"ILfuVd\"><span class=\"hgKElc\">Operaciones m\u00ednimamente invasivas<br \/><\/span><\/span><\/p>\n<p>[\/et_pb_blurb][et_pb_blurb use_icon=\u00bbon\u00bb font_icon=\u00bb&#x5a;||divi||400&#8243; _builder_version=\u00bb4.16&#8243; global_colors_info=\u00bb{}\u00bb]<\/p>\n<p><span class=\"ILfuVd\"><span class=\"hgKElc\">Examen de sue\u00f1o<\/span><\/span><\/p>\n<p>[\/et_pb_blurb][\/et_pb_column][\/et_pb_section][et_pb_section fb_built=\u00bb1&#8243; _builder_version=\u00bb4.16&#8243; _module_preset=\u00bbdefault\u00bb global_colors_info=\u00bb{}\u00bb][et_pb_row _builder_version=\u00bb4.16&#8243; _module_preset=\u00bbdefault\u00bb global_colors_info=\u00bb{}\u00bb][et_pb_column type=\u00bb4_4&#8243; _builder_version=\u00bb4.16&#8243; _module_preset=\u00bbdefault\u00bb global_colors_info=\u00bb{}\u00bb][et_pb_text _builder_version=\u00bb4.16&#8243; text_font=\u00bb||||||||\u00bb header_font=\u00bb||||||||\u00bb header_text_align=\u00bbcenter\u00bb header_2_font=\u00bb|700||on|||||\u00bb header_2_text_color=\u00bbgcid-0a4b8514-58d9-4d28-81c8-4795182d86df\u00bb header_2_font_size=\u00bb30px\u00bb text_orientation=\u00bbcenter\u00bb custom_margin=\u00bb|||\u00bb custom_padding=\u00bb17px|||||\u00bb global_colors_info=\u00bb{%22gcid-0a4b8514-58d9-4d28-81c8-4795182d86df%22:%91%22header_2_text_color%22%93}\u00bb]<\/p>\n<div class=\"dct-title clearfix\">\n<h2 class=\"hadding\">\u00bfQu\u00e9 enfermedades trata el otorrinolaring\u00f3logo?<\/h2>\n<p>Algunas de las \u00e1reas de tratamiento<\/p>\n<\/div>\n<p>[\/et_pb_text][\/et_pb_column][\/et_pb_row][\/et_pb_section][et_pb_section fb_built=\u00bb1&#8243; _builder_version=\u00bb4.16&#8243; _module_preset=\u00bbdefault\u00bb global_colors_info=\u00bb{}\u00bb][et_pb_row _builder_version=\u00bb4.16&#8243; _module_preset=\u00bbdefault\u00bb global_colors_info=\u00bb{}\u00bb][et_pb_column type=\u00bb4_4&#8243; _builder_version=\u00bb4.16&#8243; _module_preset=\u00bbdefault\u00bb global_colors_info=\u00bb{}\u00bb][et_pb_toggle title=\u00bbGarganta\u00bb open_toggle_text_color=\u00bbgcid-0a4b8514-58d9-4d28-81c8-4795182d86df\u00bb open_toggle_background_color=\u00bb#FFFFFF\u00bb closed_toggle_text_color=\u00bb#FFFFFF\u00bb closed_toggle_background_color=\u00bbgcid-0a4b8514-58d9-4d28-81c8-4795182d86df\u00bb _builder_version=\u00bb4.19.4&#8243; _module_preset=\u00bbdefault\u00bb title_text_color=\u00bb#FFFFFF\u00bb title_level=\u00bbh3&#8243; box_shadow_style=\u00bbpreset2&#8243; box_shadow_color=\u00bbgcid-0a4b8514-58d9-4d28-81c8-4795182d86df\u00bb global_colors_info=\u00bb{%22gcid-0a4b8514-58d9-4d28-81c8-4795182d86df%22:%91%22closed_toggle_background_color%22,%22open_toggle_text_color%22,%22box_shadow_color%22%93}\u00bb]<\/p>\n<p>\u2022 Tratamiento de inflamaciones y cirug\u00eda de tumores de amplia etiolog\u00eda como por ejemplo n\u00f3dulos linf\u00e1ticos y quistes<br \/>\u2022 Diagn\u00f3stico y aspiraci\u00f3n de n\u00f3dulos tiroideos por ultrasonido<br \/>\u2022 Extirpaci\u00f3n de tumores de las gl\u00e1ndulas salivales, faringe y laringe<br \/>\u2022 Enfermedades de las gl\u00e1ndulas salivales<br \/>\u2022 Globus, tos y carrasperas<br \/>\u2022 Disfonia cr\u00f3nica<br \/>\u2022 Ronquera<br \/>\u2022 Amigdalitis<\/p>\n<p>[\/et_pb_toggle][et_pb_toggle title=\u00bbNariz\u00bb open_toggle_text_color=\u00bbgcid-0a4b8514-58d9-4d28-81c8-4795182d86df\u00bb open_toggle_background_color=\u00bb#FFFFFF\u00bb closed_toggle_text_color=\u00bb#FFFFFF\u00bb closed_toggle_background_color=\u00bbgcid-0a4b8514-58d9-4d28-81c8-4795182d86df\u00bb _builder_version=\u00bb4.19.4&#8243; _module_preset=\u00bbdefault\u00bb title_text_color=\u00bb#FFFFFF\u00bb title_level=\u00bbh3&#8243; box_shadow_style=\u00bbpreset2&#8243; box_shadow_color=\u00bbgcid-0a4b8514-58d9-4d28-81c8-4795182d86df\u00bb global_colors_info=\u00bb{%22gcid-0a4b8514-58d9-4d28-81c8-4795182d86df%22:%91%22closed_toggle_background_color%22,%22open_toggle_text_color%22,%22box_shadow_color%22%93}\u00bb]<\/p>\n<p>\u2022 Obstrucci\u00f3n nasal y alergias <br \/>\u2022 Cirug\u00eda de cornetes<br \/>\u2022 Fractura nasal, cirug\u00eda del tabique nasal<br \/>\u2022 Sinusitis aguda y cr\u00f3nica<br \/>\u2022 Sangrado nasal<br \/>\u2022 Tumores en la piel y membranas mucosas<\/p>\n<p>[\/et_pb_toggle][et_pb_toggle title=\u00bbO\u00eddo\u00bb open_toggle_text_color=\u00bbgcid-0a4b8514-58d9-4d28-81c8-4795182d86df\u00bb open_toggle_background_color=\u00bb#FFFFFF\u00bb closed_toggle_text_color=\u00bb#FFFFFF\u00bb closed_toggle_background_color=\u00bbgcid-0a4b8514-58d9-4d28-81c8-4795182d86df\u00bb _builder_version=\u00bb4.19.4&#8243; _module_preset=\u00bbdefault\u00bb title_text_color=\u00bb#FFFFFF\u00bb title_level=\u00bbh3&#8243; box_shadow_style=\u00bbpreset2&#8243; box_shadow_color=\u00bbgcid-0a4b8514-58d9-4d28-81c8-4795182d86df\u00bb global_colors_info=\u00bb{%22gcid-0a4b8514-58d9-4d28-81c8-4795182d86df%22:%91%22closed_toggle_background_color%22,%22open_toggle_text_color%22,%22box_shadow_color%22%93}\u00bb]<\/p>\n<p>\u2022 P\u00e9rdida auditiva unilateral\/bilateral aguda y cr\u00f3nica<br \/>\u2022 Ac\u00fafenos (tinnitus)<br \/>\u2022 Soluciones auditivas \u2013 Aud\u00edfonos<br \/>\u2022 Enfermedades inflamatorias del o\u00eddo (otitis externa, media)<br \/>\u2022 Tumores del pabell\u00f3n auditivo<br \/>\u2022 V\u00e9rtigo y mareos, valoraci\u00f3n del equilibrio<\/p>\n<p>&nbsp;<\/p>\n<p>[\/et_pb_toggle][et_pb_toggle title=\u00bbCirug\u00eda Pl\u00e1stica y Tratamientos Est\u00e9ticos\u00bb open_toggle_text_color=\u00bbgcid-0a4b8514-58d9-4d28-81c8-4795182d86df\u00bb open_toggle_background_color=\u00bb#FFFFFF\u00bb closed_toggle_text_color=\u00bb#FFFFFF\u00bb closed_toggle_background_color=\u00bbgcid-0a4b8514-58d9-4d28-81c8-4795182d86df\u00bb _builder_version=\u00bb4.19.4&#8243; _module_preset=\u00bbdefault\u00bb title_text_color=\u00bb#FFFFFF\u00bb title_level=\u00bbh3&#8243; box_shadow_style=\u00bbpreset2&#8243; box_shadow_color=\u00bbgcid-0a4b8514-58d9-4d28-81c8-4795182d86df\u00bb global_colors_info=\u00bb{%22gcid-0a4b8514-58d9-4d28-81c8-4795182d86df%22:%91%22closed_toggle_background_color%22,%22open_toggle_text_color%22,%22box_shadow_color%22%93}\u00bb]<\/p>\n<p>\u2022 Tratamiento quir\u00fargico del c\u00e1ncer del piel en la cara<br \/>\u2022 Rinoplastia est\u00e9tica y funcional<br \/>\u2022 Otoplastia<br \/>\u2022 Cir\u00fagia de los p\u00e1rpados<br \/>\u2022 Facelifts<br \/>\u2022 Tratamiento de cicatrices y arrugas<br \/>\u2022 Toxina botul\u00ednica, \u00e1cido hialur\u00f3nico<br \/>\u2022 Medicina Antienvejecimiento<\/p>\n<p>[\/et_pb_toggle][\/et_pb_column][\/et_pb_row][\/et_pb_section][et_pb_section fb_built=\u00bb1&#8243; _builder_version=\u00bb4.16&#8243; _module_preset=\u00bbdefault\u00bb global_colors_info=\u00bb{}\u00bb][et_pb_row _builder_version=\u00bb4.16&#8243; _module_preset=\u00bbdefault\u00bb global_colors_info=\u00bb{}\u00bb][et_pb_column type=\u00bb4_4&#8243; _builder_version=\u00bb4.16&#8243; _module_preset=\u00bbdefault\u00bb global_colors_info=\u00bb{}\u00bb][et_pb_divider divider_weight=\u00bb4px\u00bb _builder_version=\u00bb4.16&#8243; _module_preset=\u00bbdefault\u00bb width=\u00bb52%\u00bb module_alignment=\u00bbcenter\u00bb global_colors_info=\u00bb{}\u00bb][\/et_pb_divider][\/et_pb_column][\/et_pb_row][\/et_pb_section][et_pb_section fb_built=\u00bb1&#8243; specialty=\u00bbon\u00bb _builder_version=\u00bb4.16&#8243; _module_preset=\u00bbdefault\u00bb global_colors_info=\u00bb{}\u00bb][et_pb_column type=\u00bb1_3&#8243; _builder_version=\u00bb4.16&#8243; custom_padding=\u00bb|||\u00bb global_colors_info=\u00bb{}\u00bb custom_padding__hover=\u00bb|||\u00bb][et_pb_text _builder_version=\u00bb4.16&#8243; text_font=\u00bb||||||||\u00bb header_font=\u00bb||||||||\u00bb header_text_align=\u00bbcenter\u00bb header_2_font=\u00bb|700||on|||||\u00bb header_2_text_color=\u00bbgcid-0a4b8514-58d9-4d28-81c8-4795182d86df\u00bb header_2_font_size=\u00bb30px\u00bb text_orientation=\u00bbcenter\u00bb custom_margin=\u00bb|||\u00bb global_colors_info=\u00bb{%22gcid-0a4b8514-58d9-4d28-81c8-4795182d86df%22:%91%22header_2_text_color%22%93}\u00bb]<\/p>\n<div class=\"dct-title clearfix\">\n<h2 class=\"hadding\">Tus especialistas<\/h2>\n<p>&nbsp;<\/p>\n<\/div>\n<p>[\/et_pb_text][\/et_pb_column][et_pb_column type=\u00bb2_3&#8243; specialty_columns=\u00bb2&#8243; _builder_version=\u00bb4.16&#8243; custom_padding=\u00bb|||\u00bb global_colors_info=\u00bb{}\u00bb custom_padding__hover=\u00bb|||\u00bb][et_pb_row_inner column_structure=\u00bb1_2,1_2&#8243; _builder_version=\u00bb4.16&#8243; _module_preset=\u00bbdefault\u00bb global_colors_info=\u00bb{}\u00bb][et_pb_column_inner type=\u00bb1_2&#8243; saved_specialty_column_type=\u00bb2_3&#8243; _builder_version=\u00bb4.16&#8243; _module_preset=\u00bbdefault\u00bb global_colors_info=\u00bb{}\u00bb][et_pb_team_member name=\u00bbDra Paola Barbieri\u00bb image_url=\u00bbhttps:\/\/pglorieta.com\/wp-content\/uploads\/2022\/03\/Dra-Paola-Barbieri.jpg\u00bb facebook_url=\u00bbhttps:\/\/www.facebook.com\/pglorieta\u00bb twitter_url=\u00bbhttps:\/\/twitter.com\/PCGlorieta\u00bb linkedin_url=\u00bbhttps:\/\/www.linkedin.com\/company\/clinica-glorieta\u00bb db_instagram=\u00bbhttps:\/\/www.instagram.com\/policlinicaglorieta\/\u00bb db_link_target=\u00bbon\u00bb module_class=\u00bbdct_dr_4&#8243; _builder_version=\u00bb4.19.4&#8243; custom_padding=\u00bb||30px||false|false\u00bb hover_enabled=\u00bb0&#8243; global_colors_info=\u00bb{}\u00bb sticky_enabled=\u00bb0&#8243;]<\/p>\n<p>Especialista en otorrinolaringolog\u00eda, cirug\u00eda otorrinolaringol\u00f3gica, ecograf\u00eda de garganta y medicina del sue\u00f1o<\/p>\n<p>[\/et_pb_team_member][et_pb_team_member name=\u00bbJohan Sagel\u00bb image_url=\u00bbhttps:\/\/pglorieta.com\/wp-content\/uploads\/2022\/06\/Audiometrie-Johann-Segel.jpg\u00bb facebook_url=\u00bbhttps:\/\/www.facebook.com\/pglorieta\u00bb twitter_url=\u00bbhttps:\/\/twitter.com\/PCGlorieta\u00bb linkedin_url=\u00bbhttps:\/\/www.linkedin.com\/company\/clinica-glorieta\u00bb db_instagram=\u00bbhttps:\/\/www.instagram.com\/policlinicaglorieta\/\u00bb db_link_target=\u00bbon\u00bb module_class=\u00bbdct_dr_4&#8243; _builder_version=\u00bb4.19.0&#8243; custom_padding=\u00bb||30px||false|false\u00bb global_colors_info=\u00bb{}\u00bb]<\/p>\n<p>Ac\u00fastica certificada para aud\u00edfonos, audiometr\u00eda<\/p>\n<p>[\/et_pb_team_member][\/et_pb_column_inner][et_pb_column_inner type=\u00bb1_2&#8243; saved_specialty_column_type=\u00bb2_3&#8243; _builder_version=\u00bb4.16&#8243; _module_preset=\u00bbdefault\u00bb global_colors_info=\u00bb{}\u00bb][et_pb_team_member name=\u00bbDr. Garcia Roig\u00bb image_url=\u00bbhttps:\/\/pglorieta.com\/wp-content\/uploads\/2022\/03\/DrGarcia-Roig.jpg\u00bb facebook_url=\u00bbhttps:\/\/www.facebook.com\/pglorieta\u00bb twitter_url=\u00bbhttps:\/\/twitter.com\/PCGlorieta\u00bb linkedin_url=\u00bbhttps:\/\/www.linkedin.com\/company\/clinica-glorieta\u00bb db_instagram=\u00bbhttps:\/\/www.instagram.com\/policlinicaglorieta\/\u00bb db_link_target=\u00bbon\u00bb module_class=\u00bbdct_dr_4&#8243; _builder_version=\u00bb4.19.4&#8243; custom_padding=\u00bb||30px||false|false\u00bb hover_enabled=\u00bb0&#8243; global_colors_info=\u00bb{}\u00bb sticky_enabled=\u00bb0&#8243;]<\/p>\n<p>Especialista para enfermedades otorrinolaringol\u00f3gicas, cirug\u00eda pl\u00e1stica-reconstructiva facial, medicina est\u00e9tica-cosm\u00e9tica<\/p>\n<p>[\/et_pb_team_member][\/et_pb_column_inner][\/et_pb_row_inner][\/et_pb_column][\/et_pb_section][et_pb_section fb_built=\u00bb1&#8243; _builder_version=\u00bb4.16&#8243; _module_preset=\u00bbdefault\u00bb global_colors_info=\u00bb{}\u00bb][et_pb_row _builder_version=\u00bb4.16&#8243; _module_preset=\u00bbdefault\u00bb global_colors_info=\u00bb{}\u00bb][et_pb_column type=\u00bb4_4&#8243; _builder_version=\u00bb4.16&#8243; _module_preset=\u00bbdefault\u00bb global_colors_info=\u00bb{}\u00bb][et_pb_divider divider_weight=\u00bb4px\u00bb _builder_version=\u00bb4.16&#8243; _module_preset=\u00bbdefault\u00bb width=\u00bb52%\u00bb module_alignment=\u00bbcenter\u00bb global_colors_info=\u00bb{}\u00bb][\/et_pb_divider][\/et_pb_column][\/et_pb_row][\/et_pb_section][et_pb_section fb_built=\u00bb1&#8243; _builder_version=\u00bb4.16&#8243; _module_preset=\u00bbdefault\u00bb global_colors_info=\u00bb{}\u00bb][et_pb_row use_custom_gutter=\u00bbon\u00bb gutter_width=\u00bb1&#8243; module_class=\u00bb et_pb_row_fullwidth\u00bb _builder_version=\u00bb3.25&#8243; width=\u00bb100%\u00bb width_tablet=\u00bb100%\u00bb width_phone=\u00bb100%\u00bb width_last_edited=\u00bbon|desktop\u00bb max_width=\u00bb100%\u00bb max_width_tablet=\u00bb100%\u00bb max_width_phone=\u00bb100%\u00bb max_width_last_edited=\u00bbon|desktop\u00bb custom_padding=\u00bb27px|0px|0|0px|false|false\u00bb make_fullwidth=\u00bbon\u00bb global_module=\u00bb368059&#8243; saved_tabs=\u00bball\u00bb global_colors_info=\u00bb{}\u00bb][et_pb_column type=\u00bb4_4&#8243; _builder_version=\u00bb4.16&#8243; custom_padding=\u00bb|||\u00bb global_colors_info=\u00bb{}\u00bb custom_padding__hover=\u00bb|||\u00bb][et_pb_cta title=\u00bb\u00a1Haga una cita ahora!\u00bb button_url=\u00bbhttps:\/\/pglorieta.com\/es\/contacto\/\u00bb button_text=\u00bbContacto\u00bb module_class=\u00bbdct_cta_1&#8243; _builder_version=\u00bb4.17.1&#8243; header_text_color=\u00bb#FFFFFF\u00bb background_enable_color=\u00bboff\u00bb background_image=\u00bbhttps:\/\/pglorieta.com\/wp-content\/uploads\/2022\/03\/Hintergrund.jpg\u00bb background_position=\u00bbtop_center\u00bb background_blend=\u00bboverlay\u00bb custom_button=\u00bbon\u00bb button_text_size=\u00bb25px\u00bb button_font=\u00bb|||on|||||\u00bb button_icon=\u00bb&#x24;||divi||400&#8243; background_layout=\u00bblight\u00bb custom_padding=\u00bb120px||120px|\u00bb global_colors_info=\u00bb{}\u00bb]<\/p>\n<h3>\u00bfTiene alguna pregunta o le gustar\u00eda hacer una cita? \u00a1Nos complace estar aqu\u00ed para usted! Ll\u00e1manos o escr\u00edbenos.<\/h3>\n<p>[\/et_pb_cta][\/et_pb_column][\/et_pb_row][\/et_pb_section]<\/p>\n","protected":false},"excerpt":{"rendered":"<p>Tu Otorrinolaring\u00f3logo en D\u00e9nia Foto: andrey_orlov &#8211; Adobe Stock \u00bfQu\u00e9 hace la ORL? El m\u00e9dico de los sentidos Donde le dedicamos el tiempo que usted se merece. Para su salud y bienestar, le ofrecemos procedimientos de \u00faltima tecnolog\u00eda para el diagn\u00f3stico y el tratamiento de todas las enfermedades y alteraciones relacionadas con la otorrinolaringolog\u00eda. Atendemos [&hellip;]<\/p>\n","protected":false},"author":3,"featured_media":0,"parent":0,"menu_order":7,"comment_status":"closed","ping_status":"closed","template":"","meta":{"_et_pb_use_builder":"on","_et_pb_old_content":"","_et_gb_content_width":"","_glsr_average":0,"_glsr_ranking":0,"_glsr_reviews":0,"footnotes":""},"class_list":["post-369430","page","type-page","status-publish","hentry"],"_links":{"self":[{"href":"https:\/\/pglorieta.com\/es\/wp-json\/wp\/v2\/pages\/369430","targetHints":{"allow":["GET"]}}],"collection":[{"href":"https:\/\/pglorieta.com\/es\/wp-json\/wp\/v2\/pages"}],"about":[{"href":"https:\/\/pglorieta.com\/es\/wp-json\/wp\/v2\/types\/page"}],"author":[{"embeddable":true,"href":"https:\/\/pglorieta.com\/es\/wp-json\/wp\/v2\/users\/3"}],"replies":[{"embeddable":true,"href":"https:\/\/pglorieta.com\/es\/wp-json\/wp\/v2\/comments?post=369430"}],"version-history":[{"count":9,"href":"https:\/\/pglorieta.com\/es\/wp-json\/wp\/v2\/pages\/369430\/revisions"}],"predecessor-version":[{"id":375429,"href":"https:\/\/pglorieta.com\/es\/wp-json\/wp\/v2\/pages\/369430\/revisions\/375429"}],"wp:attachment":[{"href":"https:\/\/pglorieta.com\/es\/wp-json\/wp\/v2\/media?parent=369430"}],"curies":[{"name":"wp","href":"https:\/\/api.w.org\/{rel}","templated":true}]}}