{"id":369326,"date":"2022-03-18T16:51:24","date_gmt":"2022-03-18T15:51:24","guid":{"rendered":"https:\/\/pglorieta.com\/gastroenterologia\/"},"modified":"2025-12-29T13:28:42","modified_gmt":"2025-12-29T12:28:42","slug":"gastroenterologia","status":"publish","type":"page","link":"https:\/\/pglorieta.com\/es\/gastroenterologia\/","title":{"rendered":"gastroenterolog\u00eda"},"content":{"rendered":"<p>[et_pb_section fb_built=\u00bb1&#8243; fullwidth=\u00bbon\u00bb disabled_on=\u00bbon|off|off\u00bb _builder_version=\u00bb4.16&#8243; background_enable_image=\u00bboff\u00bb custom_padding=\u00bb|||\u00bb global_colors_info=\u00bb{}\u00bb][et_pb_fullwidth_header text_orientation=\u00bbcenter\u00bb background_overlay_color=\u00bbRGBA(255,255,255,0)\u00bb module_class=\u00bbdct-header-title\u00bb _builder_version=\u00bb4.16.0&#8243; title_font=\u00bb|700|||||||\u00bb title_text_color=\u00bb#FFFFFF\u00bb content_font=\u00bb||||||||\u00bb background_enable_color=\u00bboff\u00bb background_image=\u00bbhttps:\/\/pglorieta.com\/wp-content\/uploads\/2022\/03\/Gastroenterologie-Denia.jpg\u00bb background_blend=\u00bboverlay\u00bb background_layout=\u00bblight\u00bb custom_padding=\u00bb125px||||false|false\u00bb custom_padding_tablet=\u00bb\u00bb custom_padding_phone=\u00bb50px|||\u00bb custom_padding_last_edited=\u00bbon|phone\u00bb title_font_size_tablet=\u00bb\u00bb title_font_size_phone=\u00bb28px\u00bb title_font_size_last_edited=\u00bbon|desktop\u00bb title_text_shadow_style=\u00bbpreset2&#8243; title_text_shadow_color=\u00bb#000000&#8243; text_shadow_style=\u00bbpreset3&#8243; text_shadow_color=\u00bb#FFFFFF\u00bb global_colors_info=\u00bb{%22gcid-0a4b8514-58d9-4d28-81c8-4795182d86df%22:%91%22background_color%22%93}\u00bb button_one_text_size__hover_enabled=\u00bboff\u00bb button_two_text_size__hover_enabled=\u00bboff\u00bb button_one_text_color__hover_enabled=\u00bboff\u00bb button_two_text_color__hover_enabled=\u00bboff\u00bb button_one_border_width__hover_enabled=\u00bboff\u00bb button_two_border_width__hover_enabled=\u00bboff\u00bb button_one_border_color__hover_enabled=\u00bboff\u00bb button_two_border_color__hover_enabled=\u00bboff\u00bb button_one_border_radius__hover_enabled=\u00bboff\u00bb button_two_border_radius__hover_enabled=\u00bboff\u00bb button_one_letter_spacing__hover_enabled=\u00bboff\u00bb button_two_letter_spacing__hover_enabled=\u00bboff\u00bb button_one_bg_color__hover_enabled=\u00bboff\u00bb button_two_bg_color__hover_enabled=\u00bboff\u00bb]<\/p>\n<h1 style=\"text-align: center;\"><\/h1>\n<h1 style=\"text-align: center;\">Gastroenter\u00f3logo en D\u00e9nia<\/h1>\n<h1><\/h1>\n<p>[\/et_pb_fullwidth_header][\/et_pb_section][et_pb_section fb_built=\u00bb1&#8243; fullwidth=\u00bbon\u00bb _builder_version=\u00bb4.16&#8243; _module_preset=\u00bbdefault\u00bb global_colors_info=\u00bb{}\u00bb][et_pb_fullwidth_header title=\u00bbTu gastroenter\u00f3logo en D\u00e9nia\u00bb disabled_on=\u00bboff|on|on\u00bb _builder_version=\u00bb4.16.0&#8243; _module_preset=\u00bbdefault\u00bb title_text_align=\u00bbcenter\u00bb global_colors_info=\u00bb{}\u00bb][\/et_pb_fullwidth_header][\/et_pb_section][et_pb_section fb_built=\u00bb1&#8243; _builder_version=\u00bb4.16&#8243; _module_preset=\u00bbdefault\u00bb global_colors_info=\u00bb{}\u00bb][et_pb_row _builder_version=\u00bb4.16&#8243; _module_preset=\u00bbdefault\u00bb global_colors_info=\u00bb{}\u00bb][et_pb_column type=\u00bb4_4&#8243; _builder_version=\u00bb4.16&#8243; _module_preset=\u00bbdefault\u00bb global_colors_info=\u00bb{}\u00bb][et_pb_text disabled_on=\u00bbon|off|off\u00bb _builder_version=\u00bb4.16&#8243; _module_preset=\u00bbdefault\u00bb text_text_color=\u00bbgcid-09148d61-ccf6-45b5-a599-c9b186d63edb\u00bb text_font_size=\u00bb9px\u00bb custom_margin=\u00bb-25px||||false|false\u00bb global_colors_info=\u00bb{%22gcid-09148d61-ccf6-45b5-a599-c9b186d63edb%22:%91%22text_text_color%22%93}\u00bb]<\/p>\n<p style=\"text-align: right;\">Foto: LIGHTFIELD STUDIOS &#8211; Adobe Stock<\/p>\n<p>[\/et_pb_text][\/et_pb_column][\/et_pb_row][\/et_pb_section][et_pb_section fb_built=\u00bb1&#8243; make_equal=\u00bbon\u00bb use_custom_gutter=\u00bbon\u00bb gutter_width=\u00bb2&#8243; specialty=\u00bbon\u00bb _builder_version=\u00bb4.16&#8243; global_colors_info=\u00bb{}\u00bb][et_pb_column type=\u00bb1_2&#8243; specialty_columns=\u00bb2&#8243; _builder_version=\u00bb4.16&#8243; custom_padding=\u00bb|||\u00bb global_colors_info=\u00bb{}\u00bb parallax__hover=\u00bboff\u00bb parallax_method__hover=\u00bbon\u00bb custom_padding__hover=\u00bb|||\u00bb][et_pb_row_inner disabled_on=\u00bbon|off|off\u00bb _builder_version=\u00bb4.17.1&#8243; global_colors_info=\u00bb{}\u00bb][et_pb_column_inner saved_specialty_column_type=\u00bb1_2&#8243; _builder_version=\u00bb4.16&#8243; custom_padding=\u00bb|||\u00bb global_colors_info=\u00bb{}\u00bb parallax__hover=\u00bboff\u00bb parallax_method__hover=\u00bbon\u00bb custom_padding__hover=\u00bb|||\u00bb][et_pb_text _builder_version=\u00bb4.16&#8243; text_font=\u00bb||||||||\u00bb header_font=\u00bb||||||||\u00bb header_text_align=\u00bbcenter\u00bb header_2_font=\u00bb|700||on|||||\u00bb header_2_text_color=\u00bbgcid-0a4b8514-58d9-4d28-81c8-4795182d86df\u00bb text_orientation=\u00bbcenter\u00bb custom_margin=\u00bb-14px|||||\u00bb custom_padding=\u00bb17px|||||\u00bb global_colors_info=\u00bb{%22gcid-0a4b8514-58d9-4d28-81c8-4795182d86df%22:%91%22header_2_text_color%22%93}\u00bb]<\/p>\n<div class=\"dct-title clearfix\">\n<h2 class=\"hadding\">\u00bfQu\u00e9 hace el gastroenter\u00f3logo?<\/h2>\n<p>Cuando se trata de est\u00f3mago e intestinos<\/p>\n<\/div>\n<p>[\/et_pb_text][et_pb_text _builder_version=\u00bb4.16&#8243; _module_preset=\u00bbdefault\u00bb global_colors_info=\u00bb{}\u00bb]<\/p>\n<p>La gastroenterolog\u00eda examina principalmente los \u00f3rganos digestivos, que incluyen el est\u00f3mago y los intestinos, pero tambi\u00e9n el h\u00edgado, el p\u00e1ncreas, la ves\u00edcula biliar y el es\u00f3fago.<\/p>\n<p>El gastroenter\u00f3logo realiza diagn\u00f3sticos y ofrece opciones de terapia y medidas preventivas en el campo de la salud digestiva. Aconseja a sus pacientes sobre cuestiones relacionadas con la nutrici\u00f3n. Esto tambi\u00e9n incluye las intolerancias alimentarias. La hepatolog\u00eda es otra especialidad de la gastroenterolog\u00eda, que incluye el diagn\u00f3stico y tratamiento de enfermedades del h\u00edgado, la ves\u00edcula biliar y las v\u00edas biliares.<\/p>\n<p>Un gastroenter\u00f3logo tambi\u00e9n es responsable de los ex\u00e1menes preventivos y de seguimiento en el caso de enfermedades tumorales en el tracto digestivo. Esto incluye, por ejemplo, la colonoscopia, que tambi\u00e9n se conoce bajo el t\u00e9rmino m\u00e9dico colonoscopia. Aqu\u00ed se pueden descubrir tumores de piel en el intestino.<\/p>\n<p>[\/et_pb_text][\/et_pb_column_inner][\/et_pb_row_inner][\/et_pb_column][et_pb_column type=\u00bb1_2&#8243; _builder_version=\u00bb4.16&#8243; custom_padding=\u00bb|||\u00bb global_colors_info=\u00bb{}\u00bb parallax__hover=\u00bboff\u00bb parallax_method__hover=\u00bbon\u00bb custom_padding__hover=\u00bb|||\u00bb][et_pb_text _builder_version=\u00bb4.16.0&#8243; text_font=\u00bb||||||||\u00bb header_font=\u00bb||||||||\u00bb header_text_align=\u00bbcenter\u00bb header_2_font=\u00bb|700||on|||||\u00bb header_2_text_color=\u00bbgcid-0a4b8514-58d9-4d28-81c8-4795182d86df\u00bb header_2_font_size=\u00bb30px\u00bb text_orientation=\u00bbcenter\u00bb custom_margin=\u00bb|||\u00bb global_colors_info=\u00bb{%22gcid-0a4b8514-58d9-4d28-81c8-4795182d86df%22:%91%22header_2_text_color%22%93}\u00bb]<\/p>\n<div class=\"dct-title clearfix\">\n<h2 class=\"hadding\">Nuestros servicios<\/h2>\n<p>Nuestra Gastroenterolog\u00eda D\u00e9nia<\/p>\n<\/div>\n<p>[\/et_pb_text][et_pb_blurb use_icon=\u00bbon\u00bb font_icon=\u00bb&#x5a;||divi||400&#8243; _builder_version=\u00bb4.16&#8243; global_colors_info=\u00bb{}\u00bb]<\/p>\n<p>gastroscopia<\/p>\n<p>[\/et_pb_blurb][et_pb_blurb use_icon=\u00bbon\u00bb font_icon=\u00bb&#x5a;||divi||400&#8243; _builder_version=\u00bb4.16&#8243; global_colors_info=\u00bb{}\u00bb]<\/p>\n<p>colonoscopia<\/p>\n<p>[\/et_pb_blurb][et_pb_blurb use_icon=\u00bbon\u00bb font_icon=\u00bb&#x5a;||divi||400&#8243; _builder_version=\u00bb4.16&#8243; global_colors_info=\u00bb{}\u00bb]<\/p>\n<p>Colonoscopia preventiva<\/p>\n<p>[\/et_pb_blurb][et_pb_blurb use_icon=\u00bbon\u00bb font_icon=\u00bb&#x5a;||divi||400&#8243; _builder_version=\u00bb4.16&#8243; global_colors_info=\u00bb{}\u00bb]<\/p>\n<p>polipectomia<\/p>\n<p>[\/et_pb_blurb][et_pb_blurb use_icon=\u00bbon\u00bb font_icon=\u00bb&#x5a;||divi||400&#8243; _builder_version=\u00bb4.16&#8243; global_colors_info=\u00bb{}\u00bb]<\/p>\n<p>colonoscopia<\/p>\n<p>[\/et_pb_blurb][et_pb_blurb use_icon=\u00bbon\u00bb font_icon=\u00bb&#x5a;||divi||400&#8243; _builder_version=\u00bb4.16&#8243; global_colors_info=\u00bb{}\u00bb]<\/p>\n<p>ultrasonido abdominal<\/p>\n<p>[\/et_pb_blurb][et_pb_blurb use_icon=\u00bbon\u00bb font_icon=\u00bb&#x5a;||divi||400&#8243; _builder_version=\u00bb4.16&#8243; global_colors_info=\u00bb{}\u00bb]<\/p>\n<p>prueba de aliento H2<\/p>\n<p>[\/et_pb_blurb][et_pb_blurb use_icon=\u00bbon\u00bb font_icon=\u00bb&#x5a;||divi||400&#8243; _builder_version=\u00bb4.16&#8243; global_colors_info=\u00bb{}\u00bb]<\/p>\n<p>Prueba de aliento C13<\/p>\n<p>[\/et_pb_blurb][et_pb_blurb use_icon=\u00bbon\u00bb font_icon=\u00bb&#x5a;||divi||400&#8243; _builder_version=\u00bb4.16&#8243; global_colors_info=\u00bb{}\u00bb]<\/p>\n<p>manometr\u00eda<\/p>\n<p>[\/et_pb_blurb][\/et_pb_column][\/et_pb_section][et_pb_section fb_built=\u00bb1&#8243; _builder_version=\u00bb4.16&#8243; _module_preset=\u00bbdefault\u00bb global_colors_info=\u00bb{}\u00bb][et_pb_row _builder_version=\u00bb4.16&#8243; _module_preset=\u00bbdefault\u00bb global_colors_info=\u00bb{}\u00bb][et_pb_column type=\u00bb4_4&#8243; _builder_version=\u00bb4.16&#8243; _module_preset=\u00bbdefault\u00bb global_colors_info=\u00bb{}\u00bb][et_pb_text _builder_version=\u00bb4.16&#8243; text_font=\u00bb||||||||\u00bb header_font=\u00bb||||||||\u00bb header_text_align=\u00bbcenter\u00bb header_2_font=\u00bb|700||on|||||\u00bb header_2_text_color=\u00bbgcid-0a4b8514-58d9-4d28-81c8-4795182d86df\u00bb header_2_font_size=\u00bb30px\u00bb text_orientation=\u00bbcenter\u00bb custom_margin=\u00bb|||\u00bb custom_padding=\u00bb17px|||||\u00bb global_colors_info=\u00bb{%22gcid-0a4b8514-58d9-4d28-81c8-4795182d86df%22:%91%22header_2_text_color%22%93}\u00bb]<\/p>\n<div class=\"dct-title clearfix\">\n<h2 class=\"hadding\">\u00bfQu\u00e9 enfermedades trata el gastroenter\u00f3logo?<\/h2>\n<p>Algunas de las \u00e1reas de aplicaci\u00f3n.<\/p>\n<\/div>\n<p>[\/et_pb_text][\/et_pb_column][\/et_pb_row][\/et_pb_section][et_pb_section fb_built=\u00bb1&#8243; _builder_version=\u00bb4.16&#8243; _module_preset=\u00bbdefault\u00bb global_colors_info=\u00bb{}\u00bb][et_pb_row _builder_version=\u00bb4.16&#8243; _module_preset=\u00bbdefault\u00bb global_colors_info=\u00bb{}\u00bb][et_pb_column type=\u00bb4_4&#8243; _builder_version=\u00bb4.16&#8243; _module_preset=\u00bbdefault\u00bb global_colors_info=\u00bb{}\u00bb][et_pb_toggle title=\u00bbc\u00e1ncer de colon\u00bb open_toggle_text_color=\u00bbgcid-0a4b8514-58d9-4d28-81c8-4795182d86df\u00bb open_toggle_background_color=\u00bb#FFFFFF\u00bb closed_toggle_text_color=\u00bb#FFFFFF\u00bb closed_toggle_background_color=\u00bbgcid-0a4b8514-58d9-4d28-81c8-4795182d86df\u00bb _builder_version=\u00bb4.16&#8243; _module_preset=\u00bbdefault\u00bb title_text_color=\u00bb#FFFFFF\u00bb title_level=\u00bbh3&#8243; box_shadow_style=\u00bbpreset2&#8243; box_shadow_color=\u00bbgcid-0a4b8514-58d9-4d28-81c8-4795182d86df\u00bb global_colors_info=\u00bb{%22gcid-0a4b8514-58d9-4d28-81c8-4795182d86df%22:%91%22closed_toggle_background_color%22,%22open_toggle_text_color%22,%22box_shadow_color%22%93}\u00bb]<\/p>\n<p>El c\u00e1ncer colorrectal es un crecimiento maligno de c\u00e9lulas en el revestimiento del intestino grueso, muy raramente en el intestino delgado. Se hace una distinci\u00f3n entre c\u00e1ncer de recto y c\u00e1ncer de colon. El c\u00e1ncer colorrectal solo causa s\u00edntomas en una etapa avanzada. Los signos de advertencia incluyen sangre en las heces, dolor abdominal, p\u00e9rdida de peso no deseada y alternancia de estre\u00f1imiento y diarrea.<\/p>\n<p>[\/et_pb_toggle][et_pb_toggle title=\u00bbenfermedad de Crohn\u00bb open_toggle_text_color=\u00bbgcid-0a4b8514-58d9-4d28-81c8-4795182d86df\u00bb open_toggle_background_color=\u00bb#FFFFFF\u00bb closed_toggle_text_color=\u00bb#FFFFFF\u00bb closed_toggle_background_color=\u00bbgcid-0a4b8514-58d9-4d28-81c8-4795182d86df\u00bb _builder_version=\u00bb4.16&#8243; _module_preset=\u00bbdefault\u00bb title_text_color=\u00bb#FFFFFF\u00bb title_level=\u00bbh3&#8243; box_shadow_style=\u00bbpreset2&#8243; box_shadow_color=\u00bbgcid-0a4b8514-58d9-4d28-81c8-4795182d86df\u00bb global_colors_info=\u00bb{%22gcid-0a4b8514-58d9-4d28-81c8-4795182d86df%22:%91%22closed_toggle_background_color%22,%22open_toggle_text_color%22,%22box_shadow_color%22%93}\u00bb]<\/p>\n<p>Las causas de esta enfermedad inflamatoria intestinal a\u00fan no se conocen por completo. Se caracteriza por s\u00edntomas como diarrea prolongada, dolor abdominal y p\u00e9rdida de peso.<\/p>\n<p><span class=\"ILfuVd\"><span class=\"hgKElc\"> <\/span><\/span><\/p>\n<p>[\/et_pb_toggle][et_pb_toggle title=\u00bbacidez\u00bb open_toggle_text_color=\u00bbgcid-0a4b8514-58d9-4d28-81c8-4795182d86df\u00bb open_toggle_background_color=\u00bb#FFFFFF\u00bb closed_toggle_text_color=\u00bb#FFFFFF\u00bb closed_toggle_background_color=\u00bbgcid-0a4b8514-58d9-4d28-81c8-4795182d86df\u00bb _builder_version=\u00bb4.16&#8243; _module_preset=\u00bbdefault\u00bb title_text_color=\u00bb#FFFFFF\u00bb title_level=\u00bbh3&#8243; box_shadow_style=\u00bbpreset2&#8243; box_shadow_color=\u00bbgcid-0a4b8514-58d9-4d28-81c8-4795182d86df\u00bb global_colors_info=\u00bb{%22gcid-0a4b8514-58d9-4d28-81c8-4795182d86df%22:%91%22closed_toggle_background_color%22,%22open_toggle_text_color%22,%22box_shadow_color%22%93}\u00bb]<\/p>\n<p>Cuando el \u00e1cido regresa del est\u00f3mago al es\u00f3fago, se produce acidez estomacal. Este suele ser el caso despu\u00e9s de las comidas grasosas o el abuso extremo del alcohol. Si los s\u00edntomas duran m\u00e1s, la causa puede ser un mal funcionamiento en el mecanismo de sellado entre el est\u00f3mago y el es\u00f3fago.<\/p>\n<p>[\/et_pb_toggle][et_pb_text _builder_version=\u00bb4.16&#8243; text_font=\u00bb||||||||\u00bb header_font=\u00bb||||||||\u00bb header_text_align=\u00bbcenter\u00bb header_2_font=\u00bb|700||on|||||\u00bb header_2_text_color=\u00bbgcid-0a4b8514-58d9-4d28-81c8-4795182d86df\u00bb header_2_font_size=\u00bb30px\u00bb header_4_font=\u00bb|700||on|||||\u00bb header_4_text_color=\u00bbgcid-0a4b8514-58d9-4d28-81c8-4795182d86df\u00bb header_4_font_size=\u00bb26px\u00bb text_orientation=\u00bbcenter\u00bb custom_margin=\u00bb||||false|false\u00bb custom_padding=\u00bb80px||||false|false\u00bb global_colors_info=\u00bb{%22gcid-0a4b8514-58d9-4d28-81c8-4795182d86df%22:%91%22header_2_text_color%22,%22header_4_text_color%22%93}\u00bb]<\/p>\n<div class=\"dct-title clearfix\">\n<h4 class=\"hadding\">Tu gastroenter\u00f3logo en D\u00e9nia es punto de contacto en, entre otros<\/h4>\n<p>&nbsp;<\/p>\n<\/div>\n<p>[\/et_pb_text][\/et_pb_column][\/et_pb_row][\/et_pb_section][et_pb_section fb_built=\u00bb1&#8243; _builder_version=\u00bb4.16&#8243; _module_preset=\u00bbdefault\u00bb global_colors_info=\u00bb{}\u00bb][et_pb_row column_structure=\u00bb1_3,1_3,1_3&#8243; _builder_version=\u00bb4.16&#8243; _module_preset=\u00bbdefault\u00bb global_colors_info=\u00bb{}\u00bb][et_pb_column type=\u00bb1_3&#8243; _builder_version=\u00bb4.16&#8243; _module_preset=\u00bbdefault\u00bb global_colors_info=\u00bb{}\u00bb][et_pb_blurb use_icon=\u00bbon\u00bb font_icon=\u00bb&#xe04e;||divi||400&#8243; _builder_version=\u00bb4.16&#8243; body_font=\u00bb|600||on|||||\u00bb global_colors_info=\u00bb{}\u00bb]<\/p>\n<p>malestar estomacal<\/p>\n<p>[\/et_pb_blurb][et_pb_blurb use_icon=\u00bbon\u00bb font_icon=\u00bb&#xe04e;||divi||400&#8243; _builder_version=\u00bb4.16&#8243; body_font=\u00bb|600||on|||||\u00bb global_colors_info=\u00bb{}\u00bb]<\/p>\n<p>hepatitis<\/p>\n<p>[\/et_pb_blurb][et_pb_blurb use_icon=\u00bbon\u00bb font_icon=\u00bb&#xe04e;||divi||400&#8243; _builder_version=\u00bb4.16&#8243; body_font=\u00bb|600||on|||||\u00bb global_colors_info=\u00bb{}\u00bb]<\/p>\n<p>esofagitis<\/p>\n<p>[\/et_pb_blurb][\/et_pb_column][et_pb_column type=\u00bb1_3&#8243; _builder_version=\u00bb4.16&#8243; _module_preset=\u00bbdefault\u00bb global_colors_info=\u00bb{}\u00bb][et_pb_blurb use_icon=\u00bbon\u00bb font_icon=\u00bb&#xe04e;||divi||400&#8243; _builder_version=\u00bb4.16&#8243; body_font=\u00bb|600||on|||||\u00bb global_colors_info=\u00bb{}\u00bb]<\/p>\n<p>s\u00edndrome del intestino irritable<\/p>\n<p>[\/et_pb_blurb][et_pb_blurb use_icon=\u00bbon\u00bb font_icon=\u00bb&#xe04e;||divi||400&#8243; _builder_version=\u00bb4.16&#8243; body_font=\u00bb|600||on|||||\u00bb global_colors_info=\u00bb{}\u00bb]<\/p>\n<p>artrosis<\/p>\n<p>[\/et_pb_blurb][et_pb_blurb use_icon=\u00bbon\u00bb font_icon=\u00bb&#xe04e;||divi||400&#8243; _builder_version=\u00bb4.16&#8243; body_font=\u00bb|600||on|||||\u00bb global_colors_info=\u00bb{}\u00bb]<\/p>\n<p>diverticulosis<\/p>\n<p>[\/et_pb_blurb][\/et_pb_column][et_pb_column type=\u00bb1_3&#8243; _builder_version=\u00bb4.16&#8243; _module_preset=\u00bbdefault\u00bb global_colors_info=\u00bb{}\u00bb][et_pb_blurb use_icon=\u00bbon\u00bb font_icon=\u00bb&#xe04e;||divi||400&#8243; _builder_version=\u00bb4.16&#8243; body_font=\u00bb|600||on|||||\u00bb global_colors_info=\u00bb{}\u00bb]<\/p>\n<p>colitis ulcerosa<\/p>\n<p>[\/et_pb_blurb][et_pb_blurb use_icon=\u00bbon\u00bb font_icon=\u00bb&#xe04e;||divi||400&#8243; _builder_version=\u00bb4.16&#8243; body_font=\u00bb|600||on|||||\u00bb global_colors_info=\u00bb{}\u00bb]<\/p>\n<p>h\u00edgado graso<\/p>\n<p>[\/et_pb_blurb][et_pb_blurb use_icon=\u00bbon\u00bb font_icon=\u00bb&#xe04e;||divi||400&#8243; _builder_version=\u00bb4.16&#8243; body_font=\u00bb|600||on|||||\u00bb global_colors_info=\u00bb{}\u00bb]<\/p>\n<p>\u00falcera g\u00e1strica<\/p>\n<p>[\/et_pb_blurb][\/et_pb_column][\/et_pb_row][\/et_pb_section][et_pb_section fb_built=\u00bb1&#8243; _builder_version=\u00bb4.16&#8243; _module_preset=\u00bbdefault\u00bb global_colors_info=\u00bb{}\u00bb][et_pb_row _builder_version=\u00bb4.16&#8243; _module_preset=\u00bbdefault\u00bb global_colors_info=\u00bb{}\u00bb][et_pb_column type=\u00bb4_4&#8243; _builder_version=\u00bb4.16&#8243; _module_preset=\u00bbdefault\u00bb global_colors_info=\u00bb{}\u00bb][et_pb_divider divider_weight=\u00bb4px\u00bb _builder_version=\u00bb4.16&#8243; _module_preset=\u00bbdefault\u00bb width=\u00bb52%\u00bb module_alignment=\u00bbcenter\u00bb global_colors_info=\u00bb{}\u00bb][\/et_pb_divider][\/et_pb_column][\/et_pb_row][\/et_pb_section][et_pb_section fb_built=\u00bb1&#8243; specialty=\u00bbon\u00bb _builder_version=\u00bb4.16&#8243; _module_preset=\u00bbdefault\u00bb global_colors_info=\u00bb{}\u00bb][et_pb_column type=\u00bb1_3&#8243; _builder_version=\u00bb4.16&#8243; custom_padding=\u00bb|||\u00bb global_colors_info=\u00bb{}\u00bb custom_padding__hover=\u00bb|||\u00bb][et_pb_text _builder_version=\u00bb4.16&#8243; text_font=\u00bb||||||||\u00bb header_font=\u00bb||||||||\u00bb header_text_align=\u00bbcenter\u00bb header_2_font=\u00bb|700||on|||||\u00bb header_2_text_color=\u00bbgcid-0a4b8514-58d9-4d28-81c8-4795182d86df\u00bb header_2_font_size=\u00bb30px\u00bb text_orientation=\u00bbcenter\u00bb custom_margin=\u00bb|||\u00bb global_colors_info=\u00bb{%22gcid-0a4b8514-58d9-4d28-81c8-4795182d86df%22:%91%22header_2_text_color%22%93}\u00bb]<\/p>\n<div class=\"dct-title clearfix\">\n<h2 class=\"hadding\">tu especialista<\/h2>\n<p>&nbsp;<\/p>\n<\/div>\n<p>[\/et_pb_text][\/et_pb_column][et_pb_column type=\u00bb2_3&#8243; specialty_columns=\u00bb2&#8243; _builder_version=\u00bb4.16&#8243; custom_padding=\u00bb|||\u00bb global_colors_info=\u00bb{}\u00bb custom_padding__hover=\u00bb|||\u00bb][et_pb_row_inner column_structure=\u00bb1_2,1_2&#8243; _builder_version=\u00bb4.16&#8243; _module_preset=\u00bbdefault\u00bb global_colors_info=\u00bb{}\u00bb][et_pb_column_inner type=\u00bb1_2&#8243; saved_specialty_column_type=\u00bb2_3&#8243; _builder_version=\u00bb4.16&#8243; _module_preset=\u00bbdefault\u00bb global_colors_info=\u00bb{}\u00bb][\/et_pb_column_inner][et_pb_column_inner type=\u00bb1_2&#8243; saved_specialty_column_type=\u00bb2_3&#8243; _builder_version=\u00bb4.16&#8243; _module_preset=\u00bbdefault\u00bb global_colors_info=\u00bb{}\u00bb][\/et_pb_column_inner][\/et_pb_row_inner][\/et_pb_column][\/et_pb_section][et_pb_section fb_built=\u00bb1&#8243; _builder_version=\u00bb4.16&#8243; _module_preset=\u00bbdefault\u00bb global_colors_info=\u00bb{}\u00bb][et_pb_row _builder_version=\u00bb4.16&#8243; _module_preset=\u00bbdefault\u00bb global_colors_info=\u00bb{}\u00bb][et_pb_column type=\u00bb4_4&#8243; _builder_version=\u00bb4.16&#8243; _module_preset=\u00bbdefault\u00bb global_colors_info=\u00bb{}\u00bb][et_pb_divider divider_weight=\u00bb4px\u00bb _builder_version=\u00bb4.16&#8243; _module_preset=\u00bbdefault\u00bb width=\u00bb52%\u00bb module_alignment=\u00bbcenter\u00bb global_colors_info=\u00bb{}\u00bb][\/et_pb_divider][\/et_pb_column][\/et_pb_row][\/et_pb_section][et_pb_section fb_built=\u00bb1&#8243; _builder_version=\u00bb4.16&#8243; _module_preset=\u00bbdefault\u00bb global_colors_info=\u00bb{}\u00bb][et_pb_row use_custom_gutter=\u00bbon\u00bb gutter_width=\u00bb1&#8243; module_class=\u00bb et_pb_row_fullwidth\u00bb _builder_version=\u00bb3.25&#8243; width=\u00bb100%\u00bb width_tablet=\u00bb100%\u00bb width_phone=\u00bb100%\u00bb width_last_edited=\u00bbon|desktop\u00bb max_width=\u00bb100%\u00bb max_width_tablet=\u00bb100%\u00bb max_width_phone=\u00bb100%\u00bb max_width_last_edited=\u00bbon|desktop\u00bb custom_padding=\u00bb27px|0px|0|0px|false|false\u00bb make_fullwidth=\u00bbon\u00bb global_module=\u00bb368059&#8243; saved_tabs=\u00bball\u00bb global_colors_info=\u00bb{}\u00bb][et_pb_column type=\u00bb4_4&#8243; _builder_version=\u00bb4.16&#8243; custom_padding=\u00bb|||\u00bb global_colors_info=\u00bb{}\u00bb custom_padding__hover=\u00bb|||\u00bb][et_pb_cta title=\u00bb\u00a1Haga una cita ahora!\u00bb button_url=\u00bbhttps:\/\/pglorieta.com\/es\/contacto\/\u00bb button_text=\u00bbContacto\u00bb module_class=\u00bbdct_cta_1&#8243; _builder_version=\u00bb4.17.1&#8243; header_text_color=\u00bb#FFFFFF\u00bb background_enable_color=\u00bboff\u00bb background_image=\u00bbhttps:\/\/pglorieta.com\/wp-content\/uploads\/2022\/03\/Hintergrund.jpg\u00bb background_position=\u00bbtop_center\u00bb background_blend=\u00bboverlay\u00bb custom_button=\u00bbon\u00bb button_text_size=\u00bb25px\u00bb button_font=\u00bb|||on|||||\u00bb button_icon=\u00bb&#x24;||divi||400&#8243; background_layout=\u00bblight\u00bb custom_padding=\u00bb120px||120px|\u00bb global_colors_info=\u00bb{}\u00bb]<\/p>\n<h3>\u00bfTiene alguna pregunta o le gustar\u00eda hacer una cita? \u00a1Nos complace estar aqu\u00ed para usted! Ll\u00e1manos o escr\u00edbenos.<\/h3>\n<p>[\/et_pb_cta][\/et_pb_column][\/et_pb_row][\/et_pb_section]<\/p>\n","protected":false},"excerpt":{"rendered":"<p>Gastroenter\u00f3logo en D\u00e9nia Foto: LIGHTFIELD STUDIOS &#8211; Adobe Stock \u00bfQu\u00e9 hace el gastroenter\u00f3logo? Cuando se trata de est\u00f3mago e intestinos La gastroenterolog\u00eda examina principalmente los \u00f3rganos digestivos, que incluyen el est\u00f3mago y los intestinos, pero tambi\u00e9n el h\u00edgado, el p\u00e1ncreas, la ves\u00edcula biliar y el es\u00f3fago. El gastroenter\u00f3logo realiza diagn\u00f3sticos y ofrece opciones de terapia [&hellip;]<\/p>\n","protected":false},"author":3,"featured_media":0,"parent":0,"menu_order":5,"comment_status":"closed","ping_status":"closed","template":"","meta":{"_et_pb_use_builder":"on","_et_pb_old_content":"","_et_gb_content_width":"","_glsr_average":0,"_glsr_ranking":0,"_glsr_reviews":0,"footnotes":""},"class_list":["post-369326","page","type-page","status-publish","hentry"],"_links":{"self":[{"href":"https:\/\/pglorieta.com\/es\/wp-json\/wp\/v2\/pages\/369326","targetHints":{"allow":["GET"]}}],"collection":[{"href":"https:\/\/pglorieta.com\/es\/wp-json\/wp\/v2\/pages"}],"about":[{"href":"https:\/\/pglorieta.com\/es\/wp-json\/wp\/v2\/types\/page"}],"author":[{"embeddable":true,"href":"https:\/\/pglorieta.com\/es\/wp-json\/wp\/v2\/users\/3"}],"replies":[{"embeddable":true,"href":"https:\/\/pglorieta.com\/es\/wp-json\/wp\/v2\/comments?post=369326"}],"version-history":[{"count":1,"href":"https:\/\/pglorieta.com\/es\/wp-json\/wp\/v2\/pages\/369326\/revisions"}],"predecessor-version":[{"id":375814,"href":"https:\/\/pglorieta.com\/es\/wp-json\/wp\/v2\/pages\/369326\/revisions\/375814"}],"wp:attachment":[{"href":"https:\/\/pglorieta.com\/es\/wp-json\/wp\/v2\/media?parent=369326"}],"curies":[{"name":"wp","href":"https:\/\/api.w.org\/{rel}","templated":true}]}}