{"id":372337,"date":"2022-05-11T15:00:21","date_gmt":"2022-05-11T13:00:21","guid":{"rendered":"https:\/\/pglorieta.com\/reviews\/"},"modified":"2022-05-11T16:02:05","modified_gmt":"2022-05-11T14:02:05","slug":"reviews","status":"publish","type":"page","link":"https:\/\/pglorieta.com\/en\/reviews\/","title":{"rendered":"reviews"},"content":{"rendered":"<p>[et_pb_section fb_built=&#8221;1&#8243; fullwidth=&#8221;on&#8221; disabled_on=&#8221;on|off|off&#8221; _builder_version=&#8221;4.16&#8243; background_enable_image=&#8221;off&#8221; custom_padding=&#8221;|||&#8221; global_colors_info=&#8221;{}&#8221;][et_pb_fullwidth_header text_orientation=&#8221;center&#8221; background_overlay_color=&#8221;RGBA(255,255,255,0)&#8221; module_class=&#8221;dct-header-title&#8221; _builder_version=&#8221;4.17.3&#8243; title_font=&#8221;|700|||||||&#8221; title_text_color=&#8221;gcid-0a4b8514-58d9-4d28-81c8-4795182d86df&#8221; content_font=&#8221;||||||||&#8221; background_enable_color=&#8221;off&#8221; background_image=&#8221;https:\/\/pglorieta.com\/wp-content\/uploads\/2022\/05\/Neurologia-Denia.jpg&#8221; background_blend=&#8221;overlay&#8221; background_layout=&#8221;light&#8221; custom_padding=&#8221;125px|||120px|false|false&#8221; custom_padding_tablet=&#8221;&#8221; custom_padding_phone=&#8221;50px|||&#8221; custom_padding_last_edited=&#8221;on|phone&#8221; title_font_size_tablet=&#8221;&#8221; title_font_size_phone=&#8221;28px&#8221; title_font_size_last_edited=&#8221;on|desktop&#8221; title_text_shadow_style=&#8221;preset5&#8243; title_text_shadow_color=&#8221;#FFFFFF&#8221; text_shadow_style=&#8221;preset3&#8243; text_shadow_color=&#8221;#FFFFFF&#8221; global_colors_info=&#8221;{%22gcid-0a4b8514-58d9-4d28-81c8-4795182d86df%22:%91%22background_color%22,%22title_text_color%22%93}&#8221; button_one_text_size__hover_enabled=&#8221;off&#8221; button_two_text_size__hover_enabled=&#8221;off&#8221; button_one_text_color__hover_enabled=&#8221;off&#8221; button_two_text_color__hover_enabled=&#8221;off&#8221; button_one_border_width__hover_enabled=&#8221;off&#8221; button_two_border_width__hover_enabled=&#8221;off&#8221; button_one_border_color__hover_enabled=&#8221;off&#8221; button_two_border_color__hover_enabled=&#8221;off&#8221; button_one_border_radius__hover_enabled=&#8221;off&#8221; button_two_border_radius__hover_enabled=&#8221;off&#8221; button_one_letter_spacing__hover_enabled=&#8221;off&#8221; button_two_letter_spacing__hover_enabled=&#8221;off&#8221; button_one_bg_color__hover_enabled=&#8221;off&#8221; button_two_bg_color__hover_enabled=&#8221;off&#8221;]<\/p>\n<h1 style=\"text-align: center;\"><\/h1>\n<p>&nbsp;<\/p>\n<h1 style=\"text-align: center;\">reviews<\/h1>\n<h1><\/h1>\n<p>[\/et_pb_fullwidth_header][\/et_pb_section][et_pb_section fb_built=&#8221;1&#8243; fullwidth=&#8221;on&#8221; _builder_version=&#8221;4.16&#8243; _module_preset=&#8221;default&#8221; global_colors_info=&#8221;{}&#8221;][et_pb_fullwidth_header title=&#8221;reviews&#8221; disabled_on=&#8221;off|on|on&#8221; _builder_version=&#8221;4.16&#8243; _module_preset=&#8221;default&#8221; title_text_align=&#8221;center&#8221; global_colors_info=&#8221;{}&#8221;][\/et_pb_fullwidth_header][\/et_pb_section][et_pb_section fb_built=&#8221;1&#8243; _builder_version=&#8221;4.16&#8243; _module_preset=&#8221;default&#8221; global_colors_info=&#8221;{}&#8221;][et_pb_row _builder_version=&#8221;4.16&#8243; _module_preset=&#8221;default&#8221; global_colors_info=&#8221;{}&#8221;][et_pb_column type=&#8221;4_4&#8243; _builder_version=&#8221;4.16&#8243; _module_preset=&#8221;default&#8221; global_colors_info=&#8221;{}&#8221;][et_pb_text disabled_on=&#8221;on|off|off&#8221; _builder_version=&#8221;4.16&#8243; _module_preset=&#8221;default&#8221; text_font_size=&#8221;10px&#8221; custom_margin=&#8221;-25px||||false|false&#8221; global_colors_info=&#8221;{}&#8221;]<\/p>\n<p style=\"text-align: right;\">Photo: visivascnc &#8211; Adobe Stock<\/p>\n<p>[\/et_pb_text][\/et_pb_column][\/et_pb_row][\/et_pb_section][et_pb_section fb_built=&#8221;1&#8243; make_equal=&#8221;on&#8221; use_custom_gutter=&#8221;on&#8221; gutter_width=&#8221;2&#8243; specialty=&#8221;on&#8221; _builder_version=&#8221;4.16&#8243; global_colors_info=&#8221;{}&#8221;][et_pb_column type=&#8221;1_2&#8243; specialty_columns=&#8221;2&#8243; _builder_version=&#8221;4.16&#8243; custom_padding=&#8221;|||&#8221; global_colors_info=&#8221;{}&#8221; parallax__hover=&#8221;off&#8221; parallax_method__hover=&#8221;on&#8221; custom_padding__hover=&#8221;|||&#8221;][et_pb_row_inner _builder_version=&#8221;4.16&#8243; global_colors_info=&#8221;{}&#8221;][et_pb_column_inner saved_specialty_column_type=&#8221;1_2&#8243; _builder_version=&#8221;4.16&#8243; custom_padding=&#8221;|||&#8221; global_colors_info=&#8221;{}&#8221; parallax__hover=&#8221;off&#8221; parallax_method__hover=&#8221;on&#8221; custom_padding__hover=&#8221;|||&#8221;][et_pb_text _builder_version=&#8221;4.17.3&#8243; text_font=&#8221;||||||||&#8221; header_font=&#8221;||||||||&#8221; header_text_align=&#8221;center&#8221; header_2_font=&#8221;|700||on|||||&#8221; header_2_text_color=&#8221;gcid-0a4b8514-58d9-4d28-81c8-4795182d86df&#8221; header_2_font_size=&#8221;30px&#8221; text_orientation=&#8221;center&#8221; custom_margin=&#8221;|||&#8221; global_colors_info=&#8221;{%22gcid-0a4b8514-58d9-4d28-81c8-4795182d86df%22:%91%22header_2_text_color%22%93}&#8221;]<\/p>\n<div class=\"dct-title clearfix\">\n<h2 class=\"hadding\">your rating for us<\/h2>\n<p>We want to get even better!<\/p>\n<\/div>\n<p>[\/et_pb_text][et_pb_text _builder_version=&#8221;4.17.3&#8243; _module_preset=&#8221;default&#8221; global_colors_info=&#8221;{}&#8221;]<\/p>\n<p>Your feedback is valuable to us because we want to get even better for you every day!<\/p>\n<p>Therefore, we would be pleased if you rate us. You can do this via <a href=\"https:\/\/info.pglorieta.com\/google\" target=\"_blank\" rel=\"noopener\">Google<\/a> (you need a Gmail account for this), via <a href=\"https:\/\/www.facebook.com\/pglorieta\" target=\"_blank\" rel=\"noopener\">Facebook<\/a> (you need a Facebook account for this) or directly here on this page using the form on the right. If you have any questions, we&#8217;re happy to help!<\/p>\n<p>[\/et_pb_text][\/et_pb_column_inner][\/et_pb_row_inner][\/et_pb_column][et_pb_column type=&#8221;1_2&#8243; _builder_version=&#8221;4.16&#8243; custom_padding=&#8221;|||&#8221; global_colors_info=&#8221;{}&#8221; parallax__hover=&#8221;off&#8221; parallax_method__hover=&#8221;on&#8221; custom_padding__hover=&#8221;|||&#8221;][et_pb_code _builder_version=&#8221;4.17.3&#8243; _module_preset=&#8221;default&#8221; global_colors_info=&#8221;{}&#8221;]<div class=\"glsr glsr-divi\" id=\"glsr_7128e34f\" data-from='shortcode' data-shortcode='site_reviews_form' data-assigned_posts='372309,372337,372340,373399'><div class=\"glsr-form-wrap et_pb_contact\">\n    <form class=\"glsr-review-form glsr-form et_pb_contact_form\" id=\"\" method=\"post\" enctype=\"multipart\/form-data\">\n        <input class=\"input\" name=\"site-reviews[_action]\" type=\"hidden\" value=\"submit-review\"><input class=\"input\" name=\"site-reviews[_nonce]\" type=\"hidden\" value=\"e1a9502299\"><input class=\"input\" name=\"site-reviews[_post_id]\" type=\"hidden\" value=\"372337\"><input class=\"input\" name=\"site-reviews[_referer]\" type=\"hidden\" value=\"\/en\/wp-json\/wp\/v2\/pages\/372337\"><input class=\"input\" name=\"site-reviews[assigned_posts]\" type=\"hidden\" value=\"372309,372337,372340,373399\"><input class=\"input\" name=\"site-reviews[assigned_terms]\" type=\"hidden\" value=\"\"><input class=\"input\" name=\"site-reviews[assigned_users]\" type=\"hidden\" value=\"\"><input class=\"input\" name=\"site-reviews[excluded]\" type=\"hidden\" value=\"\"><input class=\"input\" name=\"site-reviews[form_id]\" type=\"hidden\" value=\"\"><input class=\"input\" name=\"site-reviews[terms_exist]\" type=\"hidden\" value=\"1\"><div class=\"glsr-field et_pb_contact_field\" style=\"display:none;\"><label class=\"glsr-label et_pb_contact_form_label glsr-label-text\" for=\"site-reviews-baa0431c-\"><span>Ihre Bewertung<\/span><\/label><input class=\"glsr-input glsr-input-text input\" id=\"site-reviews-baa0431c-\" name=\"site-reviews[baa0431c]\" type=\"text\" value=\"\"><\/div><p class=\"glsr-field et_pb_contact_field glsr-field-rating glsr-required\" data-field=\"rating\" data-type=\"rating\">\n    <label class=\"glsr-label et_pb_contact_form_label glsr-label-rating\" for=\"site-reviews-rating-glsr_7128e34f\"><span>Ihre Gesamtbewertung<\/span><\/label>\n    <select class=\"glsr-select browser-default no_wrap no-wrap et_pb_contact_select input\" id=\"site-reviews-rating-glsr_7128e34f\" name=\"site-reviews[rating]\" required><option selected value=\"\">W\u00e4hlen Sie eine Bewertung aus<\/option><option value=\"5\">5 Stars<\/option><option value=\"4\">4 Stars<\/option><option value=\"3\">3 Stars<\/option><option value=\"2\">2 Stars<\/option><option value=\"1\">1 Star<\/option><\/select>\n    <span class=\"glsr-field-error\"><\/span>\n<\/p><p class=\"glsr-field et_pb_contact_field glsr-field-text glsr-required\" data-field=\"title\" data-type=\"text\">\n    <label class=\"glsr-label et_pb_contact_form_label glsr-label-text\" for=\"site-reviews-title-glsr_7128e34f\"><span>Titel Ihrer Bewertung<\/span><\/label>\n    <input class=\"glsr-input glsr-input-text input\" id=\"site-reviews-title-glsr_7128e34f\" name=\"site-reviews[title]\" type=\"text\" placeholder=\"Die \u00dcberschrift Ihrer Bewertung\" required value=\"\">\n    <span class=\"glsr-field-error\"><\/span>\n<\/p><p class=\"glsr-field et_pb_contact_field glsr-field-textarea glsr-required\" data-field=\"content\" data-type=\"textarea\">\n    <label class=\"glsr-label et_pb_contact_form_label glsr-label-textarea\" for=\"site-reviews-content-glsr_7128e34f\"><span>Ihre Bewertung<\/span><\/label>\n    <textarea class=\"glsr-textarea et_pb_contact_message input\" id=\"site-reviews-content-glsr_7128e34f\" name=\"site-reviews[content]\" placeholder=\"Erz\u00e4hlen Sie anderen von Ihrer Erfahrung\" rows=\"5\" required><\/textarea>\n    <span class=\"glsr-field-error\"><\/span>\n<\/p><p class=\"glsr-field et_pb_contact_field glsr-field-text glsr-required\" data-field=\"name\" data-type=\"text\">\n    <label class=\"glsr-label et_pb_contact_form_label glsr-label-text\" for=\"site-reviews-name-glsr_7128e34f\"><span>Ihr Name<\/span><\/label>\n    <input class=\"glsr-input glsr-input-text input\" id=\"site-reviews-name-glsr_7128e34f\" name=\"site-reviews[name]\" type=\"text\" placeholder=\"Ihr Name\" required value=\"\">\n    <span class=\"glsr-field-error\"><\/span>\n<\/p><p class=\"glsr-field et_pb_contact_field glsr-field-email glsr-required\" data-field=\"email\" data-type=\"email\">\n    <label class=\"glsr-label et_pb_contact_form_label glsr-label-email\" for=\"site-reviews-email-glsr_7128e34f\"><span>Ihre E-Mail<\/span><\/label>\n    <input class=\"glsr-input glsr-input-email input\" id=\"site-reviews-email-glsr_7128e34f\" name=\"site-reviews[email]\" type=\"email\" placeholder=\"Ihre E-Mail-Adresse\" required value=\"\">\n    <span class=\"glsr-field-error\"><\/span>\n<\/p><p class=\"glsr-field et_pb_contact_field glsr-field-choice glsr-required\" data-field=\"terms\" data-type=\"toggle\">\n    <span class=\"et_pb_contact_field_options_wrapper\">\n        <span class=\"et_pb_contact_field_options_title\">\n            \n        <\/span>\n        <span class=\"et_pb_contact_field_options_list\">\n            <span class=\"glsr-field-toggle\">\n    <span class=\"glsr-toggle\">\n        <label for=\"site-reviews-terms-glsr_7128e34f-1\">Diese Bewertung basiert auf meiner pers\u00f6nlichen Erfahrung und entspricht meiner eigenen Meinung.<\/label>\n        <span class=\"glsr-toggle-switch\">\n            <input class=\"glsr-input-toggle input\" id=\"site-reviews-terms-glsr_7128e34f-1\" name=\"site-reviews[terms]\" type=\"checkbox\" value=\"1\" required> &#8203; <!-- zero-space character used for alignment -->\n            <span class=\"glsr-toggle-track\"><\/span>\n        <\/span>\n    <\/span>\n<\/span>\n        <\/span>\n        <span class=\"glsr-field-error\"><\/span>\n    <\/span>\n<\/p>\n        <div class=\"et_contact_bottom_container\" data-field=\"submit-button\">\n    <button type=\"submit\" class=\"glsr-button et_pb_contact_submit et_pb_button\" \n        aria-busy=\"false\"\n        data-loading=\"Submitting, please wait...\" \n    >Geben Sie Ihre Bewertung ab<\/button>\n<\/div>\n        <p class=\"glsr-form-message et-pb-contact-message et_pb_contact_field\">\n    \n<\/p>\n    <\/form>\n<\/div><\/div>[\/et_pb_code][\/et_pb_column][\/et_pb_section][et_pb_section fb_built=&#8221;1&#8243; _builder_version=&#8221;4.16&#8243; _module_preset=&#8221;default&#8221; global_colors_info=&#8221;{}&#8221;][et_pb_row _builder_version=&#8221;4.17.3&#8243; _module_preset=&#8221;default&#8221; global_colors_info=&#8221;{}&#8221;][et_pb_column type=&#8221;4_4&#8243; _builder_version=&#8221;4.17.3&#8243; _module_preset=&#8221;default&#8221; global_colors_info=&#8221;{}&#8221;][et_pb_code _builder_version=&#8221;4.17.3&#8243; _module_preset=&#8221;default&#8221; global_colors_info=&#8221;{}&#8221;]<div class=\"glsr glsr-divi\" id=\"glsr_b97b0f23\" data-from='shortcode' data-shortcode='site_reviews' data-assigned_posts='372309,372337,372340,373399'><div class=\"glsr-reviews-wrap\">\n    <div class=\"glsr-reviews\">\n        <div class=\"glsr-review\" data-type=\"local\" id=\"review-375818\" data-assigned='{\"assigned_posts\":[372309,372337,372340,373399]}'>\n    <div class=\"glsr-review-title\"><h4 class=\"glsr-tag-value\">NSsqWytrhHgYXfgg<\/h4><\/div>\n    <div class=\"glsr-review-rating\"><div class=\"glsr-star-rating glsr-stars\" data-rating=\"3\" data-reviews=\"0\">\n    <span class=\"screen-reader-text\">Rated 3 out of 5<\/span>\n    <span class=\"glsr-star glsr-star-full\" aria-hidden=\"true\"><\/span><span class=\"glsr-star glsr-star-full\" aria-hidden=\"true\"><\/span><span class=\"glsr-star glsr-star-full\" aria-hidden=\"true\"><\/span><span class=\"glsr-star glsr-star-empty\" aria-hidden=\"true\"><\/span><span class=\"glsr-star glsr-star-empty\" aria-hidden=\"true\"><\/span>\n<\/div><\/div> <div class=\"glsr-review-date\"><span class=\"glsr-tag-value\">25. March 2026<\/span><\/div>\n    \n    <div class=\"glsr-review-content\"><div class=\"glsr-tag-value\" data-expanded='false'><p>CoSBanocpoJLbPLlPRefPfLf<\/p><\/div><\/div>\n     <div class=\"glsr-review-author\"><span class=\"glsr-tag-value\">sMXWReoOMGEBdUIEdau<\/span><\/div> \n    \n<\/div>\n<div class=\"glsr-review\" data-type=\"local\" id=\"review-375817\" data-assigned='{\"assigned_posts\":[372309,372337,372340,373399]}'>\n    <div class=\"glsr-review-title\"><h4 class=\"glsr-tag-value\">FAuQpKyalkCZpksuBHeBic<\/h4><\/div>\n    <div class=\"glsr-review-rating\"><div class=\"glsr-star-rating glsr-stars\" data-rating=\"5\" data-reviews=\"0\">\n    <span class=\"screen-reader-text\">Rated 5 out of 5<\/span>\n    <span class=\"glsr-star glsr-star-full\" aria-hidden=\"true\"><\/span><span class=\"glsr-star glsr-star-full\" aria-hidden=\"true\"><\/span><span class=\"glsr-star glsr-star-full\" aria-hidden=\"true\"><\/span><span class=\"glsr-star glsr-star-full\" aria-hidden=\"true\"><\/span><span class=\"glsr-star glsr-star-full\" aria-hidden=\"true\"><\/span>\n<\/div><\/div> <div class=\"glsr-review-date\"><span class=\"glsr-tag-value\">24. March 2026<\/span><\/div>\n    \n    <div class=\"glsr-review-content\"><div class=\"glsr-tag-value\" data-expanded='false'><p>bkqgcEKTcKiLwpKmu<\/p><\/div><\/div>\n     <div class=\"glsr-review-author\"><span class=\"glsr-tag-value\">QwfOOGAyRMtSvGdQdfrSu<\/span><\/div> \n    \n<\/div>\n<div class=\"glsr-review\" data-type=\"local\" id=\"review-375816\" data-assigned='{\"assigned_posts\":[372309,372337,372340,373399]}'>\n    <div class=\"glsr-review-title\"><h4 class=\"glsr-tag-value\">Bei BS-Vorfall: Schnell und kompetent<\/h4><\/div>\n    <div class=\"glsr-review-rating\"><div class=\"glsr-star-rating glsr-stars\" data-rating=\"5\" data-reviews=\"0\">\n    <span class=\"screen-reader-text\">Rated 5 out of 5<\/span>\n    <span class=\"glsr-star glsr-star-full\" aria-hidden=\"true\"><\/span><span class=\"glsr-star glsr-star-full\" aria-hidden=\"true\"><\/span><span class=\"glsr-star glsr-star-full\" aria-hidden=\"true\"><\/span><span class=\"glsr-star glsr-star-full\" aria-hidden=\"true\"><\/span><span class=\"glsr-star glsr-star-full\" aria-hidden=\"true\"><\/span>\n<\/div><\/div> <div class=\"glsr-review-date\"><span class=\"glsr-tag-value\">15. March 2026<\/span><\/div>\n    \n    <div class=\"glsr-review-content\"><div class=\"glsr-tag-value\" data-expanded='false'><p>Mit einer H\u00fcftgelenksblockade und einem Bandscheiben Vorfall bekam ich schnell einen Termin bei Frau Dr. Aarhus.<\/p>\n<p>Sie stellte schnell eine richtige Diagnose und passte die Behandlung entsprechend an.<\/p>\n<p>Frau Dr. Aarhus ist sehr patientennah und trotz ihrer verbindlichen , lockeren Art immer problemfokusiert.<\/p>\n<p>Ich danke ihr sehr herzlich!<\/p>\n<p>Ich w\u00fcrde von dem gesamten Glorieta Team jederzeit sehr zuvorkommend behandelt.<\/p>\n<p>Eine empfehlenswerte Klinik<\/p>\n<p>Claudia Haas<\/p>\n<p>Deutschland<\/p><\/div><\/div>\n     <div class=\"glsr-review-author\"><span class=\"glsr-tag-value\">Claudia Haas<\/span><\/div> \n    \n<\/div>\n<div class=\"glsr-review\" data-type=\"local\" id=\"review-375808\" data-assigned='{\"assigned_posts\":[372309,372337,372340,373399]}'>\n    <div class=\"glsr-review-title\"><h4 class=\"glsr-tag-value\">Dank und Beschwerde<\/h4><\/div>\n    <div class=\"glsr-review-rating\"><div class=\"glsr-star-rating glsr-stars\" data-rating=\"4\" data-reviews=\"0\">\n    <span class=\"screen-reader-text\">Rated 4 out of 5<\/span>\n    <span class=\"glsr-star glsr-star-full\" aria-hidden=\"true\"><\/span><span class=\"glsr-star glsr-star-full\" aria-hidden=\"true\"><\/span><span class=\"glsr-star glsr-star-full\" aria-hidden=\"true\"><\/span><span class=\"glsr-star glsr-star-full\" aria-hidden=\"true\"><\/span><span class=\"glsr-star glsr-star-empty\" aria-hidden=\"true\"><\/span>\n<\/div><\/div> <div class=\"glsr-review-date\"><span class=\"glsr-tag-value\">29. December 2025<\/span><\/div>\n    \n    <div class=\"glsr-review-content\"><div class=\"glsr-tag-value\" data-expanded='false'><p>Immer wurde ich \u2013 und auch mein Mann \u2013 \u00fcberaus freundlich und kompetent in der Glorieta behandelt. Im letzten Jahr hatte ich eine unerwartet komplizierte Gallen OP und wurde sehr liebevoll betreut.<\/p>\n<p>In diesem Jahr hat sich Herr Dr. Meyer-Josten mit seiner Freundlickeit viel Zeit f\u00fcr mich genommen. Danke!<\/p>\n<p>Es gibt allerdings einen Wehmutstropfen. \u00dcber 1.000,00 EUR habe ich bezahlt f\u00fcr Untersuchung und Magenspiegelung. Dass ich aber im Anschlu\u00df f\u00fcr ein kurzes 1min\u00fctiges Telefonat, in der mir das Ergebnis mitgeteilt wurde, noch 50,00 EUR zahlun mu\u00dfte, steht in keinem Verh\u00e4ltnis.<\/p>\n<p>zahlen mu\u00dfte, kann ich nicht verstehen<\/p><\/div><\/div>\n     <div class=\"glsr-review-author\"><span class=\"glsr-tag-value\">Angela R\u00f6ttger<\/span><\/div> \n    \n<\/div>\n<div class=\"glsr-review\" data-type=\"local\" id=\"review-375807\" data-assigned='{\"assigned_posts\":[372309,372337,372340,373399]}'>\n    <div class=\"glsr-review-title\"><h4 class=\"glsr-tag-value\">Tolles Krankenhaus<\/h4><\/div>\n    <div class=\"glsr-review-rating\"><div class=\"glsr-star-rating glsr-stars\" data-rating=\"5\" data-reviews=\"0\">\n    <span class=\"screen-reader-text\">Rated 5 out of 5<\/span>\n    <span class=\"glsr-star glsr-star-full\" aria-hidden=\"true\"><\/span><span class=\"glsr-star glsr-star-full\" aria-hidden=\"true\"><\/span><span class=\"glsr-star glsr-star-full\" aria-hidden=\"true\"><\/span><span class=\"glsr-star glsr-star-full\" aria-hidden=\"true\"><\/span><span class=\"glsr-star glsr-star-full\" aria-hidden=\"true\"><\/span>\n<\/div><\/div> <div class=\"glsr-review-date\"><span class=\"glsr-tag-value\">11. December 2025<\/span><\/div>\n    \n    <div class=\"glsr-review-content\"><div class=\"glsr-tag-value\" data-expanded='false'><p>Ich finde es das beste Krankenhaus in ganz Alicante<\/p><\/div><\/div>\n     <div class=\"glsr-review-author\"><span class=\"glsr-tag-value\">Julia<\/span><\/div> \n    \n<\/div>\n    <\/div>\n    \n<\/div><\/div>[\/et_pb_code][\/et_pb_column][\/et_pb_row][\/et_pb_section][et_pb_section fb_built=&#8221;1&#8243; _builder_version=&#8221;4.16&#8243; _module_preset=&#8221;default&#8221; global_colors_info=&#8221;{}&#8221;][et_pb_row _builder_version=&#8221;4.16&#8243; _module_preset=&#8221;default&#8221; global_colors_info=&#8221;{}&#8221;][et_pb_column type=&#8221;4_4&#8243; _builder_version=&#8221;4.16&#8243; _module_preset=&#8221;default&#8221; global_colors_info=&#8221;{}&#8221;][et_pb_divider divider_weight=&#8221;4px&#8221; _builder_version=&#8221;4.16&#8243; _module_preset=&#8221;default&#8221; width=&#8221;52%&#8221; module_alignment=&#8221;center&#8221; global_colors_info=&#8221;{}&#8221;][\/et_pb_divider][\/et_pb_column][\/et_pb_row][\/et_pb_section][et_pb_section fb_built=&#8221;1&#8243; _builder_version=&#8221;4.16&#8243; _module_preset=&#8221;default&#8221; global_colors_info=&#8221;{}&#8221;][\/et_pb_section]<\/p>\n","protected":false},"excerpt":{"rendered":"<p>&nbsp; reviews Photo: visivascnc &#8211; Adobe Stock your rating for us We want to get even better! Your feedback is valuable to us because we want to get even better for you every day! Therefore, we would be pleased if you rate us. You can do this via Google (you need a Gmail account for [&hellip;]<\/p>\n","protected":false},"author":3,"featured_media":0,"parent":0,"menu_order":17,"comment_status":"closed","ping_status":"closed","template":"","meta":{"_et_pb_use_builder":"on","_et_pb_old_content":"","_et_gb_content_width":"","_glsr_average":4.29999999999999982236431605997495353221893310546875,"_glsr_ranking":4.1048780487799998439868431887589395046234130859375,"_glsr_reviews":31,"footnotes":""},"class_list":["post-372337","page","type-page","status-publish","hentry"],"_links":{"self":[{"href":"https:\/\/pglorieta.com\/en\/wp-json\/wp\/v2\/pages\/372337","targetHints":{"allow":["GET"]}}],"collection":[{"href":"https:\/\/pglorieta.com\/en\/wp-json\/wp\/v2\/pages"}],"about":[{"href":"https:\/\/pglorieta.com\/en\/wp-json\/wp\/v2\/types\/page"}],"author":[{"embeddable":true,"href":"https:\/\/pglorieta.com\/en\/wp-json\/wp\/v2\/users\/3"}],"replies":[{"embeddable":true,"href":"https:\/\/pglorieta.com\/en\/wp-json\/wp\/v2\/comments?post=372337"}],"version-history":[{"count":2,"href":"https:\/\/pglorieta.com\/en\/wp-json\/wp\/v2\/pages\/372337\/revisions"}],"predecessor-version":[{"id":372339,"href":"https:\/\/pglorieta.com\/en\/wp-json\/wp\/v2\/pages\/372337\/revisions\/372339"}],"wp:attachment":[{"href":"https:\/\/pglorieta.com\/en\/wp-json\/wp\/v2\/media?parent=372337"}],"curies":[{"name":"wp","href":"https:\/\/api.w.org\/{rel}","templated":true}]}}