{"id":369553,"date":"2022-03-27T19:52:13","date_gmt":"2022-03-27T17:52:13","guid":{"rendered":"https:\/\/pglorieta.com\/politica-de-privacy\/"},"modified":"2022-12-19T14:42:09","modified_gmt":"2022-12-19T13:42:09","slug":"politica-de-privacy","status":"publish","type":"page","link":"https:\/\/pglorieta.com\/en\/politica-de-privacy\/","title":{"rendered":"Pol\u00edtica de Privacy"},"content":{"rendered":"<p>[et_pb_section fb_built=&#8221;1&#8243; fullwidth=&#8221;on&#8221; disabled_on=&#8221;on|off|off&#8221; _builder_version=&#8221;4.16&#8243; background_enable_image=&#8221;off&#8221; custom_padding=&#8221;|||&#8221; global_colors_info=&#8221;{}&#8221;][et_pb_fullwidth_header text_orientation=&#8221;center&#8221; module_class=&#8221;dct-header-title&#8221; _builder_version=&#8221;4.16&#8243; title_font=&#8221;|700|||||||&#8221; title_text_color=&#8221;gcid-0a4b8514-58d9-4d28-81c8-4795182d86df&#8221; content_font=&#8221;||||||||&#8221; background_enable_color=&#8221;off&#8221; background_image=&#8221;https:\/\/pglorieta.com\/wp-content\/uploads\/2022\/03\/Datenschutz-Hausarzt-Denia.jpg&#8221; background_blend=&#8221;overlay&#8221; background_layout=&#8221;light&#8221; custom_padding=&#8221;125px||||false|false&#8221; custom_padding_tablet=&#8221;&#8221; custom_padding_phone=&#8221;50px|||&#8221; custom_padding_last_edited=&#8221;on|phone&#8221; title_font_size_tablet=&#8221;&#8221; title_font_size_phone=&#8221;28px&#8221; title_font_size_last_edited=&#8221;on|desktop&#8221; global_colors_info=&#8221;{%22gcid-0a4b8514-58d9-4d28-81c8-4795182d86df%22:%91%22title_text_color%22%93}&#8221; button_one_text_size__hover_enabled=&#8221;off&#8221; button_two_text_size__hover_enabled=&#8221;off&#8221; button_one_text_color__hover_enabled=&#8221;off&#8221; button_two_text_color__hover_enabled=&#8221;off&#8221; button_one_border_width__hover_enabled=&#8221;off&#8221; button_two_border_width__hover_enabled=&#8221;off&#8221; button_one_border_color__hover_enabled=&#8221;off&#8221; button_two_border_color__hover_enabled=&#8221;off&#8221; button_one_border_radius__hover_enabled=&#8221;off&#8221; button_two_border_radius__hover_enabled=&#8221;off&#8221; button_one_letter_spacing__hover_enabled=&#8221;off&#8221; button_two_letter_spacing__hover_enabled=&#8221;off&#8221; button_one_bg_color__hover_enabled=&#8221;off&#8221; button_two_bg_color__hover_enabled=&#8221;off&#8221;]<\/p>\n<h1 style=\"text-align: center;\"><\/h1>\n<h1 style=\"text-align: center;\"><\/h1>\n<h1 style=\"text-align: center;\"><\/h1>\n<h1><\/h1>\n<p>[\/et_pb_fullwidth_header][\/et_pb_section][et_pb_section fb_built=&#8221;1&#8243; fullwidth=&#8221;on&#8221; _builder_version=&#8221;4.16&#8243; _module_preset=&#8221;default&#8221; global_colors_info=&#8221;{}&#8221;][et_pb_fullwidth_header title=&#8221;POLITICA DE PRIVACIDAD&#8221; disabled_on=&#8221;off|on|on&#8221; _builder_version=&#8221;4.16&#8243; _module_preset=&#8221;default&#8221; title_text_align=&#8221;center&#8221; global_colors_info=&#8221;{}&#8221;][\/et_pb_fullwidth_header][\/et_pb_section][et_pb_section fb_built=&#8221;1&#8243; _builder_version=&#8221;4.16&#8243; _module_preset=&#8221;default&#8221; global_colors_info=&#8221;{}&#8221;][et_pb_row column_structure=&#8221;3_4,1_4&#8243; _builder_version=&#8221;4.16&#8243; _module_preset=&#8221;default&#8221; min_height=&#8221;51.7px&#8221; global_colors_info=&#8221;{}&#8221;][et_pb_column type=&#8221;3_4&#8243; _builder_version=&#8221;4.16&#8243; _module_preset=&#8221;default&#8221; global_colors_info=&#8221;{}&#8221;][\/et_pb_column][et_pb_column type=&#8221;1_4&#8243; _builder_version=&#8221;4.16&#8243; _module_preset=&#8221;default&#8221; global_colors_info=&#8221;{}&#8221;][et_pb_text _builder_version=&#8221;4.16&#8243; _module_preset=&#8221;default&#8221; text_font_size=&#8221;10px&#8221; global_colors_info=&#8221;{}&#8221;]<\/p>\n<p style=\"text-align: right;\">Photo: guitafotostudio-AdobeStock<\/p>\n<p>[\/et_pb_text][\/et_pb_column][\/et_pb_row][\/et_pb_section][et_pb_section fb_built=&#8221;1&#8243; _builder_version=&#8221;4.16&#8243; _module_preset=&#8221;default&#8221; global_colors_info=&#8221;{}&#8221;][et_pb_row _builder_version=&#8221;4.16&#8243; _module_preset=&#8221;default&#8221; global_colors_info=&#8221;{}&#8221;][et_pb_column type=&#8221;4_4&#8243; _builder_version=&#8221;4.16&#8243; _module_preset=&#8221;default&#8221; global_colors_info=&#8221;{}&#8221;][et_pb_text _builder_version=&#8221;4.19.0&#8243; _module_preset=&#8221;default&#8221; hover_enabled=&#8221;0&#8243; global_colors_info=&#8221;{}&#8221; sticky_enabled=&#8221;0&#8243;]<\/p>\n<h1>POLITICA DE PRIVACIDAD<\/h1>\n<p>&nbsp;<\/p>\n<p>La presente politica de privacidad es conforme al Reglamento (UE) 2016\/679 del Parlamento Europeo y del Consejo, de 27 de April de 2016, relative to the protection of las personas f\u00edsicas en lo que respecta al tratamiento de datos personales ya la libre circulaci\u00f3n de estos datos (RGPD), a Ley Org\u00e1nica 3\/2018, de 5 de diciembre, de Protecci\u00f3n de Datos Personales y garant\u00eda de los derechosdigitales (LOPDGDD), as\u00ed como en lo que no resulte contrario a la normativa indicada, a la Ley Org\u00e1nica 15\/1999, de Protecci\u00f3n de Datos de Car\u00e1cter Personal (LOPD) y su normativa de desarrollo, y\/o aquellas que las pudieran sustituir o actualizar en el future.<\/p>\n<p>Nuestra organizaci\u00f3n est\u00e1 comprometida con la privacidad de sus datos personales. Los datos personales facilitados son necesarios para prestar nuestros servicios y son tratados de manera l\u00edcita, leal y transparente, garantizando una seguridad adecuada de los mismos, incluida la protection contra el tratamiento no autorizado o il\u00edcito y contra su p\u00e9rdida, destrucci\u00f3n o da\u00f1o accidental mediante la application of medical devices and organizativas.<\/p>\n<p>A trav\u00e9s del presente documento queremos ofrecerle de forma transparente y leal toda la information necesaria relative al tratamiento de sus datos personales que realiza esta organizaci\u00f3n.<\/p>\n<p>&nbsp;<\/p>\n<p><strong>I.- RESPONSABLE DEL TRATAMIENTO.<\/strong><\/p>\n<p><strong>IDENTIDAD: POLICLINICA GLORIETA S.L<\/strong><\/p>\n<p><strong>C.I.F. \/ N.I.F.: B53800421<\/strong><\/p>\n<p><strong>DOMICILIO: PTA MADRIGUERES SUD 9, 03700 DENIA (ALICANTE)<\/strong><\/p>\n<p><strong>TEL\u00c9FONO: 965278800<\/strong><\/p>\n<p><strong>E-MAIL: denia@pglorieta.com<\/strong><\/p>\n<p><strong>DELEGADO PROTECCI\u00d3N DATOS: dpo@procoden.es<\/strong><\/p>\n<p>&nbsp;<\/p>\n<p>I.- DESTINATARIOS DE LOS DATOS PERSONALES<br \/>1.- Los datos personales facilitados no ser\u00e1n objeto de cesi\u00f3n alguna salvo que as\u00ed se disponga en los<br \/>tratamientos espec\u00edficos.<br \/>2.- Opcionalmente, para la contrataci\u00f3n de servicios de computaci\u00f3n en la nube y\/o servicios para el env\u00edo<br \/>de e-mails, de comunicaci\u00f3n, as\u00ed como otros servicios inform\u00e1ticos relacionados, los datos personales<br \/>podr\u00e1n ser:<br \/>&#8211; Cedidos a empresas de servicios inform\u00e1ticos ubicadas dentro del Espacio Econ\u00f3mico Europeo (EEE) o,<br \/>&#8211; Transferidos a empresas de servicios inform\u00e1ticos ubicadas fuera del EEE acogidos al escudo de<br \/>protecci\u00f3n Privacy Shield por lo que cuentan con medidas de protecci\u00f3n adecuadas para garantizar la<br \/>seguridad de los datos personales. Puede obtener m\u00e1s informaci\u00f3n visitando este enlace:<br \/>https:\/\/www.privacyshield.gov\/welcome<br \/>3.- Opcionalmente, a administraciones y dem\u00e1s organismos cuando sean requeridos en cumplimiento de<br \/>obligaciones legales.<\/p>\n<p>III.- BASE LEGAL QUE LEGITIMA EL TRATAMIENTO DE LOS DATOS PERSONALES<br \/>En cada tratamiento espec\u00edfico de datos personales le informaremos de la base legal que lo legitima.<\/p>\n<p>IV.- DERECHOS<br \/>DERECHO DE ACCESO<br \/>Es el derecho a obtener del responsable del tratamiento confirmaci\u00f3n de si est\u00e1n tratando o no datos<br \/>personales que conciernen al interesado y, en tal caso, derecho de acceso a los datos personales y a la<br \/>siguiente informaci\u00f3n: los fines del tratamiento, las categor\u00edas de datos personales de que se trate, los<br \/>destinatarios o las categor\u00edas de destinatarios a los que se comunicaron o ser\u00e1n comunicados los datos<br \/>personales, plazo de conservaci\u00f3n o los criterios utilizados para determinar este plazo, la existencia del<br \/>derecho a solicitar del responsable la rectificaci\u00f3n o supresi\u00f3n de datos personales o la limitaci\u00f3n del<br \/>tratamiento de datos personales relativos al interesado o a oponerse a dicho tratamiento, derecho a<br \/>presentar una reclamaci\u00f3n ante la Agencia Espa\u00f1ola de Protecci\u00f3n de Datos (AEPD), la existencia, en su<br \/>caso, de decisiones automatizadas, incluida la elaboraci\u00f3n de perfiles, cuando se transfieran datos a<br \/>terceros pa\u00edses el derecho a ser informado de las garant\u00edas adecuadas aplicadas.<\/p>\n<p>DERECHO DE RECTIFICACI\u00d3N<br \/>Es el derecho a solicitar la rectificaci\u00f3n de sus datos personales si son inexactos, incluyendo el derecho a<br \/>completar datos que figuren incompletos. Hay que tener en cuenta que al facilitarnos los datos personales<br \/>por cualquier v\u00eda, garantiza que son ciertos y exactos y se compromete a notificarnos cualquier cambio o<br \/>modificaci\u00f3n de los mismos. Por lo tanto cualquier da\u00f1o causado por motivo de una comunicaci\u00f3n de<br \/>informaci\u00f3n err\u00f3nea, inexacta o incompleta en los formularios de la web, ser\u00e1 responsabilidad exclusiva del<br \/>interesado.<\/p>\n<p>DERECHO DE SUPPRESSION<br \/>Es el derecho a solicitar la supresi\u00f3n de sus datos personales cuando, entre otros supuestos, ya no son<br \/>necesarios para la finalidad por la cual fueron recabados, o est\u00e1n siendo tratados de otro modo o retire el<br \/>consentimiento. Hay que tener en cuenta que no proceder\u00e1 la supresi\u00f3n cuando el tratamiento de los datos<br \/>personales sea necesario, entre otros supuestos, para el cumplimiento de obligaciones legales o para la<br \/>formulaci\u00f3n, el ejercicio o la defensa de reclamaciones.<\/p>\n<p>DERECHO A LA LIMITATION<br \/>Es el derecho a solicitar la limitaci\u00f3n del tratamiento de sus datos personales, lo que supone que en<br \/>determinados casos pueda solicitarnos que suspendamos temporalmente los tratamientos de sus datos<br \/>personales o que los conservemos m\u00e1s all\u00e1 del tiempo necesario cuando pueda necesitarlo.<\/p>\n<p>DERECHO A RETIRAR EL CONSENTIMIENTO<br \/>Es el derecho a retirar el consentimiento que ha proporcionado al marcar &#8220;He le\u00eddo y acepto la pol\u00edtica de<br \/>privacidad&#8221; en cualquier momento y seg\u00fan se especifica en el apartado correspondiente &#8220;Ejercicio de<br \/>derechos&#8221; o en el tratamiento espec\u00edfico de comunicaciones comerciales o Newsletter. Hay que tener en<br \/>cuenta que este derecho no surtir\u00e1 efectos si, entre otros casos, el tratamiento de los datos personales es<br \/>necesario para el cumplimiento de una obligaci\u00f3n legal, la ejecuci\u00f3n y el mantenimiento de una relaci\u00f3n<br \/>contractual, o para la formulaci\u00f3n, ejercicio o la defensa de reclamaciones. Asimismo la retirada del<br \/>consentimiento no tendr\u00e1 efectos retroactivos, es decir, no afectar\u00e1 a la licitud del tratamiento basado en<br \/>el consentimiento previo a su retirada.<\/p>\n<p>DERECHO A LA PORTABILIDAD<br \/>Es el derecho a recibir los datos personales que le incumban y que nos haya facilitado, en un formato<br \/>estructurado, de uso com\u00fan y lectura mec\u00e1nica, y a trasmitirlos a otro responsable, siempre y cuando: el<br \/>tratamiento se base en su consentimiento y se efect\u00fae por medios automatizados o inform\u00e1ticos.<\/p>\n<p>DERECHO DE OPOSICI\u00d3N<br \/>It derecho a oponerse al tratamiento de sus datos personales en base al inter\u00e9s leg\u00edtimo nuestro. No<br \/>seguiremos tratando sus datos personales a menos que podamos acreditar motivos leg\u00edtimos imperiosos<br \/>para el tratamiento que prevalezcan sobre sus intereses, derechos y libertades, o bien para la formulaci\u00f3n,<br \/>el ejercicio o la defensa de reclamaciones.<\/p>\n<p>DERECHO A PRESENTAR UNA RECLAMACI\u00d3N ANTE UNA AUTORIDAD DE CONTROL<br \/>Si considera que tratamos sus datos personales de un modo incorrecto, puede contactar con nosotros o<br \/>tambi\u00e9n tiene derecho a presentar una reclamation ante la Agencia Espa\u00f1ola de Protecci\u00f3n de Datos<br \/>(AEPD):<br \/><a href=\"https:\/\/www.agpd.es\/portalwebAGPD\/index-ides-idphp.php\">https:\/\/www.agpd.es\/portalwebAGPD\/index-ides-idphp.php<\/a><\/p>\n<p>EJERCICIO DE DERECHOS<br \/>Puede ejercer los derechos que le asisten a trav\u00e9s de carta a la direcci\u00f3n postal arriba indicada o a trav\u00e9s<br \/>del e-mail denia@pglorieta.com, adjuntando en ambos casos copia de su NIF\/NIE\/Pasaporte o documento<br \/>an\u00e1logo.<\/p>\n<p>V.- TRATAMIENTOS DE DATOS PERSONALES.<br \/>DISPOSICIONES GEN\u00c9RICAS<br \/>Los datos personales solicitados en cada uno de los tratamientos espec\u00edficos son adecuados, pertinentes y<br \/>limitados a lo necesario en relaci\u00f3n con los fines para los que son tratados por lo que se cumple con el<br \/>principio de minimizaci\u00f3n de datos.<br \/>Los datos personales solicitados en cada uno de los tratamientos espec\u00edficos son los estrictamente<br \/>necesarios, la negativa a facilitarlos implicar\u00eda no poder prestar el servicio solicitado.<br \/>Las comunicaciones de los datos personales previstas en cada uno de los tratamientos espec\u00edficos en<br \/>algunos casos son necesarias para la ejecuci\u00f3n y el mantenimiento de un contrato y en otros casos para el<br \/>cumplimiento de una obligaci\u00f3n legal aplicable al responsable del tratamiento.<\/p>\n<p>CONTACT FORM<br \/>Los datos personales ser\u00e1n tratados para canalizar las solicitudes de informaci\u00f3n, sugerencias y<br \/>reclamaciones de usuarios o clientes.<br \/>The base legal que legitima el tratamiento de los datos personales es el consentimiento expreso al marcar<br \/>\u201cHe leido y accepto la politica de privacidad\u201d.<br \/>Los data personales se conservar\u00e1n por a period de dos a\u00f1os desde el momento en que dejen de<br \/>tratarse, sin perjuicio del ejercicio de los derechos que le asisten como interesado<\/p>\n<p>[\/et_pb_text][\/et_pb_column][\/et_pb_row][\/et_pb_section][et_pb_section fb_built=&#8221;1&#8243; _builder_version=&#8221;4.16&#8243; _module_preset=&#8221;default&#8221; global_colors_info=&#8221;{}&#8221;][et_pb_row _builder_version=&#8221;4.16&#8243; _module_preset=&#8221;default&#8221; global_colors_info=&#8221;{}&#8221;][et_pb_column type=&#8221;4_4&#8243; _builder_version=&#8221;4.16&#8243; _module_preset=&#8221;default&#8221; global_colors_info=&#8221;{}&#8221;][et_pb_text disabled_on=&#8221;on|off|off&#8221; _builder_version=&#8221;4.16&#8243; _module_preset=&#8221;default&#8221; text_font_size=&#8221;10px&#8221; custom_margin=&#8221;-25px||||false|false&#8221; global_colors_info=&#8221;{}&#8221;]<\/p>\n<p style=\"text-align: right;\">Photo: Sasa Kadrijevic &#8211; Adobe Stock<\/p>\n<p>[\/et_pb_text][\/et_pb_column][\/et_pb_row][\/et_pb_section]<\/p>\n","protected":false},"excerpt":{"rendered":"<p>Photo: guitafotostudio-AdobeStockPOLITICA DE PRIVACIDAD &nbsp; La presente politica de privacidad es conforme al Reglamento (UE) 2016\/679 del Parlamento Europeo y del Consejo, de 27 de April de 2016, relative to the protection of las personas f\u00edsicas en lo que respecta al tratamiento de datos personales ya la libre circulaci\u00f3n de estos datos (RGPD), a Ley [&hellip;]<\/p>\n","protected":false},"author":3,"featured_media":0,"parent":0,"menu_order":22,"comment_status":"closed","ping_status":"closed","template":"","meta":{"_et_pb_use_builder":"on","_et_pb_old_content":"","_et_gb_content_width":"","_glsr_average":0,"_glsr_ranking":0,"_glsr_reviews":0,"footnotes":""},"class_list":["post-369553","page","type-page","status-publish","hentry"],"_links":{"self":[{"href":"https:\/\/pglorieta.com\/en\/wp-json\/wp\/v2\/pages\/369553","targetHints":{"allow":["GET"]}}],"collection":[{"href":"https:\/\/pglorieta.com\/en\/wp-json\/wp\/v2\/pages"}],"about":[{"href":"https:\/\/pglorieta.com\/en\/wp-json\/wp\/v2\/types\/page"}],"author":[{"embeddable":true,"href":"https:\/\/pglorieta.com\/en\/wp-json\/wp\/v2\/users\/3"}],"replies":[{"embeddable":true,"href":"https:\/\/pglorieta.com\/en\/wp-json\/wp\/v2\/comments?post=369553"}],"version-history":[{"count":10,"href":"https:\/\/pglorieta.com\/en\/wp-json\/wp\/v2\/pages\/369553\/revisions"}],"predecessor-version":[{"id":375199,"href":"https:\/\/pglorieta.com\/en\/wp-json\/wp\/v2\/pages\/369553\/revisions\/375199"}],"wp:attachment":[{"href":"https:\/\/pglorieta.com\/en\/wp-json\/wp\/v2\/media?parent=369553"}],"curies":[{"name":"wp","href":"https:\/\/api.w.org\/{rel}","templated":true}]}}